{"id":231,"date":"2022-05-26T11:34:45","date_gmt":"2022-05-26T09:34:45","guid":{"rendered":"https:\/\/shakedown.kondrats.dev\/?page_id=231"},"modified":"2022-06-01T12:40:53","modified_gmt":"2022-06-01T10:40:53","slug":"mentors-producers","status":"publish","type":"page","link":"https:\/\/the-shake-down.com\/en\/about\/mentors-producers\/","title":{"rendered":"Mentors\/ Producers"},"content":{"rendered":"","protected":false},"excerpt":{"rendered":"","protected":false},"author":1,"featured_media":0,"parent":227,"menu_order":0,"comment_status":"closed","ping_status":"closed","template":"about_child.php","meta":{"inline_featured_image":false,"footnotes":""},"class_list":["post-231","page","type-page","status-publish","hentry"],"acf":{"people":[{"name":"Sodja Zupanc-Lotker","image":{"ID":248,"id":248,"title":"Sodja_Zupanc_Lotker","filename":"Sodja_Zupanc_Lotker.jpg","filesize":86040,"url":"https:\/\/the-shake-down.com\/wp-content\/uploads\/2022\/05\/Sodja_Zupanc_Lotker.jpg","link":"https:\/\/the-shake-down.com\/en\/about\/mentors-producers\/sodja_zupanc_lotker\/","alt":"","author":"1","description":"","caption":"","name":"sodja_zupanc_lotker","status":"inherit","uploaded_to":231,"date":"2022-05-26 10:11:24","modified":"2022-05-26 10:11:24","menu_order":0,"mime_type":"image\/jpeg","type":"image","subtype":"jpeg","icon":"https:\/\/the-shake-down.com\/wp-includes\/images\/media\/default.png","width":663,"height":440,"sizes":{"thumbnail":"https:\/\/the-shake-down.com\/wp-content\/uploads\/2022\/05\/Sodja_Zupanc_Lotker-150x150.jpg","thumbnail-width":150,"thumbnail-height":150,"medium":"https:\/\/the-shake-down.com\/wp-content\/uploads\/2022\/05\/Sodja_Zupanc_Lotker-300x199.jpg","medium-width":300,"medium-height":199,"medium_large":"https:\/\/the-shake-down.com\/wp-content\/uploads\/2022\/05\/Sodja_Zupanc_Lotker.jpg","medium_large-width":663,"medium_large-height":440,"large":"https:\/\/the-shake-down.com\/wp-content\/uploads\/2022\/05\/Sodja_Zupanc_Lotker.jpg","large-width":663,"large-height":440,"1536x1536":"https:\/\/the-shake-down.com\/wp-content\/uploads\/2022\/05\/Sodja_Zupanc_Lotker.jpg","1536x1536-width":663,"1536x1536-height":440,"2048x2048":"https:\/\/the-shake-down.com\/wp-content\/uploads\/2022\/05\/Sodja_Zupanc_Lotker.jpg","2048x2048-width":663,"2048x2048-height":440}},"description":"<p><b>Sodja Zupanc-Lotker<\/b><span style=\"font-weight: 400;\">, Ph.D, teaches dramaturgy and runs master studies at DAMU Department of Alternative And Puppet theatre in Prague. After finishing her master studies in directing and dramaturgy at DAMU, Prague she did her PhD in spatial dramaturgy at Vienna University, ZHdK University of the Arts Zurich and Prague Performing Arts academy. She works as a dramaturg for independent theatre, dance and exhibition projects. She was artistic director of the Prague Quadrennial of Performance Design and Space 2008 \u2013 2015. She has also served as coordinating curator for several international artistic research projects. She has given lectures and workshops at Columbia University, Yale School of Drama, Royal Central School of Speech and Drama, Iceland Academy of the Arts, Norwegian Theatre Academy, HKU Utrecht, Kiasma Helsinki and numerous festivals and symposia. From 2014 she is on Editorial Board of Theatre and Performance Design Journal; and on Editorial Board of Performance Research Journal, both published by Routledge. <\/span><\/p>\n"},{"name":"Marta Keil","image":{"ID":247,"id":247,"title":"Marta_Keil_photo_Danuta_Keil","filename":"Marta_Keil_photo_Danuta_Keil.jpg","filesize":2294140,"url":"https:\/\/the-shake-down.com\/wp-content\/uploads\/2022\/05\/Marta_Keil_photo_Danuta_Keil.jpg","link":"https:\/\/the-shake-down.com\/en\/about\/mentors-producers\/marta_keil_photo_danuta_keil\/","alt":"","author":"1","description":"","caption":"","name":"marta_keil_photo_danuta_keil","status":"inherit","uploaded_to":231,"date":"2022-05-26 10:11:22","modified":"2022-05-26 10:11:22","menu_order":0,"mime_type":"image\/jpeg","type":"image","subtype":"jpeg","icon":"https:\/\/the-shake-down.com\/wp-includes\/images\/media\/default.png","width":3326,"height":4435,"sizes":{"thumbnail":"https:\/\/the-shake-down.com\/wp-content\/uploads\/2022\/05\/Marta_Keil_photo_Danuta_Keil-150x150.jpg","thumbnail-width":150,"thumbnail-height":150,"medium":"https:\/\/the-shake-down.com\/wp-content\/uploads\/2022\/05\/Marta_Keil_photo_Danuta_Keil-225x300.jpg","medium-width":225,"medium-height":300,"medium_large":"https:\/\/the-shake-down.com\/wp-content\/uploads\/2022\/05\/Marta_Keil_photo_Danuta_Keil.jpg","medium_large-width":768,"medium_large-height":1024,"large":"https:\/\/the-shake-down.com\/wp-content\/uploads\/2022\/05\/Marta_Keil_photo_Danuta_Keil-768x1024.jpg","large-width":768,"large-height":1024,"1536x1536":"https:\/\/the-shake-down.com\/wp-content\/uploads\/2022\/05\/Marta_Keil_photo_Danuta_Keil.jpg","1536x1536-width":1152,"1536x1536-height":1536,"2048x2048":"https:\/\/the-shake-down.com\/wp-content\/uploads\/2022\/05\/Marta_Keil_photo_Danuta_Keil.jpg","2048x2048-width":1536,"2048x2048-height":2048}},"description":"<p><b>Marta Keil<\/b><span style=\"font-weight: 400;\"> is performing arts curator, dramaturge and researcher, holds PhD in Culture Studies. She lives and works between Warsaw and Utrecht. Her curatorial and research practice searches possible alternative processes of instituting and on redefining modes of working transnationally. At the moment she curates transnational artistic research project Breaking the Spell, focused on feminist artistic practices of being-with and co-curates the NorthEastSouthWest project. Recently, she curated &#8220;Forecast. A School of Thinking-With&#8221; for Dublin Theatre Festival (2021) and co-authored, together with Katie Kheriji-Watts and Marie Le Sourd (On the Move) a study #MeToo in the Arts: From call-outs to structural change (2021). Between 2019 and 2021 she cooperated as facilitator with the RESHAPE project. Together with Grzegorz Reske she curated Konfrontacje Teatralne festival in Lublin (2013-2017), the Common Ground season at Komuna Warszawa (2020, with Tim Etchells) and made the performance \u201cSunny Sunday\u201d with Lina Majdalanie and Rabih Mrou\u00e9 (2020). She edited several books, including: Choreography: strategies (together with Joanna Le\u015bnierowska, 2021) and Reclaiming the Obvious: On the Institution of the Festival (2017). Marta is member of Performing Arts Institute (InSzPer) collective in Warsaw.<\/span><\/p>\n"},{"name":"Santa Remere","image":{"ID":278,"id":278,"title":"Santa_Remere","filename":"Santa_Remere.jpg","filesize":208145,"url":"https:\/\/the-shake-down.com\/wp-content\/uploads\/2022\/05\/Santa_Remere.jpg","link":"https:\/\/the-shake-down.com\/en\/about\/mentors-producers\/santa_remere\/","alt":"","author":"2","description":"","caption":"","name":"santa_remere","status":"inherit","uploaded_to":231,"date":"2022-05-30 11:52:10","modified":"2022-05-30 11:52:10","menu_order":0,"mime_type":"image\/jpeg","type":"image","subtype":"jpeg","icon":"https:\/\/the-shake-down.com\/wp-includes\/images\/media\/default.png","width":2048,"height":1536,"sizes":{"thumbnail":"https:\/\/the-shake-down.com\/wp-content\/uploads\/2022\/05\/Santa_Remere-150x150.jpg","thumbnail-width":150,"thumbnail-height":150,"medium":"https:\/\/the-shake-down.com\/wp-content\/uploads\/2022\/05\/Santa_Remere-300x225.jpg","medium-width":300,"medium-height":225,"medium_large":"https:\/\/the-shake-down.com\/wp-content\/uploads\/2022\/05\/Santa_Remere.jpg","medium_large-width":768,"medium_large-height":576,"large":"https:\/\/the-shake-down.com\/wp-content\/uploads\/2022\/05\/Santa_Remere-1024x768.jpg","large-width":1024,"large-height":768,"1536x1536":"https:\/\/the-shake-down.com\/wp-content\/uploads\/2022\/05\/Santa_Remere.jpg","1536x1536-width":1536,"1536x1536-height":1152,"2048x2048":"https:\/\/the-shake-down.com\/wp-content\/uploads\/2022\/05\/Santa_Remere.jpg","2048x2048-width":2048,"2048x2048-height":1536}},"description":"<p><span style=\"font-weight: 400;\">Producer <\/span><b>Santa Remere <\/b><span style=\"font-weight: 400;\">is also a translator and cultural journalist who since 2015 has been regularly participating in the projects of the International Festival of Contemporary Theatre &#8220;Homo Novus&#8221;. Santa has collaborated with the festival as a creative producer, directors&#8217; assistant in international cooperations and coordinator of the youth program, working with such artists as Mette Edvardsen, the Japanese theatre unit Port B , Madeleine Flynn and Tim Humphrey a.o.<\/span><\/p>\n"},{"name":"Alexander Roberts","image":{"ID":245,"id":245,"title":"Alexander Roberts_Credit Leiv Aspe\u0301n","filename":"Alexander-Roberts_Credit-Leiv-Aspe\u0301n.png","filesize":945139,"url":"https:\/\/the-shake-down.com\/wp-content\/uploads\/2022\/05\/Alexander-Roberts_Credit-Leiv-Aspe\u0301n.png","link":"https:\/\/the-shake-down.com\/en\/about\/mentors-producers\/alexander-roberts_credit-leiv-aspen\/","alt":"","author":"1","description":"","caption":"","name":"alexander-roberts_credit-leiv-aspen","status":"inherit","uploaded_to":231,"date":"2022-05-26 10:11:20","modified":"2022-05-26 10:11:20","menu_order":0,"mime_type":"image\/png","type":"image","subtype":"png","icon":"https:\/\/the-shake-down.com\/wp-includes\/images\/media\/default.png","width":768,"height":1024,"sizes":{"thumbnail":"https:\/\/the-shake-down.com\/wp-content\/uploads\/2022\/05\/Alexander-Roberts_Credit-Leiv-Aspe\u0301n-150x150.png","thumbnail-width":150,"thumbnail-height":150,"medium":"https:\/\/the-shake-down.com\/wp-content\/uploads\/2022\/05\/Alexander-Roberts_Credit-Leiv-Aspe\u0301n-225x300.png","medium-width":225,"medium-height":300,"medium_large":"https:\/\/the-shake-down.com\/wp-content\/uploads\/2022\/05\/Alexander-Roberts_Credit-Leiv-Aspe\u0301n.png","medium_large-width":768,"medium_large-height":1024,"large":"https:\/\/the-shake-down.com\/wp-content\/uploads\/2022\/05\/Alexander-Roberts_Credit-Leiv-Aspe\u0301n.png","large-width":768,"large-height":1024,"1536x1536":"https:\/\/the-shake-down.com\/wp-content\/uploads\/2022\/05\/Alexander-Roberts_Credit-Leiv-Aspe\u0301n.png","1536x1536-width":768,"1536x1536-height":1024,"2048x2048":"https:\/\/the-shake-down.com\/wp-content\/uploads\/2022\/05\/Alexander-Roberts_Credit-Leiv-Aspe\u0301n.png","2048x2048-width":768,"2048x2048-height":1024}},"description":"<p><span style=\"font-weight: 400;\">My name is <\/span><b>Alexander Roberts<\/b><span style=\"font-weight: 400;\"> (born 1986). I work at Rosendal Theatre as the Artistic and Managing Director. I am a curator and an artist \u2013 with a big focus on collaborations with those that are often lesser heard. I make performances, festivals, forums, parties, and other kinds of events. I love swimming in cold water, hot tubs and saunas, partying, and going to the cinema alone. <\/span><\/p>\n"},{"name":"Tonje Wik Olaussen","image":{"ID":246,"id":246,"title":"Tonje Wik Olaussen_photo cred_ole_ekker_buckethaus","filename":"Tonje-Wik-Olaussen_photo-cred_ole_ekker_buckethaus.jpg","filesize":182637,"url":"https:\/\/the-shake-down.com\/wp-content\/uploads\/2022\/05\/Tonje-Wik-Olaussen_photo-cred_ole_ekker_buckethaus.jpg","link":"https:\/\/the-shake-down.com\/en\/about\/mentors-producers\/tonje-wik-olaussen_photo-cred_ole_ekker_buckethaus\/","alt":"","author":"1","description":"","caption":"","name":"tonje-wik-olaussen_photo-cred_ole_ekker_buckethaus","status":"inherit","uploaded_to":231,"date":"2022-05-26 10:11:20","modified":"2022-05-26 10:11:20","menu_order":0,"mime_type":"image\/jpeg","type":"image","subtype":"jpeg","icon":"https:\/\/the-shake-down.com\/wp-includes\/images\/media\/default.png","width":960,"height":1280,"sizes":{"thumbnail":"https:\/\/the-shake-down.com\/wp-content\/uploads\/2022\/05\/Tonje-Wik-Olaussen_photo-cred_ole_ekker_buckethaus-150x150.jpg","thumbnail-width":150,"thumbnail-height":150,"medium":"https:\/\/the-shake-down.com\/wp-content\/uploads\/2022\/05\/Tonje-Wik-Olaussen_photo-cred_ole_ekker_buckethaus-225x300.jpg","medium-width":225,"medium-height":300,"medium_large":"https:\/\/the-shake-down.com\/wp-content\/uploads\/2022\/05\/Tonje-Wik-Olaussen_photo-cred_ole_ekker_buckethaus.jpg","medium_large-width":768,"medium_large-height":1024,"large":"https:\/\/the-shake-down.com\/wp-content\/uploads\/2022\/05\/Tonje-Wik-Olaussen_photo-cred_ole_ekker_buckethaus-768x1024.jpg","large-width":768,"large-height":1024,"1536x1536":"https:\/\/the-shake-down.com\/wp-content\/uploads\/2022\/05\/Tonje-Wik-Olaussen_photo-cred_ole_ekker_buckethaus.jpg","1536x1536-width":960,"1536x1536-height":1280,"2048x2048":"https:\/\/the-shake-down.com\/wp-content\/uploads\/2022\/05\/Tonje-Wik-Olaussen_photo-cred_ole_ekker_buckethaus.jpg","2048x2048-width":960,"2048x2048-height":1280}},"description":"<p><span style=\"font-weight: 400;\">My name is <\/span><b>Tonje Wik Olaussen<\/b><span style=\"font-weight: 400;\"> (born 1988). I am a producer and director from Trondheim, Norway. I work for Rosendal Teater and have done so since 2017. I used to live in London for many years and it\u2019s a city I often come back to and think of as a second home. I like long walks, reading books, seeing films and performances, working with clay, and doing yoga. <\/span><\/p>\n"},{"name":"Bek Berger","image":{"ID":280,"id":280,"title":"Bek_Berger_PhC_Jordan_Prosser","filename":"Bek_Berger_PhC_Jordan_Prosser.jpg","filesize":51015,"url":"https:\/\/the-shake-down.com\/wp-content\/uploads\/2022\/05\/Bek_Berger_PhC_Jordan_Prosser.jpg","link":"https:\/\/the-shake-down.com\/en\/about\/mentors-producers\/bek_berger_phc_jordan_prosser\/","alt":"","author":"2","description":"","caption":"","name":"bek_berger_phc_jordan_prosser","status":"inherit","uploaded_to":231,"date":"2022-05-30 11:57:07","modified":"2022-05-30 11:57:07","menu_order":0,"mime_type":"image\/jpeg","type":"image","subtype":"jpeg","icon":"https:\/\/the-shake-down.com\/wp-includes\/images\/media\/default.png","width":756,"height":756,"sizes":{"thumbnail":"https:\/\/the-shake-down.com\/wp-content\/uploads\/2022\/05\/Bek_Berger_PhC_Jordan_Prosser-150x150.jpg","thumbnail-width":150,"thumbnail-height":150,"medium":"https:\/\/the-shake-down.com\/wp-content\/uploads\/2022\/05\/Bek_Berger_PhC_Jordan_Prosser-300x300.jpg","medium-width":300,"medium-height":300,"medium_large":"https:\/\/the-shake-down.com\/wp-content\/uploads\/2022\/05\/Bek_Berger_PhC_Jordan_Prosser.jpg","medium_large-width":756,"medium_large-height":756,"large":"https:\/\/the-shake-down.com\/wp-content\/uploads\/2022\/05\/Bek_Berger_PhC_Jordan_Prosser.jpg","large-width":756,"large-height":756,"1536x1536":"https:\/\/the-shake-down.com\/wp-content\/uploads\/2022\/05\/Bek_Berger_PhC_Jordan_Prosser.jpg","1536x1536-width":756,"1536x1536-height":756,"2048x2048":"https:\/\/the-shake-down.com\/wp-content\/uploads\/2022\/05\/Bek_Berger_PhC_Jordan_Prosser.jpg","2048x2048-width":756,"2048x2048-height":756}},"description":"<p><strong>Bek Berger<\/strong> is the Artistic Director of the New Theatre Institute of Latvia (NTIL) and curator of the International Festival of Contemporary Performance, Homo Novus. Originally from Melbourne, Australia she has worked in festivals across the globe such as American Realness (NYC), Dance Massive (AU), Darwin Festival (AU), Fierce Festival (UK) and Forest Fringe (UK). As a curator she has (co)\/initiated projects such as Critical Futures, Convergence, La Discorso and Possible Futures Forum. NTIL is a project based organisation working in the field of contemporary performing arts. Since 1995 NTIL has been organizing the International Festival of Contemporary Theatre Homo Novus, which is the largest performing arts platform in Latvia. NTIL also produces projects and long term collaboration programmes together with local and international partners, strongly believing in the necessity to explore the contemporary performing arts field together with artists and audiences.<\/p>\n"},{"name":"Asgerdur Gunnarsdottir","image":{"ID":269,"id":269,"title":"Asgerdur_Gunnarsdottir","filename":"Asgerdur_Gunnarsdottir.jpg","filesize":299819,"url":"https:\/\/the-shake-down.com\/wp-content\/uploads\/2022\/05\/Asgerdur_Gunnarsdottir.jpg","link":"https:\/\/the-shake-down.com\/en\/about\/youth\/asgerdur_gunnarsdottir\/","alt":"","author":"1","description":"","caption":"","name":"asgerdur_gunnarsdottir","status":"inherit","uploaded_to":233,"date":"2022-05-26 15:27:11","modified":"2022-05-26 15:27:11","menu_order":0,"mime_type":"image\/jpeg","type":"image","subtype":"jpeg","icon":"https:\/\/the-shake-down.com\/wp-includes\/images\/media\/default.png","width":1440,"height":1440,"sizes":{"thumbnail":"https:\/\/the-shake-down.com\/wp-content\/uploads\/2022\/05\/Asgerdur_Gunnarsdottir-150x150.jpg","thumbnail-width":150,"thumbnail-height":150,"medium":"https:\/\/the-shake-down.com\/wp-content\/uploads\/2022\/05\/Asgerdur_Gunnarsdottir-300x300.jpg","medium-width":300,"medium-height":300,"medium_large":"https:\/\/the-shake-down.com\/wp-content\/uploads\/2022\/05\/Asgerdur_Gunnarsdottir.jpg","medium_large-width":768,"medium_large-height":768,"large":"https:\/\/the-shake-down.com\/wp-content\/uploads\/2022\/05\/Asgerdur_Gunnarsdottir-1024x1024.jpg","large-width":1024,"large-height":1024,"1536x1536":"https:\/\/the-shake-down.com\/wp-content\/uploads\/2022\/05\/Asgerdur_Gunnarsdottir.jpg","1536x1536-width":1440,"1536x1536-height":1440,"2048x2048":"https:\/\/the-shake-down.com\/wp-content\/uploads\/2022\/05\/Asgerdur_Gunnarsdottir.jpg","2048x2048-width":1440,"2048x2048-height":1440}},"description":"<p><strong>\u00c1sger\u00f0ur Gunnarsd\u00f3ttir<\/strong> (IS\/NO) works as a curator, dramaturg and a teacher\u00a0within the field of contemporary dance\u00a0and performing arts\u00a0in Iceland, Norway and internationally.\u00a0She was co-artistic director of\u00a0<a href=\"http:\/\/www.reykjavikdancefestival.is\/\" data-saferedirecturl=\"https:\/\/www.google.com\/url?q=http:\/\/www.reykjavikdancefestival.is\/&amp;source=gmail&amp;ust=1654160918453000&amp;usg=AOvVaw2MLSe5Qla1gg8w3_8Z8FGw\">Reykjav\u00edk Dance Festival<\/a>\u00a0with Alexander Roberts\u00a0from 2014 \u2013 2020, and\u00a0associate\u00a0professor\u00a0and program director of theory at the\u00a0at the Performing Arts Department at the Iceland University of the Arts\u00a02015 &#8211; 2021.\u00a0She currently works as a curating producer and dramaturg at\u00a0<a href=\"http:\/\/www.dansit.no\/\" data-saferedirecturl=\"https:\/\/www.google.com\/url?q=http:\/\/www.dansit.no\/&amp;source=gmail&amp;ust=1654160918453000&amp;usg=AOvVaw2nAOvOVbmkzYv4wJtHSoYI\">DansiT<\/a> in Trondheim, as well as working on independent projects internationally. Her curatorial\u00a0interests evolve around how to\u00a0distribute curatorial agency to lesser heard voices, and how to\u00a0create allyship within\u00a0curatorial\u00a0practices in the performing arts. She received\u00a0Gr\u00edman, the\u00a0Icelandic\u00a0Performing Arts Award in 2020, for the co-curation\u00a0of Reykjav\u00edk Dance\u00a0Festival 2019.<\/p>\n"},{"name":"Sandra Lapkovska","image":{"ID":360,"id":360,"title":"Sandra Lapkovska_2","filename":"Sandra-Lapkovska_2.jpg","filesize":121552,"url":"https:\/\/the-shake-down.com\/wp-content\/uploads\/2022\/06\/Sandra-Lapkovska_2.jpg","link":"https:\/\/the-shake-down.com\/en\/about\/mentors-producers\/sandra-lapkovska_2\/","alt":"","author":"2","description":"","caption":"","name":"sandra-lapkovska_2","status":"inherit","uploaded_to":231,"date":"2022-06-01 10:36:28","modified":"2022-06-01 10:36:28","menu_order":0,"mime_type":"image\/jpeg","type":"image","subtype":"jpeg","icon":"https:\/\/the-shake-down.com\/wp-includes\/images\/media\/default.png","width":989,"height":679,"sizes":{"thumbnail":"https:\/\/the-shake-down.com\/wp-content\/uploads\/2022\/06\/Sandra-Lapkovska_2-150x150.jpg","thumbnail-width":150,"thumbnail-height":150,"medium":"https:\/\/the-shake-down.com\/wp-content\/uploads\/2022\/06\/Sandra-Lapkovska_2-300x206.jpg","medium-width":300,"medium-height":206,"medium_large":"https:\/\/the-shake-down.com\/wp-content\/uploads\/2022\/06\/Sandra-Lapkovska_2.jpg","medium_large-width":768,"medium_large-height":527,"large":"https:\/\/the-shake-down.com\/wp-content\/uploads\/2022\/06\/Sandra-Lapkovska_2.jpg","large-width":989,"large-height":679,"1536x1536":"https:\/\/the-shake-down.com\/wp-content\/uploads\/2022\/06\/Sandra-Lapkovska_2.jpg","1536x1536-width":989,"1536x1536-height":679,"2048x2048":"https:\/\/the-shake-down.com\/wp-content\/uploads\/2022\/06\/Sandra-Lapkovska_2.jpg","2048x2048-width":989,"2048x2048-height":679}},"description":"<p><strong>Sandra Lapkovska<\/strong> is a producer and project coordinator that for the past ten years has worked at the New Theatre Institute of Latvia and International Festival of Contemporary Theatre &#8220;Homo Novus&#8221;. She believes that performing arts and art in general is an important tool for conversations and dialogues with the world around us.\u00a0 Working for<br \/>\ndocumentary performances is one of her greatest passions.<\/p>\n"}]},"_links":{"self":[{"href":"https:\/\/the-shake-down.com\/en\/wp-json\/wp\/v2\/pages\/231","targetHints":{"allow":["GET"]}}],"collection":[{"href":"https:\/\/the-shake-down.com\/en\/wp-json\/wp\/v2\/pages"}],"about":[{"href":"https:\/\/the-shake-down.com\/en\/wp-json\/wp\/v2\/types\/page"}],"author":[{"embeddable":true,"href":"https:\/\/the-shake-down.com\/en\/wp-json\/wp\/v2\/users\/1"}],"replies":[{"embeddable":true,"href":"https:\/\/the-shake-down.com\/en\/wp-json\/wp\/v2\/comments?post=231"}],"version-history":[{"count":15,"href":"https:\/\/the-shake-down.com\/en\/wp-json\/wp\/v2\/pages\/231\/revisions"}],"predecessor-version":[{"id":364,"href":"https:\/\/the-shake-down.com\/en\/wp-json\/wp\/v2\/pages\/231\/revisions\/364"}],"up":[{"embeddable":true,"href":"https:\/\/the-shake-down.com\/en\/wp-json\/wp\/v2\/pages\/227"}],"wp:attachment":[{"href":"https:\/\/the-shake-down.com\/en\/wp-json\/wp\/v2\/media?parent=231"}],"curies":[{"name":"wp","href":"https:\/\/api.w.org\/{rel}","templated":true}]}}