{"id":430,"date":"2022-08-19T08:50:24","date_gmt":"2022-08-19T06:50:24","guid":{"rendered":"https:\/\/the-shake-down.com\/?page_id=430"},"modified":"2022-09-08T12:06:39","modified_gmt":"2022-09-08T10:06:39","slug":"and-from-one-moon-to-another-i-leap-inspired-by-in-her-absence-i-created-her-image-by-mahmoud-darwish-scenographic-space-installation","status":"publish","type":"page","link":"https:\/\/the-shake-down.com\/en\/about\/homo-novus-shakedown\/and-from-one-moon-to-another-i-leap-inspired-by-in-her-absence-i-created-her-image-by-mahmoud-darwish-scenographic-space-installation\/","title":{"rendered":"(And) From one moon to another I leap | Scenographic space installation"},"content":{"rendered":"<p>(title inspired by \u201cIn her absence I created her image\u201d by Mahmoud Darwish)<\/p>\n<p><strong>Artists:<\/strong> Aljo\u0161a Lovri\u0107 Krape\u017e, Carmen Lee, Kirstine Nielsen, Sn\u00e6fr\u00ed\u00f0ur S\u00f3l Gunnarsd\u00f3ttir<\/p>\n<p><strong>Dreams and nightmares sketch artists:<\/strong> Anna L\u016bcija, Astr\u012bda, Austris, Ei\u017eens, Emma, Ernests, Linda, Simons<br \/>\n<strong>Art therapist:<\/strong> El\u012bna Akmane<br \/>\n<strong>Curators:<\/strong> Nikolai Furseth Rushfeldt, Samuels Ozoli\u0146\u0161<br \/>\n<strong>Mentor:<\/strong> Sodja Zupanc Lotker<\/p>\n<p>&nbsp;<\/p>\n<p><em>Dreams are a very nostalgic phenomenon that we mostly associate with childhood. The dreams and nightmares that we\u2019ve had in our childhood a lot of times leave a strong imprint and some we can even still remember. The installation \u201c(And) From one moon to another I leap\u201d lets the audience experience and connect with the dreams and nightmares of their own and today\u2019s children.<\/em><\/p>\n<p>&#8211; Nikolai and Samuels<\/p>\n<p>&nbsp;<\/p>\n<p style=\"text-align: right;\"><em><span style=\"font-weight: 400;\">Four directing students of Object and devised theatre from DAMU in Prague work with material from a dream workshop with Latvian children who shared their dream experiences with backward flying parrots, poopshaped monsters, zombies and time-machines.<\/span><\/em><\/p>\n<p style=\"text-align: right;\"><em><span style=\"font-weight: 400;\">Creatures, beings, plants, words, thoughts, species and spices of dream experiences are being materialised, sculpted and montaged together in a unifying space. A space that serves as a common base for all of our dreams and their materialisation.<\/span><\/em><\/p>\n<p style=\"text-align: right;\"><em><span style=\"font-weight: 400;\">To create a collective experience, this performative-interactive-dream-installation offers the audience to pin fragments of their own dreams and nightmares to an ever-expanding dreamy landscape. We invite you to shape your dreams. Catch them, let them go, reconsider them in space. Dream particularities collectively.\u00a0<\/span><\/em><\/p>\n<p style=\"text-align: right;\">&#8211; Aljo\u0161a, Carmen, Kirstine, Sn\u00e6fr\u00ed\u00f0ur<\/p>\n<p>&nbsp;<\/p>\n<p style=\"text-align: center;\"><strong style=\"text-align: center;\">9th and 10th of September<\/strong><\/p>\n<p style=\"text-align: center;\"><span style=\"font-weight: 400;\"><strong style=\"text-align: center;\">installation permanently open<\/strong><\/span><\/p>\n<p><\/p>","protected":false},"excerpt":{"rendered":"<p>(title inspired by \u201cIn her absence I created her image\u201d by Mahmoud Darwish) Artists: Aljo\u0161a Lovri\u0107 Krape\u017e, Carmen Lee, Kirstine Nielsen, Sn\u00e6fr\u00ed\u00f0ur S\u00f3l Gunnarsd\u00f3ttir Dreams and nightmares sketch artists: Anna L\u016bcija, Astr\u012bda, Austris, Ei\u017eens, Emma, Ernests, Linda, Simons Art therapist: El\u012bna Akmane Curators: Nikolai Furseth Rushfeldt, Samuels Ozoli\u0146\u0161 Mentor: Sodja Zupanc Lotker &nbsp; Dreams are [&hellip;]<\/p>\n","protected":false},"author":1,"featured_media":0,"parent":421,"menu_order":0,"comment_status":"closed","ping_status":"closed","template":"about_child.php","meta":{"inline_featured_image":false,"footnotes":""},"class_list":["post-430","page","type-page","status-publish","hentry"],"acf":{"featured_image":{"ID":532,"id":532,"title":"dreams visual","filename":"237C5DAC-3BE3-4957-A1A0-8EBF5ECF4131-Recovered_page-0001.jpg","filesize":1072687,"url":"https:\/\/the-shake-down.com\/wp-content\/uploads\/2022\/08\/237C5DAC-3BE3-4957-A1A0-8EBF5ECF4131-Recovered_page-0001.jpg","link":"https:\/\/the-shake-down.com\/en\/about\/homo-novus-shakedown\/and-from-one-moon-to-another-i-leap-inspired-by-in-her-absence-i-created-her-image-by-mahmoud-darwish-scenographic-space-installation\/237c5dac-3be3-4957-a1a0-8ebf5ecf4131-recovered_page-0001\/","alt":"","author":"3","description":"","caption":"","name":"237c5dac-3be3-4957-a1a0-8ebf5ecf4131-recovered_page-0001","status":"inherit","uploaded_to":430,"date":"2022-08-27 13:05:06","modified":"2022-08-27 13:05:26","menu_order":0,"mime_type":"image\/jpeg","type":"image","subtype":"jpeg","icon":"https:\/\/the-shake-down.com\/wp-includes\/images\/media\/default.png","width":1241,"height":879,"sizes":{"thumbnail":"https:\/\/the-shake-down.com\/wp-content\/uploads\/2022\/08\/237C5DAC-3BE3-4957-A1A0-8EBF5ECF4131-Recovered_page-0001-150x150.jpg","thumbnail-width":150,"thumbnail-height":150,"medium":"https:\/\/the-shake-down.com\/wp-content\/uploads\/2022\/08\/237C5DAC-3BE3-4957-A1A0-8EBF5ECF4131-Recovered_page-0001-300x212.jpg","medium-width":300,"medium-height":212,"medium_large":"https:\/\/the-shake-down.com\/wp-content\/uploads\/2022\/08\/237C5DAC-3BE3-4957-A1A0-8EBF5ECF4131-Recovered_page-0001.jpg","medium_large-width":768,"medium_large-height":544,"large":"https:\/\/the-shake-down.com\/wp-content\/uploads\/2022\/08\/237C5DAC-3BE3-4957-A1A0-8EBF5ECF4131-Recovered_page-0001-1024x725.jpg","large-width":1024,"large-height":725,"1536x1536":"https:\/\/the-shake-down.com\/wp-content\/uploads\/2022\/08\/237C5DAC-3BE3-4957-A1A0-8EBF5ECF4131-Recovered_page-0001.jpg","1536x1536-width":1241,"1536x1536-height":879,"2048x2048":"https:\/\/the-shake-down.com\/wp-content\/uploads\/2022\/08\/237C5DAC-3BE3-4957-A1A0-8EBF5ECF4131-Recovered_page-0001.jpg","2048x2048-width":1241,"2048x2048-height":879}},"supporters":false},"_links":{"self":[{"href":"https:\/\/the-shake-down.com\/en\/wp-json\/wp\/v2\/pages\/430","targetHints":{"allow":["GET"]}}],"collection":[{"href":"https:\/\/the-shake-down.com\/en\/wp-json\/wp\/v2\/pages"}],"about":[{"href":"https:\/\/the-shake-down.com\/en\/wp-json\/wp\/v2\/types\/page"}],"author":[{"embeddable":true,"href":"https:\/\/the-shake-down.com\/en\/wp-json\/wp\/v2\/users\/1"}],"replies":[{"embeddable":true,"href":"https:\/\/the-shake-down.com\/en\/wp-json\/wp\/v2\/comments?post=430"}],"version-history":[{"count":19,"href":"https:\/\/the-shake-down.com\/en\/wp-json\/wp\/v2\/pages\/430\/revisions"}],"predecessor-version":[{"id":652,"href":"https:\/\/the-shake-down.com\/en\/wp-json\/wp\/v2\/pages\/430\/revisions\/652"}],"up":[{"embeddable":true,"href":"https:\/\/the-shake-down.com\/en\/wp-json\/wp\/v2\/pages\/421"}],"wp:attachment":[{"href":"https:\/\/the-shake-down.com\/en\/wp-json\/wp\/v2\/media?parent=430"}],"curies":[{"name":"wp","href":"https:\/\/api.w.org\/{rel}","templated":true}]}}