{"id":434,"date":"2022-08-19T12:43:23","date_gmt":"2022-08-19T10:43:23","guid":{"rendered":"https:\/\/the-shake-down.com\/?page_id=434"},"modified":"2022-09-03T11:14:59","modified_gmt":"2022-09-03T09:14:59","slug":"fridge-installation","status":"publish","type":"page","link":"https:\/\/the-shake-down.com\/en\/about\/homo-novus-shakedown\/fridge-installation\/","title":{"rendered":"Fridge | Installation"},"content":{"rendered":"<p><strong>Artist:<\/strong> Cote Ja\u00f1a Zu\u00f1iga<br \/>\n<strong>Curators:<\/strong> Annie Strand M\u00f8lster, Estere Dimitere, Zahida Kardou<br \/>\n<strong>Mentor:<\/strong> Bek Berger<\/p>\n<p>&nbsp;<\/p>\n<p><em>Reliving memories are one of the most nostalgic things you can do, but what about reliving others\u2019 memories? Can that bring you nostalgia too? In the Fridge project, you get to explore the similarities between peoples\u2019 memories, by reliving one of the other audience member\u2019s food experiences.<\/em><\/p>\n<p>&#8211; Annie, Estere and Zahida<\/p>\n<p>&nbsp;<\/p>\n<p style=\"text-align: center;\"><strong>9th and 10th of September<\/strong><\/p>\n<p style=\"text-align: center;\"><strong>permanently open<\/strong><\/p>\n<p><\/p>","protected":false},"excerpt":{"rendered":"<p>Artist: Cote Ja\u00f1a Zu\u00f1iga Curators: Annie Strand M\u00f8lster, Estere Dimitere, Zahida Kardou Mentor: Bek Berger &nbsp; Reliving memories are one of the most nostalgic things you can do, but what about reliving others\u2019 memories? Can that bring you nostalgia too? In the Fridge project, you get to explore the similarities between peoples\u2019 memories, by reliving [&hellip;]<\/p>\n","protected":false},"author":1,"featured_media":0,"parent":421,"menu_order":0,"comment_status":"closed","ping_status":"closed","template":"about_child.php","meta":{"inline_featured_image":false,"footnotes":""},"class_list":["post-434","page","type-page","status-publish","hentry"],"acf":{"featured_image":false},"_links":{"self":[{"href":"https:\/\/the-shake-down.com\/en\/wp-json\/wp\/v2\/pages\/434","targetHints":{"allow":["GET"]}}],"collection":[{"href":"https:\/\/the-shake-down.com\/en\/wp-json\/wp\/v2\/pages"}],"about":[{"href":"https:\/\/the-shake-down.com\/en\/wp-json\/wp\/v2\/types\/page"}],"author":[{"embeddable":true,"href":"https:\/\/the-shake-down.com\/en\/wp-json\/wp\/v2\/users\/1"}],"replies":[{"embeddable":true,"href":"https:\/\/the-shake-down.com\/en\/wp-json\/wp\/v2\/comments?post=434"}],"version-history":[{"count":9,"href":"https:\/\/the-shake-down.com\/en\/wp-json\/wp\/v2\/pages\/434\/revisions"}],"predecessor-version":[{"id":609,"href":"https:\/\/the-shake-down.com\/en\/wp-json\/wp\/v2\/pages\/434\/revisions\/609"}],"up":[{"embeddable":true,"href":"https:\/\/the-shake-down.com\/en\/wp-json\/wp\/v2\/pages\/421"}],"wp:attachment":[{"href":"https:\/\/the-shake-down.com\/en\/wp-json\/wp\/v2\/media?parent=434"}],"curies":[{"name":"wp","href":"https:\/\/api.w.org\/{rel}","templated":true}]}}