{"id":440,"date":"2022-08-19T12:45:52","date_gmt":"2022-08-19T10:45:52","guid":{"rendered":"https:\/\/the-shake-down.com\/?page_id=440"},"modified":"2022-09-04T14:50:09","modified_gmt":"2022-09-04T12:50:09","slug":"in-between","status":"publish","type":"page","link":"https:\/\/the-shake-down.com\/en\/about\/homo-novus-shakedown\/in-between\/","title":{"rendered":"In Between | Scenographic space installation"},"content":{"rendered":"<p><strong>Artist:<\/strong> Krist\u012bne Kutepova<br \/>\n<strong>Art therapists:<\/strong> Di\u0101na Serga, L\u012bba B\u0113rzi\u0146a<br \/>\nIn cooperation with art therapy participants from Social Care Centre Gai\u013cezers &#8211; Galina, Ina, Tatiana and Vassily<br \/>\n<strong>Curators:<\/strong> Karu Treij, Ikars Gra\u017edanovi\u010ds<br \/>\n<strong>Mentor:<\/strong> Santa Remere<\/p>\n<p>&nbsp;<\/p>\n<p><em>Nostalgia is an idea based on memories. What is more nostalgic than living in them? The project \u201cIn Between\u201d is based on how people with dementia perceive the world\u2014through bygone memories.<\/em><\/p>\n<p>&#8211; Karu and Icarus<\/p>\n<p>&nbsp;<\/p>\n<p style=\"text-align: right;\"><span style=\"font-weight: 400;\">With each recollection of memories, we rewrite the actual event, and it changes a little, it becomes distorted. And there may come a time when memories fade into the void. Their shape becomes vague, only colour or smell remains. My first childhood memories are colourful \u2013 I remember a lettuce-green cart with some orange circles&#8230; Between this memory and the next one, there is only pure whiteness and emptiness. But the next memory is a sunlit room, full of bright sunlight. Of course, memories are related to our emotions, experiences, there are some special moments that brightly arise again and again. And still, memories get overwritten until they vanish.<\/span><\/p>\n<p style=\"text-align: right;\"><em><span style=\"font-weight: 400;\">&#8211; <\/span><\/em><span style=\"font-weight: 400;\">Krist\u012bne Kutepova\u00a0<\/span><\/p>\n<p>&nbsp;<\/p>\n<p><span style=\"font-weight: 400;\">Installation \u201cPearls of memories\u201d \/ Large scale painting &#8211; installation \u201cDissolving\u201d \/ Video and water installation \u201cBubbling\u201d<\/span><\/p>\n<p>&nbsp;<\/p>\n<p style=\"text-align: center;\"><strong>9th and 10th of September<\/strong><\/p>\n<p style=\"text-align: center;\"><strong>permanently open<\/strong><\/p>\n<p><\/p>","protected":false},"excerpt":{"rendered":"<p>Artist: Krist\u012bne Kutepova Art therapists: Di\u0101na Serga, L\u012bba B\u0113rzi\u0146a In cooperation with art therapy participants from Social Care Centre Gai\u013cezers &#8211; Galina, Ina, Tatiana and Vassily Curators: Karu Treij, Ikars Gra\u017edanovi\u010ds Mentor: Santa Remere &nbsp; Nostalgia is an idea based on memories. What is more nostalgic than living in them? The project \u201cIn Between\u201d is [&hellip;]<\/p>\n","protected":false},"author":1,"featured_media":0,"parent":421,"menu_order":0,"comment_status":"closed","ping_status":"closed","template":"about_child.php","meta":{"inline_featured_image":false,"footnotes":""},"class_list":["post-440","page","type-page","status-publish","hentry"],"acf":{"featured_image":{"ID":546,"id":546,"title":"demence 2_page-0001","filename":"demence-2_page-0001.jpg","filesize":14265107,"url":"https:\/\/the-shake-down.com\/wp-content\/uploads\/2022\/08\/demence-2_page-0001.jpg","link":"https:\/\/the-shake-down.com\/en\/about\/homo-novus-shakedown\/in-between\/demence-2_page-0001\/","alt":"","author":"3","description":"","caption":"","name":"demence-2_page-0001","status":"inherit","uploaded_to":440,"date":"2022-08-28 21:00:57","modified":"2022-08-28 21:00:57","menu_order":0,"mime_type":"image\/jpeg","type":"image","subtype":"jpeg","icon":"https:\/\/the-shake-down.com\/wp-includes\/images\/media\/default.png","width":4267,"height":3173,"sizes":{"thumbnail":"https:\/\/the-shake-down.com\/wp-content\/uploads\/2022\/08\/demence-2_page-0001-150x150.jpg","thumbnail-width":150,"thumbnail-height":150,"medium":"https:\/\/the-shake-down.com\/wp-content\/uploads\/2022\/08\/demence-2_page-0001-300x223.jpg","medium-width":300,"medium-height":223,"medium_large":"https:\/\/the-shake-down.com\/wp-content\/uploads\/2022\/08\/demence-2_page-0001.jpg","medium_large-width":768,"medium_large-height":571,"large":"https:\/\/the-shake-down.com\/wp-content\/uploads\/2022\/08\/demence-2_page-0001-1024x761.jpg","large-width":1024,"large-height":761,"1536x1536":"https:\/\/the-shake-down.com\/wp-content\/uploads\/2022\/08\/demence-2_page-0001.jpg","1536x1536-width":1536,"1536x1536-height":1142,"2048x2048":"https:\/\/the-shake-down.com\/wp-content\/uploads\/2022\/08\/demence-2_page-0001.jpg","2048x2048-width":2048,"2048x2048-height":1523}},"supporters":false},"_links":{"self":[{"href":"https:\/\/the-shake-down.com\/en\/wp-json\/wp\/v2\/pages\/440","targetHints":{"allow":["GET"]}}],"collection":[{"href":"https:\/\/the-shake-down.com\/en\/wp-json\/wp\/v2\/pages"}],"about":[{"href":"https:\/\/the-shake-down.com\/en\/wp-json\/wp\/v2\/types\/page"}],"author":[{"embeddable":true,"href":"https:\/\/the-shake-down.com\/en\/wp-json\/wp\/v2\/users\/1"}],"replies":[{"embeddable":true,"href":"https:\/\/the-shake-down.com\/en\/wp-json\/wp\/v2\/comments?post=440"}],"version-history":[{"count":16,"href":"https:\/\/the-shake-down.com\/en\/wp-json\/wp\/v2\/pages\/440\/revisions"}],"predecessor-version":[{"id":636,"href":"https:\/\/the-shake-down.com\/en\/wp-json\/wp\/v2\/pages\/440\/revisions\/636"}],"up":[{"embeddable":true,"href":"https:\/\/the-shake-down.com\/en\/wp-json\/wp\/v2\/pages\/421"}],"wp:attachment":[{"href":"https:\/\/the-shake-down.com\/en\/wp-json\/wp\/v2\/media?parent=440"}],"curies":[{"name":"wp","href":"https:\/\/api.w.org\/{rel}","templated":true}]}}