{"id":444,"date":"2022-08-19T12:46:43","date_gmt":"2022-08-19T10:46:43","guid":{"rendered":"https:\/\/the-shake-down.com\/?page_id=444"},"modified":"2022-08-30T20:28:40","modified_gmt":"2022-08-30T18:28:40","slug":"me-benjamin-button-a-show-for-adults-by-the-latvian-puppet-theatre","status":"publish","type":"page","link":"https:\/\/the-shake-down.com\/en\/about\/homo-novus-shakedown\/me-benjamin-button-a-show-for-adults-by-the-latvian-puppet-theatre\/","title":{"rendered":"Me \u2013 Benjamin Button | A show for adults by the Latvian Puppet Theatre"},"content":{"rendered":"<p><strong>Stage director:<\/strong> Edgars Niklasons<br \/>\nBy F. Scott Fitzgeral<br \/>\n<strong>Roles are played by<\/strong>: Art\u016brs Putni\u0146\u0161, Sta\u0146islavs Ku\u013cikovs<br \/>\n<strong>Curator<\/strong>: Alberts Roze<br \/>\n<strong>Mentor<\/strong>: Santa Remere<\/p>\n<p>&nbsp;<\/p>\n<p><em>The story of Benjamin Button\u2014a man who ages backwards is an unusual one\u2014and this production matches the bizarreness of its source material. This puppet show beautifully tries to answer immortal questions while inviting the audience to question themselves as well.<\/em><\/p>\n<p>&#8211; Alberts<\/p>\n<p>&nbsp;<\/p>\n<p style=\"text-align: center;\"><strong>10th of September 20:00<\/strong><\/p>\n<p style=\"text-align: center;\">Seatings are limited &#8211; arrive on time!<\/p>\n<p><\/p>","protected":false},"excerpt":{"rendered":"<p>Stage director: Edgars Niklasons By F. Scott Fitzgeral Roles are played by: Art\u016brs Putni\u0146\u0161, Sta\u0146islavs Ku\u013cikovs Curator: Alberts Roze Mentor: Santa Remere &nbsp; The story of Benjamin Button\u2014a man who ages backwards is an unusual one\u2014and this production matches the bizarreness of its source material. This puppet show beautifully tries to answer immortal questions while [&hellip;]<\/p>\n","protected":false},"author":1,"featured_media":0,"parent":421,"menu_order":0,"comment_status":"closed","ping_status":"closed","template":"about_child.php","meta":{"inline_featured_image":false,"footnotes":""},"class_list":["post-444","page","type-page","status-publish","hentry"],"acf":{"featured_image":{"ID":548,"id":548,"title":"bendzamins_page-0001","filename":"bendzamins_page-0001.jpg","filesize":1834498,"url":"https:\/\/the-shake-down.com\/wp-content\/uploads\/2022\/08\/bendzamins_page-0001.jpg","link":"https:\/\/the-shake-down.com\/en\/about\/homo-novus-shakedown\/me-benjamin-button-a-show-for-adults-by-the-latvian-puppet-theatre\/bendzamins_page-0001\/","alt":"","author":"3","description":"","caption":"","name":"bendzamins_page-0001","status":"inherit","uploaded_to":444,"date":"2022-08-28 21:06:50","modified":"2022-08-28 21:06:50","menu_order":0,"mime_type":"image\/jpeg","type":"image","subtype":"jpeg","icon":"https:\/\/the-shake-down.com\/wp-includes\/images\/media\/default.png","width":1866,"height":1244,"sizes":{"thumbnail":"https:\/\/the-shake-down.com\/wp-content\/uploads\/2022\/08\/bendzamins_page-0001-150x150.jpg","thumbnail-width":150,"thumbnail-height":150,"medium":"https:\/\/the-shake-down.com\/wp-content\/uploads\/2022\/08\/bendzamins_page-0001-300x200.jpg","medium-width":300,"medium-height":200,"medium_large":"https:\/\/the-shake-down.com\/wp-content\/uploads\/2022\/08\/bendzamins_page-0001.jpg","medium_large-width":768,"medium_large-height":512,"large":"https:\/\/the-shake-down.com\/wp-content\/uploads\/2022\/08\/bendzamins_page-0001-1024x683.jpg","large-width":1024,"large-height":683,"1536x1536":"https:\/\/the-shake-down.com\/wp-content\/uploads\/2022\/08\/bendzamins_page-0001.jpg","1536x1536-width":1536,"1536x1536-height":1024,"2048x2048":"https:\/\/the-shake-down.com\/wp-content\/uploads\/2022\/08\/bendzamins_page-0001.jpg","2048x2048-width":1866,"2048x2048-height":1244}}},"_links":{"self":[{"href":"https:\/\/the-shake-down.com\/en\/wp-json\/wp\/v2\/pages\/444","targetHints":{"allow":["GET"]}}],"collection":[{"href":"https:\/\/the-shake-down.com\/en\/wp-json\/wp\/v2\/pages"}],"about":[{"href":"https:\/\/the-shake-down.com\/en\/wp-json\/wp\/v2\/types\/page"}],"author":[{"embeddable":true,"href":"https:\/\/the-shake-down.com\/en\/wp-json\/wp\/v2\/users\/1"}],"replies":[{"embeddable":true,"href":"https:\/\/the-shake-down.com\/en\/wp-json\/wp\/v2\/comments?post=444"}],"version-history":[{"count":13,"href":"https:\/\/the-shake-down.com\/en\/wp-json\/wp\/v2\/pages\/444\/revisions"}],"predecessor-version":[{"id":586,"href":"https:\/\/the-shake-down.com\/en\/wp-json\/wp\/v2\/pages\/444\/revisions\/586"}],"up":[{"embeddable":true,"href":"https:\/\/the-shake-down.com\/en\/wp-json\/wp\/v2\/pages\/421"}],"wp:attachment":[{"href":"https:\/\/the-shake-down.com\/en\/wp-json\/wp\/v2\/media?parent=444"}],"curies":[{"name":"wp","href":"https:\/\/api.w.org\/{rel}","templated":true}]}}