{"id":590,"date":"2022-09-01T17:26:55","date_gmt":"2022-09-01T15:26:55","guid":{"rendered":"https:\/\/the-shake-down.com\/?page_id=590"},"modified":"2022-09-07T23:58:31","modified_gmt":"2022-09-07T21:58:31","slug":"fictive-closing-ceremony","status":"publish","type":"page","link":"https:\/\/the-shake-down.com\/en\/about\/homo-novus-shakedown\/fictive-closing-ceremony\/","title":{"rendered":"Fictive closing ceremony &#8220;The Near The Far. House and Home&#8221;"},"content":{"rendered":"<p><\/p>\n<p style=\"text-align: left;\"><strong>Artists: <\/strong>F<span style=\"font-weight: 400;\">ictive musician and storyteller union \u201cTuvie T\u0101lie\u201d (<\/span>El\u012bza Dombrovska, Kirils \u0112cis, Anna Kli\u0161\u0101ne, Ivars Krasts, Gerds Lapo\u0161ka, Jur\u0123is L\u016bsis, Kristi\u0101na B\u0113rza)<\/p>\n<p style=\"text-align: left;\"><strong>Curators:<\/strong> Alberts Roze, Samuels Ozoli\u0146\u0161<br \/>\n<strong>Mentor:<\/strong> Sandra Lapkovska<\/p>\n<p>&nbsp;<\/p>\n<p><em><span style=\"font-weight: 400;\">Performance that creates nostalgia, becoming and making the festival only a memory now.\u00a0<\/span><\/em><\/p>\n<p>&#8211; Samuels<\/p>\n<p>&nbsp;<\/p>\n<p style=\"text-align: right;\"><i><span style=\"font-weight: 400;\">We live on the road and travel at home, we live in stories and songs, and with time we form as homes for stray stories and songs. We keep coming together and falling apart, shrinking and expanding, we run, stumble, stop, hesitate, and find ourselves running again.\u00a0<\/span><\/i><\/p>\n<p style=\"text-align: right;\"><i><span style=\"font-weight: 400;\">We have bitten ourselves in the tail<\/span><\/i><\/p>\n<p style=\"text-align: right;\">&#8211; Tuvie T\u0101lie<\/p>\n<p>&nbsp;<\/p>\n<p><span style=\"font-weight: 400;\">The performance &#8220;The Near The Far. House and Home&#8221;\u00a0 by a group of six friends, storytellers and musicians is a dedication to the houses and dwellings that have wandered into the backyard of The Shake Down, as a reminder that we might never meet again like this. The gates of this world open up to be closed again and what happened today will be remembered by no one but You.<\/span><\/p>\n<p>&nbsp;<\/p>\n<p style=\"text-align: center;\"><strong>10th of September at 21:30<\/strong><\/p>\n<p style=\"text-align: center;\"><i style=\"text-align: right;\">In cooperation with Valmiera Summer Theatre Festival<\/i><\/p>\n<p><\/p>","protected":false},"excerpt":{"rendered":"<p>Artists: Fictive musician and storyteller union \u201cTuvie T\u0101lie\u201d (El\u012bza Dombrovska, Kirils \u0112cis, Anna Kli\u0161\u0101ne, Ivars Krasts, Gerds Lapo\u0161ka, Jur\u0123is L\u016bsis, Kristi\u0101na B\u0113rza) Curators: Alberts Roze, Samuels Ozoli\u0146\u0161 Mentor: Sandra Lapkovska &nbsp; Performance that creates nostalgia, becoming and making the festival only a memory now.\u00a0 &#8211; Samuels &nbsp; We live on the road and travel at [&hellip;]<\/p>\n","protected":false},"author":3,"featured_media":0,"parent":421,"menu_order":0,"comment_status":"closed","ping_status":"closed","template":"about_child.php","meta":{"inline_featured_image":false,"footnotes":""},"class_list":["post-590","page","type-page","status-publish","hentry"],"acf":{"featured_image":{"ID":602,"id":602,"title":"tuvie t\u0101lie 2","filename":"tuvie-talie-2.jpg","filesize":1694997,"url":"https:\/\/the-shake-down.com\/wp-content\/uploads\/2022\/09\/tuvie-talie-2.jpg","link":"https:\/\/the-shake-down.com\/en\/about\/homo-novus-shakedown\/fictive-closing-ceremony\/tuvie-talie-2\/","alt":"","author":"3","description":"","caption":"","name":"tuvie-talie-2","status":"inherit","uploaded_to":590,"date":"2022-09-01 15:26:23","modified":"2022-09-01 15:26:23","menu_order":0,"mime_type":"image\/jpeg","type":"image","subtype":"jpeg","icon":"https:\/\/the-shake-down.com\/wp-includes\/images\/media\/default.png","width":2550,"height":1874,"sizes":{"thumbnail":"https:\/\/the-shake-down.com\/wp-content\/uploads\/2022\/09\/tuvie-talie-2-150x150.jpg","thumbnail-width":150,"thumbnail-height":150,"medium":"https:\/\/the-shake-down.com\/wp-content\/uploads\/2022\/09\/tuvie-talie-2-300x220.jpg","medium-width":300,"medium-height":220,"medium_large":"https:\/\/the-shake-down.com\/wp-content\/uploads\/2022\/09\/tuvie-talie-2.jpg","medium_large-width":768,"medium_large-height":564,"large":"https:\/\/the-shake-down.com\/wp-content\/uploads\/2022\/09\/tuvie-talie-2-1024x753.jpg","large-width":1024,"large-height":753,"1536x1536":"https:\/\/the-shake-down.com\/wp-content\/uploads\/2022\/09\/tuvie-talie-2.jpg","1536x1536-width":1536,"1536x1536-height":1129,"2048x2048":"https:\/\/the-shake-down.com\/wp-content\/uploads\/2022\/09\/tuvie-talie-2.jpg","2048x2048-width":2048,"2048x2048-height":1505}},"supporters":[{"logo":{"ID":640,"id":640,"title":"VVTF-logo-balts fons-1","filename":"VVTF-logo-balts-fons-1.jpg","filesize":39574,"url":"https:\/\/the-shake-down.com\/wp-content\/uploads\/2022\/09\/VVTF-logo-balts-fons-1.jpg","link":"https:\/\/the-shake-down.com\/en\/about\/homo-novus-shakedown\/fictive-closing-ceremony\/vvtf-logo-balts-fons-1\/","alt":"","author":"3","description":"","caption":"","name":"vvtf-logo-balts-fons-1","status":"inherit","uploaded_to":590,"date":"2022-09-05 13:54:04","modified":"2022-09-05 13:54:04","menu_order":0,"mime_type":"image\/jpeg","type":"image","subtype":"jpeg","icon":"https:\/\/the-shake-down.com\/wp-includes\/images\/media\/default.png","width":834,"height":834,"sizes":{"thumbnail":"https:\/\/the-shake-down.com\/wp-content\/uploads\/2022\/09\/VVTF-logo-balts-fons-1-150x150.jpg","thumbnail-width":150,"thumbnail-height":150,"medium":"https:\/\/the-shake-down.com\/wp-content\/uploads\/2022\/09\/VVTF-logo-balts-fons-1-300x300.jpg","medium-width":300,"medium-height":300,"medium_large":"https:\/\/the-shake-down.com\/wp-content\/uploads\/2022\/09\/VVTF-logo-balts-fons-1.jpg","medium_large-width":768,"medium_large-height":768,"large":"https:\/\/the-shake-down.com\/wp-content\/uploads\/2022\/09\/VVTF-logo-balts-fons-1.jpg","large-width":834,"large-height":834,"1536x1536":"https:\/\/the-shake-down.com\/wp-content\/uploads\/2022\/09\/VVTF-logo-balts-fons-1.jpg","1536x1536-width":834,"1536x1536-height":834,"2048x2048":"https:\/\/the-shake-down.com\/wp-content\/uploads\/2022\/09\/VVTF-logo-balts-fons-1.jpg","2048x2048-width":834,"2048x2048-height":834}},"url":""}]},"_links":{"self":[{"href":"https:\/\/the-shake-down.com\/en\/wp-json\/wp\/v2\/pages\/590","targetHints":{"allow":["GET"]}}],"collection":[{"href":"https:\/\/the-shake-down.com\/en\/wp-json\/wp\/v2\/pages"}],"about":[{"href":"https:\/\/the-shake-down.com\/en\/wp-json\/wp\/v2\/types\/page"}],"author":[{"embeddable":true,"href":"https:\/\/the-shake-down.com\/en\/wp-json\/wp\/v2\/users\/3"}],"replies":[{"embeddable":true,"href":"https:\/\/the-shake-down.com\/en\/wp-json\/wp\/v2\/comments?post=590"}],"version-history":[{"count":17,"href":"https:\/\/the-shake-down.com\/en\/wp-json\/wp\/v2\/pages\/590\/revisions"}],"predecessor-version":[{"id":648,"href":"https:\/\/the-shake-down.com\/en\/wp-json\/wp\/v2\/pages\/590\/revisions\/648"}],"up":[{"embeddable":true,"href":"https:\/\/the-shake-down.com\/en\/wp-json\/wp\/v2\/pages\/421"}],"wp:attachment":[{"href":"https:\/\/the-shake-down.com\/en\/wp-json\/wp\/v2\/media?parent=590"}],"curies":[{"name":"wp","href":"https:\/\/api.w.org\/{rel}","templated":true}]}}