{"id":229,"date":"2022-05-26T11:34:16","date_gmt":"2022-05-26T09:34:16","guid":{"rendered":"https:\/\/shakedown.kondrats.dev\/?page_id=229"},"modified":"2023-06-14T14:56:29","modified_gmt":"2023-06-14T12:56:29","slug":"about-the-shakedown","status":"publish","type":"page","link":"https:\/\/the-shake-down.com\/lv\/about\/about-the-shakedown\/","title":{"rendered":"Par projektu \u201cApv\u0113rsums\u201d"},"content":{"rendered":"<p><span style=\"font-weight: 400;\">Ar Eiropas Ekonomikas zonas grantu atbalstu Latvijas Jaun\u0101 te\u0101tra instit\u016bts un Norv\u0113\u0123ijas \u201cRosendal Teater\u201d 2022. gada febru\u0101r\u012b uzs\u0101ka starptautisku sadarb\u012bbas projektu un jauno kuratoru apm\u0101c\u012bbas programmu \u201cApv\u0113rsums\u201d, kuras m\u0113r\u0137is ir veicin\u0101t jaunie\u0161u iesaisti sabiedr\u012bbai noz\u012bm\u012bgu jaut\u0101jumu risin\u0101\u0161an\u0101 un l\u012bdzdal\u012bbu pils\u0113tas kult\u016bras dz\u012bv\u0113.<\/span><\/p>\n<p><span style=\"font-weight: 400;\">15 m\u0113ne\u0161u laik\u0101 desmit Latvijas un Norv\u0113\u0123ijas jaunie\u0161i vecum\u0101 no 16 l\u012bdz 18 gadiem apg\u016bs festiv\u0101lu r\u012bko\u0161anu \u2013 piedal\u012bsies tie\u0161saistes semin\u0101ros, iepaz\u012bs laikmet\u012bg\u0101s skatuves m\u0101kslas profesion\u0101lo vidi, sekos l\u012bdzi viet\u0113jiem un starptautiskiem m\u0101kslas notikumiem, k\u0101 ar\u012b dosies pieredzes apmai\u0146as braucienos pie sadarb\u012bbas valsts partneriem. Jaunie kuratori patst\u0101v\u012bgi organiz\u0113s divus starptautiskus skatuves m\u0101kslas festiv\u0101lus \u2013 \u201cHomo Novus\u201d programmu \u201cApv\u0113rsums\u201d 2022. gada septembr\u012b R\u012bg\u0101 un programmu Starptautiskaj\u0101 m\u0101kslas festiv\u0101l\u0101 &#8220;Bastard&#8221; 2023. gada apr\u012bl\u012b Tronheim\u0101. Dodot iesp\u0113ju pa\u0161iem uz\u0146emties atbild\u012bbu un uz laiku k\u013c\u016bt par pils\u0113tas kult\u016bras dz\u012bves noteic\u0113jiem, projekta r\u012bkot\u0101ji v\u0113las veicin\u0101t jaunie\u0161u iesaisti sabiedr\u012bbai noz\u012bm\u012bgu jaut\u0101jumu risin\u0101\u0161an\u0101, mazin\u0101t zin\u0101\u0161anu, pieredzes un finansi\u0101lo iesp\u0113ju at\u0161\u0137ir\u012bbas un t\u0101d\u0113j\u0101di padar\u012bt m\u0101kslas procesus pieejamus p\u0113c iesp\u0113jas daudzveid\u012bg\u0101k\u0101m sabiedr\u012bbas grup\u0101m.<\/span><\/p>\n<p><span style=\"font-weight: 400;\">Projekts &#8220;Apv\u0113rsums&#8221; (Nr. EEZ\/2021\/1\/15) tapis Eiropas Ekonomikas zonas finan\u0161u instrumenta 2014. \u2013 2021. gada perioda programmas &#8220;Viet\u0113j\u0101 att\u012bst\u012bba, nabadz\u012bbas mazin\u0101\u0161ana un kult\u016bras sadarb\u012bba&#8221; konkursa &#8220;Atbalsts profesion\u0101l\u0101s m\u0101kslas un kult\u016bras produktu rad\u012b\u0161anai b\u0113rnu un jaunie\u0161u auditorijai&#8221; ietvaros.<\/span><\/p>\n<p><span style=\"font-weight: 400;\">Projekts tiek realiz\u0113ts no 2021. gada 15. decembra l\u012bdz 2023. gada 1. j\u016bnijam. Kop\u0113j\u0101s izmaksas ir 249 635 EUR, Eiropas Ekonomikas zonas finan\u0161u instrumenta programmas atbalsta summa ir 212 189,75 EUR.<\/span><\/p>\n<p><span style=\"font-weight: 400;\">Str\u0101d\u0101jam kop\u0101 iek\u013caujo\u0161ai un konkur\u0113tsp\u0113j\u012bgai Eiropai! Vair\u0101k: <a href=\"http:\/\/eeagrants.lv\" rel=\"nofollow noopener\" target=\"_blank\">eeagrants.lv<\/a><\/span><\/p>\n<p><span style=\"font-weight: 400;\">Atbild\u012bg\u0101 kontaktpersona: Sandra Lapkovska<\/span> (<a href=\"mailto:sandra@theatre.lv\">sandra@theatre.lv<\/a>)<\/p>\n<p><img loading=\"lazy\" decoding=\"async\" class=\"alignnone wp-image-236\" src=\"https:\/\/the-shake-down.com\/wp-content\/uploads\/2022\/05\/EEA_grants.svg\" alt=\"\" width=\"381\" height=\"270\" \/> <img loading=\"lazy\" decoding=\"async\" class=\"alignnone wp-image-237\" src=\"https:\/\/the-shake-down.com\/wp-content\/uploads\/2022\/05\/JTI-logo-zi\u0304me-vektoros_2021.svg\" alt=\"\" width=\"243\" height=\"325\" \/> <img loading=\"lazy\" decoding=\"async\" class=\"alignnone size-medium wp-image-238\" src=\"https:\/\/the-shake-down.com\/wp-content\/uploads\/2022\/05\/RT_logo_bw.svg\" alt=\"\" width=\"300\" height=\"300\" \/><\/p>","protected":false},"excerpt":{"rendered":"<p>Ar Eiropas Ekonomikas zonas grantu atbalstu Latvijas Jaun\u0101 te\u0101tra instit\u016bts un Norv\u0113\u0123ijas \u201cRosendal Teater\u201d 2022. gada febru\u0101r\u012b uzs\u0101ka starptautisku sadarb\u012bbas projektu un jauno kuratoru apm\u0101c\u012bbas programmu \u201cApv\u0113rsums\u201d, kuras m\u0113r\u0137is ir veicin\u0101t jaunie\u0161u iesaisti sabiedr\u012bbai noz\u012bm\u012bgu jaut\u0101jumu risin\u0101\u0161an\u0101 un l\u012bdzdal\u012bbu pils\u0113tas kult\u016bras dz\u012bv\u0113. 15 m\u0113ne\u0161u laik\u0101 desmit Latvijas un Norv\u0113\u0123ijas jaunie\u0161i vecum\u0101 no 16 l\u012bdz 18 [&hellip;]<\/p>\n","protected":false},"author":1,"featured_media":0,"parent":227,"menu_order":0,"comment_status":"closed","ping_status":"closed","template":"about_child.php","meta":{"inline_featured_image":false,"footnotes":""},"class_list":["post-229","page","type-page","status-publish","hentry"],"acf":{"featured_image":false,"supporters":false},"_links":{"self":[{"href":"https:\/\/the-shake-down.com\/lv\/wp-json\/wp\/v2\/pages\/229","targetHints":{"allow":["GET"]}}],"collection":[{"href":"https:\/\/the-shake-down.com\/lv\/wp-json\/wp\/v2\/pages"}],"about":[{"href":"https:\/\/the-shake-down.com\/lv\/wp-json\/wp\/v2\/types\/page"}],"author":[{"embeddable":true,"href":"https:\/\/the-shake-down.com\/lv\/wp-json\/wp\/v2\/users\/1"}],"replies":[{"embeddable":true,"href":"https:\/\/the-shake-down.com\/lv\/wp-json\/wp\/v2\/comments?post=229"}],"version-history":[{"count":13,"href":"https:\/\/the-shake-down.com\/lv\/wp-json\/wp\/v2\/pages\/229\/revisions"}],"predecessor-version":[{"id":1056,"href":"https:\/\/the-shake-down.com\/lv\/wp-json\/wp\/v2\/pages\/229\/revisions\/1056"}],"up":[{"embeddable":true,"href":"https:\/\/the-shake-down.com\/lv\/wp-json\/wp\/v2\/pages\/227"}],"wp:attachment":[{"href":"https:\/\/the-shake-down.com\/lv\/wp-json\/wp\/v2\/media?parent=229"}],"curies":[{"name":"wp","href":"https:\/\/api.w.org\/{rel}","templated":true}]}}