{"id":231,"date":"2022-05-26T11:34:45","date_gmt":"2022-05-26T09:34:45","guid":{"rendered":"https:\/\/shakedown.kondrats.dev\/?page_id=231"},"modified":"2022-06-01T12:40:53","modified_gmt":"2022-06-01T10:40:53","slug":"mentors-producers","status":"publish","type":"page","link":"https:\/\/the-shake-down.com\/lv\/about\/mentors-producers\/","title":{"rendered":"Mentori\/ Producenti"},"content":{"rendered":"","protected":false},"excerpt":{"rendered":"","protected":false},"author":1,"featured_media":0,"parent":227,"menu_order":0,"comment_status":"closed","ping_status":"closed","template":"about_child.php","meta":{"inline_featured_image":false,"footnotes":""},"class_list":["post-231","page","type-page","status-publish","hentry"],"acf":{"people":[{"name":"Sodja Zupanca Lotkere","image":{"ID":248,"id":248,"title":"Sodja_Zupanc_Lotker","filename":"Sodja_Zupanc_Lotker.jpg","filesize":86040,"url":"https:\/\/the-shake-down.com\/wp-content\/uploads\/2022\/05\/Sodja_Zupanc_Lotker.jpg","link":"https:\/\/the-shake-down.com\/lv\/about\/mentors-producers\/sodja_zupanc_lotker\/","alt":"","author":"1","description":"","caption":"","name":"sodja_zupanc_lotker","status":"inherit","uploaded_to":231,"date":"2022-05-26 10:11:24","modified":"2022-05-26 10:11:24","menu_order":0,"mime_type":"image\/jpeg","type":"image","subtype":"jpeg","icon":"https:\/\/the-shake-down.com\/wp-includes\/images\/media\/default.png","width":663,"height":440,"sizes":{"thumbnail":"https:\/\/the-shake-down.com\/wp-content\/uploads\/2022\/05\/Sodja_Zupanc_Lotker-150x150.jpg","thumbnail-width":150,"thumbnail-height":150,"medium":"https:\/\/the-shake-down.com\/wp-content\/uploads\/2022\/05\/Sodja_Zupanc_Lotker-300x199.jpg","medium-width":300,"medium-height":199,"medium_large":"https:\/\/the-shake-down.com\/wp-content\/uploads\/2022\/05\/Sodja_Zupanc_Lotker.jpg","medium_large-width":663,"medium_large-height":440,"large":"https:\/\/the-shake-down.com\/wp-content\/uploads\/2022\/05\/Sodja_Zupanc_Lotker.jpg","large-width":663,"large-height":440,"1536x1536":"https:\/\/the-shake-down.com\/wp-content\/uploads\/2022\/05\/Sodja_Zupanc_Lotker.jpg","1536x1536-width":663,"1536x1536-height":440,"2048x2048":"https:\/\/the-shake-down.com\/wp-content\/uploads\/2022\/05\/Sodja_Zupanc_Lotker.jpg","2048x2048-width":663,"2048x2048-height":440}},"description":"<p><b>Sodja Zupanca Lotkere, <\/b><span style=\"font-weight: 400;\">Ph.D, pasniedz dramatur\u0123iju un vada starptautisku te\u0101tra kursu Pr\u0101gas Te\u0101tra m\u0101kslas akad\u0113mijas (DAMU) ma\u0123istrant\u016br\u0101. Vi\u0146ai ir ieguvusi doktora gr\u0101du telpiskaj\u0101 dramatur\u0123ij\u0101 V\u012bnes universit\u0101tes, C\u012brihes M\u0101kslas universit\u0101tes un Pr\u0101gas Te\u0101tra m\u0101kslas akad\u0113mijas apvienot\u0101 programm\u0101. Vi\u0146a ir dramatur\u0123e neatkar\u012bgos te\u0101tra, dejas un publisk\u0101s telpas projektos. No 2008. l\u012bdz 2015. gadam vi\u0146a bija Pr\u0101gas Scenogr\u0101fijas kvadrienn\u0101les m\u0101ksliniecisk\u0101 direktore. Vi\u0146a ir bijusi kuratore vair\u0101kiem starptautiskiem p\u0113tniec\u012bbas projektiem, piem\u0113ram. Sodja ir las\u012bjusi lekcijas Kolumbijas universit\u0101t\u0113, Jeila Te\u0101tra skol\u0101, Karaliskaj\u0101 Dr\u0101mas un runas skol\u0101 London\u0101, Islandes M\u0101kslas akad\u0113mij\u0101 Norv\u0113\u0123ijas M\u0101kslas akad\u0113mij\u0101 un neskait\u0101mos festiv\u0101los un simpozijos. Kop\u0161 2014. gada vi\u0146a ir Te\u0101tra un scenogr\u0101fijas \u017eurn\u0101la un Performances izp\u0113tes \u017eurn\u0101la redkol\u0113\u0123ij\u0101 izdevniec\u012bb\u0101 \u201cRoutledge\u201d.<\/span><\/p>\n"},{"name":"Marta Keila","image":{"ID":247,"id":247,"title":"Marta_Keil_photo_Danuta_Keil","filename":"Marta_Keil_photo_Danuta_Keil.jpg","filesize":2294140,"url":"https:\/\/the-shake-down.com\/wp-content\/uploads\/2022\/05\/Marta_Keil_photo_Danuta_Keil.jpg","link":"https:\/\/the-shake-down.com\/lv\/about\/mentors-producers\/marta_keil_photo_danuta_keil\/","alt":"","author":"1","description":"","caption":"","name":"marta_keil_photo_danuta_keil","status":"inherit","uploaded_to":231,"date":"2022-05-26 10:11:22","modified":"2022-05-26 10:11:22","menu_order":0,"mime_type":"image\/jpeg","type":"image","subtype":"jpeg","icon":"https:\/\/the-shake-down.com\/wp-includes\/images\/media\/default.png","width":3326,"height":4435,"sizes":{"thumbnail":"https:\/\/the-shake-down.com\/wp-content\/uploads\/2022\/05\/Marta_Keil_photo_Danuta_Keil-150x150.jpg","thumbnail-width":150,"thumbnail-height":150,"medium":"https:\/\/the-shake-down.com\/wp-content\/uploads\/2022\/05\/Marta_Keil_photo_Danuta_Keil-225x300.jpg","medium-width":225,"medium-height":300,"medium_large":"https:\/\/the-shake-down.com\/wp-content\/uploads\/2022\/05\/Marta_Keil_photo_Danuta_Keil.jpg","medium_large-width":768,"medium_large-height":1024,"large":"https:\/\/the-shake-down.com\/wp-content\/uploads\/2022\/05\/Marta_Keil_photo_Danuta_Keil-768x1024.jpg","large-width":768,"large-height":1024,"1536x1536":"https:\/\/the-shake-down.com\/wp-content\/uploads\/2022\/05\/Marta_Keil_photo_Danuta_Keil.jpg","1536x1536-width":1152,"1536x1536-height":1536,"2048x2048":"https:\/\/the-shake-down.com\/wp-content\/uploads\/2022\/05\/Marta_Keil_photo_Danuta_Keil.jpg","2048x2048-width":1536,"2048x2048-height":2048}},"description":"<p><b>Marta Keila <\/b><span style=\"font-weight: 400;\">ir skatuves m\u0101kslas kuratore, dramatur\u0123e un p\u0113tniece. Vi\u0146ai ir doktora gr\u0101ds kult\u016bras v\u0113stur\u0113. Marta dz\u012bvo un str\u0101d\u0101 starp Var\u0161avu un Utrehtu. Vi\u0146u interes\u0113 alternat\u012bvu procesu ievie\u0161ana un eso\u0161o prak\u0161u p\u0101rdefin\u0113\u0161ana starpvalstu sadarb\u012bb\u0101. \u0160obr\u012bd vi\u0146a ir kuratore starptautiskam m\u0101ksliniecisk\u0101s izp\u0113tes projektam \u201cBreaking the Spell\u201d, kas p\u0113ta feministrisk\u0101s kop\u0101-b\u016b\u0161anas m\u0101kslas prakses, un ir viena no kurator\u0113m projekt\u0101 \u201cNorthEastSouthWest\u201d. Vi\u0146a ir veidojusi festiv\u0101lu skolas, festiv\u0101lu programmas, k\u0101 ar\u012b bijusi redaktore skatuves m\u0101kslas nozarei velt\u012bt\u0101m gr\u0101mat\u0101m. Marta ir Var\u0161avas Skatuves m\u0101kslas instit\u016bta dal\u012bbniece.\u00a0 <\/span><\/p>\n"},{"name":"Santa Remere","image":{"ID":278,"id":278,"title":"Santa_Remere","filename":"Santa_Remere.jpg","filesize":208145,"url":"https:\/\/the-shake-down.com\/wp-content\/uploads\/2022\/05\/Santa_Remere.jpg","link":"https:\/\/the-shake-down.com\/lv\/about\/mentors-producers\/santa_remere\/","alt":"","author":"2","description":"","caption":"","name":"santa_remere","status":"inherit","uploaded_to":231,"date":"2022-05-30 11:52:10","modified":"2022-05-30 11:52:10","menu_order":0,"mime_type":"image\/jpeg","type":"image","subtype":"jpeg","icon":"https:\/\/the-shake-down.com\/wp-includes\/images\/media\/default.png","width":2048,"height":1536,"sizes":{"thumbnail":"https:\/\/the-shake-down.com\/wp-content\/uploads\/2022\/05\/Santa_Remere-150x150.jpg","thumbnail-width":150,"thumbnail-height":150,"medium":"https:\/\/the-shake-down.com\/wp-content\/uploads\/2022\/05\/Santa_Remere-300x225.jpg","medium-width":300,"medium-height":225,"medium_large":"https:\/\/the-shake-down.com\/wp-content\/uploads\/2022\/05\/Santa_Remere.jpg","medium_large-width":768,"medium_large-height":576,"large":"https:\/\/the-shake-down.com\/wp-content\/uploads\/2022\/05\/Santa_Remere-1024x768.jpg","large-width":1024,"large-height":768,"1536x1536":"https:\/\/the-shake-down.com\/wp-content\/uploads\/2022\/05\/Santa_Remere.jpg","1536x1536-width":1536,"1536x1536-height":1152,"2048x2048":"https:\/\/the-shake-down.com\/wp-content\/uploads\/2022\/05\/Santa_Remere.jpg","2048x2048-width":2048,"2048x2048-height":1536}},"description":"<p><span style=\"font-weight: 400;\">Producente <\/span><b>Santa Remere<\/b><span style=\"font-weight: 400;\"> ir tulkot\u0101ja un kult\u016bras \u017eurn\u0101liste, kas kop\u0161 2015. gada regul\u0101ri piedal\u0101s LJTI r\u012bkot\u0101 Starptautisk\u0101 jaun\u0101 te\u0101tra festiv\u0101la \u201cHomo Novus\u201d projektos k\u0101 rado\u0161\u0101 producente, \u0101rvalstu re\u017eisoru asistente, jaunie\u0161u programmas koordin\u0113t\u0101ja. Str\u0101d\u0101jusi ar norv\u0113\u0123u m\u0101kslinieci Metu Edvardsenu, Jap\u0101nas te\u0101tra vien\u012bbu \u201cPort B\u201d,\u00a0 \u012bstenojusi Madl\u0113nas Flinnas un Tima Hamfrija projektu &#8220;Liecinieku trib\u012bnes&#8221; R\u012bgas pils\u0113tvid\u0113 u.c. <\/span><\/p>\n"},{"name":"Aleksandrs Roberts","image":{"ID":245,"id":245,"title":"Alexander Roberts_Credit Leiv Aspe\u0301n","filename":"Alexander-Roberts_Credit-Leiv-Aspe\u0301n.png","filesize":945139,"url":"https:\/\/the-shake-down.com\/wp-content\/uploads\/2022\/05\/Alexander-Roberts_Credit-Leiv-Aspe\u0301n.png","link":"https:\/\/the-shake-down.com\/lv\/about\/mentors-producers\/alexander-roberts_credit-leiv-aspen\/","alt":"","author":"1","description":"","caption":"","name":"alexander-roberts_credit-leiv-aspen","status":"inherit","uploaded_to":231,"date":"2022-05-26 10:11:20","modified":"2022-05-26 10:11:20","menu_order":0,"mime_type":"image\/png","type":"image","subtype":"png","icon":"https:\/\/the-shake-down.com\/wp-includes\/images\/media\/default.png","width":768,"height":1024,"sizes":{"thumbnail":"https:\/\/the-shake-down.com\/wp-content\/uploads\/2022\/05\/Alexander-Roberts_Credit-Leiv-Aspe\u0301n-150x150.png","thumbnail-width":150,"thumbnail-height":150,"medium":"https:\/\/the-shake-down.com\/wp-content\/uploads\/2022\/05\/Alexander-Roberts_Credit-Leiv-Aspe\u0301n-225x300.png","medium-width":225,"medium-height":300,"medium_large":"https:\/\/the-shake-down.com\/wp-content\/uploads\/2022\/05\/Alexander-Roberts_Credit-Leiv-Aspe\u0301n.png","medium_large-width":768,"medium_large-height":1024,"large":"https:\/\/the-shake-down.com\/wp-content\/uploads\/2022\/05\/Alexander-Roberts_Credit-Leiv-Aspe\u0301n.png","large-width":768,"large-height":1024,"1536x1536":"https:\/\/the-shake-down.com\/wp-content\/uploads\/2022\/05\/Alexander-Roberts_Credit-Leiv-Aspe\u0301n.png","1536x1536-width":768,"1536x1536-height":1024,"2048x2048":"https:\/\/the-shake-down.com\/wp-content\/uploads\/2022\/05\/Alexander-Roberts_Credit-Leiv-Aspe\u0301n.png","2048x2048-width":768,"2048x2048-height":1024}},"description":"<p><span style=\"font-weight: 400;\">Mani sauc <\/span><b>Aleksandrs Roberts <\/b><span style=\"font-weight: 400;\">(1986). Es esmu Rosendal te\u0101tra rado\u0161ais un ar\u012b administrat\u012bvais direktors. Es esmu kurators un m\u0101kslinieks, kur\u0161 lielu uzsvaru liek uz sadarb\u012bbu ar tiem, kuru balsis dzirdam ret\u0101k. Es veidoju izr\u0101des, festiv\u0101lus, forumus, ball\u012btes un cita veida pas\u0101kumus. Man pat\u012bk peld\u0113t aukst\u0101 \u016bden\u012b, burbu\u013cvannas un pirtis, ball\u012btes un vienam pa\u0161am apmekl\u0113t kinote\u0101tri.<\/span><\/p>\n"},{"name":"Tonje Vika Olausena","image":{"ID":246,"id":246,"title":"Tonje Wik Olaussen_photo cred_ole_ekker_buckethaus","filename":"Tonje-Wik-Olaussen_photo-cred_ole_ekker_buckethaus.jpg","filesize":182637,"url":"https:\/\/the-shake-down.com\/wp-content\/uploads\/2022\/05\/Tonje-Wik-Olaussen_photo-cred_ole_ekker_buckethaus.jpg","link":"https:\/\/the-shake-down.com\/lv\/about\/mentors-producers\/tonje-wik-olaussen_photo-cred_ole_ekker_buckethaus\/","alt":"","author":"1","description":"","caption":"","name":"tonje-wik-olaussen_photo-cred_ole_ekker_buckethaus","status":"inherit","uploaded_to":231,"date":"2022-05-26 10:11:20","modified":"2022-05-26 10:11:20","menu_order":0,"mime_type":"image\/jpeg","type":"image","subtype":"jpeg","icon":"https:\/\/the-shake-down.com\/wp-includes\/images\/media\/default.png","width":960,"height":1280,"sizes":{"thumbnail":"https:\/\/the-shake-down.com\/wp-content\/uploads\/2022\/05\/Tonje-Wik-Olaussen_photo-cred_ole_ekker_buckethaus-150x150.jpg","thumbnail-width":150,"thumbnail-height":150,"medium":"https:\/\/the-shake-down.com\/wp-content\/uploads\/2022\/05\/Tonje-Wik-Olaussen_photo-cred_ole_ekker_buckethaus-225x300.jpg","medium-width":225,"medium-height":300,"medium_large":"https:\/\/the-shake-down.com\/wp-content\/uploads\/2022\/05\/Tonje-Wik-Olaussen_photo-cred_ole_ekker_buckethaus.jpg","medium_large-width":768,"medium_large-height":1024,"large":"https:\/\/the-shake-down.com\/wp-content\/uploads\/2022\/05\/Tonje-Wik-Olaussen_photo-cred_ole_ekker_buckethaus-768x1024.jpg","large-width":768,"large-height":1024,"1536x1536":"https:\/\/the-shake-down.com\/wp-content\/uploads\/2022\/05\/Tonje-Wik-Olaussen_photo-cred_ole_ekker_buckethaus.jpg","1536x1536-width":960,"1536x1536-height":1280,"2048x2048":"https:\/\/the-shake-down.com\/wp-content\/uploads\/2022\/05\/Tonje-Wik-Olaussen_photo-cred_ole_ekker_buckethaus.jpg","2048x2048-width":960,"2048x2048-height":1280}},"description":"<p><span style=\"font-weight: 400;\">Mani sauc <\/span><b>Tonje Vika Olausena <\/b><span style=\"font-weight: 400;\">(1988). Es esmu producente un re\u017eisore no Tronheimas, Norv\u0113\u0123ijas. Kop\u0161 2017. gada str\u0101d\u0101ju Rosendal te\u0101tr\u012b. Es daudzus gadus dz\u012bvoju London\u0101, t\u0101 ir pils\u0113ta, kur\u0101 es bie\u017ei atgrie\u017eos un kuru uztveru par sav\u0101m otraj\u0101m m\u0101j\u0101m. Man pat\u012bk garas pastaigas, las\u012bt gr\u0101matas, skat\u012bties filmas un izr\u0101des, str\u0101d\u0101t ar m\u0101lu un nodarboties ar jogu. <\/span><\/p>\n"},{"name":"Beka Bergere","image":{"ID":280,"id":280,"title":"Bek_Berger_PhC_Jordan_Prosser","filename":"Bek_Berger_PhC_Jordan_Prosser.jpg","filesize":51015,"url":"https:\/\/the-shake-down.com\/wp-content\/uploads\/2022\/05\/Bek_Berger_PhC_Jordan_Prosser.jpg","link":"https:\/\/the-shake-down.com\/lv\/about\/mentors-producers\/bek_berger_phc_jordan_prosser\/","alt":"","author":"2","description":"","caption":"","name":"bek_berger_phc_jordan_prosser","status":"inherit","uploaded_to":231,"date":"2022-05-30 11:57:07","modified":"2022-05-30 11:57:07","menu_order":0,"mime_type":"image\/jpeg","type":"image","subtype":"jpeg","icon":"https:\/\/the-shake-down.com\/wp-includes\/images\/media\/default.png","width":756,"height":756,"sizes":{"thumbnail":"https:\/\/the-shake-down.com\/wp-content\/uploads\/2022\/05\/Bek_Berger_PhC_Jordan_Prosser-150x150.jpg","thumbnail-width":150,"thumbnail-height":150,"medium":"https:\/\/the-shake-down.com\/wp-content\/uploads\/2022\/05\/Bek_Berger_PhC_Jordan_Prosser-300x300.jpg","medium-width":300,"medium-height":300,"medium_large":"https:\/\/the-shake-down.com\/wp-content\/uploads\/2022\/05\/Bek_Berger_PhC_Jordan_Prosser.jpg","medium_large-width":756,"medium_large-height":756,"large":"https:\/\/the-shake-down.com\/wp-content\/uploads\/2022\/05\/Bek_Berger_PhC_Jordan_Prosser.jpg","large-width":756,"large-height":756,"1536x1536":"https:\/\/the-shake-down.com\/wp-content\/uploads\/2022\/05\/Bek_Berger_PhC_Jordan_Prosser.jpg","1536x1536-width":756,"1536x1536-height":756,"2048x2048":"https:\/\/the-shake-down.com\/wp-content\/uploads\/2022\/05\/Bek_Berger_PhC_Jordan_Prosser.jpg","2048x2048-width":756,"2048x2048-height":756}},"description":"<p><strong>Beka Bergere<\/strong> ir Latvijas Jaun\u0101 te\u0101tra instit\u016bta rado\u0161\u0101 direktore un Starptautisk\u0101 jaun\u0101 te\u0101tra festiv\u0101la &#8220;Homo Novus&#8221; kuratore. Dzimusi Melburn\u0101, Austr\u0101lij\u0101. Vi\u0146a ir str\u0101d\u0101jusi da\u017e\u0101dos skatuves m\u0101kslas festiv\u0101los \u2013&#8221;American Realness&#8221; (ASV), &#8220;Dance Massive&#8221; (Austr\u0101lija), &#8220;Darwin Festival&#8221; (Austr\u0101lija), &#8220;Fierce Festival&#8221; (Lielbrit\u0101nija) and Forest Fringe (Lielbrit\u0101nija). K\u0101 kuratore vi\u0146a ir inici\u0113jusi\/piedal\u012bjusies \u0161\u0101dos projektos \u2013&#8221;Critical Futures&#8221;, &#8220;Convergence&#8221;, &#8220;La Discorso&#8221; un &#8220;Possible Futures Forum&#8221;.<\/p>\n"},{"name":"A\u0161gerdura Gunarsdotira","image":{"ID":269,"id":269,"title":"Asgerdur_Gunnarsdottir","filename":"Asgerdur_Gunnarsdottir.jpg","filesize":299819,"url":"https:\/\/the-shake-down.com\/wp-content\/uploads\/2022\/05\/Asgerdur_Gunnarsdottir.jpg","link":"https:\/\/the-shake-down.com\/lv\/about\/youth\/asgerdur_gunnarsdottir\/","alt":"","author":"1","description":"","caption":"","name":"asgerdur_gunnarsdottir","status":"inherit","uploaded_to":233,"date":"2022-05-26 15:27:11","modified":"2022-05-26 15:27:11","menu_order":0,"mime_type":"image\/jpeg","type":"image","subtype":"jpeg","icon":"https:\/\/the-shake-down.com\/wp-includes\/images\/media\/default.png","width":1440,"height":1440,"sizes":{"thumbnail":"https:\/\/the-shake-down.com\/wp-content\/uploads\/2022\/05\/Asgerdur_Gunnarsdottir-150x150.jpg","thumbnail-width":150,"thumbnail-height":150,"medium":"https:\/\/the-shake-down.com\/wp-content\/uploads\/2022\/05\/Asgerdur_Gunnarsdottir-300x300.jpg","medium-width":300,"medium-height":300,"medium_large":"https:\/\/the-shake-down.com\/wp-content\/uploads\/2022\/05\/Asgerdur_Gunnarsdottir.jpg","medium_large-width":768,"medium_large-height":768,"large":"https:\/\/the-shake-down.com\/wp-content\/uploads\/2022\/05\/Asgerdur_Gunnarsdottir-1024x1024.jpg","large-width":1024,"large-height":1024,"1536x1536":"https:\/\/the-shake-down.com\/wp-content\/uploads\/2022\/05\/Asgerdur_Gunnarsdottir.jpg","1536x1536-width":1440,"1536x1536-height":1440,"2048x2048":"https:\/\/the-shake-down.com\/wp-content\/uploads\/2022\/05\/Asgerdur_Gunnarsdottir.jpg","2048x2048-width":1440,"2048x2048-height":1440}},"description":"<p><b>A\u0161gerdura Gunarsdotira <\/b><span style=\"font-weight: 400;\">(Islande\/Norv\u0113\u0123ija) str\u0101d\u0101 par kuratori, dramatur\u0123i un pasniedz\u0113ju laikmet\u012bg\u0101s dejas un skatuves m\u0101kslas jom\u0101 Island\u0113, Norv\u0113\u0123ij\u0101 un starptautisk\u0101 m\u0113rog\u0101. No 2014. l\u012bdz 2020. gadam vi\u0146a kop\u0101 ar Aleksandru Robertsu bija Reikjav\u012bkas Deju festiv\u0101la m\u0101ksliniecisk\u0101 vad\u012bt\u0101ja, k\u0101 ar\u012b asoci\u0113t\u0101 profesore un teorijas programmas direktore \u012aslandes M\u0101kslas universit\u0101tes Skatuves m\u0101kslas katedr\u0101 no 2015. l\u012bdz 2021. gadam. \u0160obr\u012bd vi\u0146a str\u0101d\u0101 par producenti un dramatur\u0123i dejas centr\u0101 \u201cDansiT\u201d Tronheim\u0101, k\u0101 ar\u012b str\u0101d\u0101 ar neatkar\u012bgiem projektiem starptautiski. Vi\u0146as k\u0101 kuratores intereses ir saist\u012btas ar to, k\u0101 dot platformu maz\u0101k dzird\u0113t\u0101m bals\u012bm un k\u0101 veicin\u0101t marginaliz\u0113tu grupu intereses skatuves m\u0101kslas kuratora praks\u0113. Vi\u0146a sa\u0146\u0113ma Islandes skatuves m\u0101kslas balvu \u201cGriman\u201d 2020. gad\u0101 par kuratores darbu 2019. gada Reikjav\u012bkas dejas festiv\u0101l\u0101.<\/span><\/p>\n"},{"name":"Sandra Lapkovska","image":{"ID":360,"id":360,"title":"Sandra Lapkovska_2","filename":"Sandra-Lapkovska_2.jpg","filesize":121552,"url":"https:\/\/the-shake-down.com\/wp-content\/uploads\/2022\/06\/Sandra-Lapkovska_2.jpg","link":"https:\/\/the-shake-down.com\/lv\/about\/mentors-producers\/sandra-lapkovska_2\/","alt":"","author":"2","description":"","caption":"","name":"sandra-lapkovska_2","status":"inherit","uploaded_to":231,"date":"2022-06-01 10:36:28","modified":"2022-06-01 10:36:28","menu_order":0,"mime_type":"image\/jpeg","type":"image","subtype":"jpeg","icon":"https:\/\/the-shake-down.com\/wp-includes\/images\/media\/default.png","width":989,"height":679,"sizes":{"thumbnail":"https:\/\/the-shake-down.com\/wp-content\/uploads\/2022\/06\/Sandra-Lapkovska_2-150x150.jpg","thumbnail-width":150,"thumbnail-height":150,"medium":"https:\/\/the-shake-down.com\/wp-content\/uploads\/2022\/06\/Sandra-Lapkovska_2-300x206.jpg","medium-width":300,"medium-height":206,"medium_large":"https:\/\/the-shake-down.com\/wp-content\/uploads\/2022\/06\/Sandra-Lapkovska_2.jpg","medium_large-width":768,"medium_large-height":527,"large":"https:\/\/the-shake-down.com\/wp-content\/uploads\/2022\/06\/Sandra-Lapkovska_2.jpg","large-width":989,"large-height":679,"1536x1536":"https:\/\/the-shake-down.com\/wp-content\/uploads\/2022\/06\/Sandra-Lapkovska_2.jpg","1536x1536-width":989,"1536x1536-height":679,"2048x2048":"https:\/\/the-shake-down.com\/wp-content\/uploads\/2022\/06\/Sandra-Lapkovska_2.jpg","2048x2048-width":989,"2048x2048-height":679}},"description":"<p><strong>Sandra Lapkovska<\/strong> ir producente un projektu koordinatore, kas p\u0113d\u0113jos desmit gadus ir str\u0101d\u0101jusi Latvijas Jaun\u0101 te\u0101tra instit\u016bt\u0101 un Starptautiskaj\u0101 jaun\u0101 te\u0101tra festiv\u0101l\u0101 \u201cHomo Novus\u201d. Br\u012bvaj\u0101 laik\u0101 pal\u012bdz citiem domubiedriem realiz\u0113t idejas, kuras, cerams, rosina v\u0113l citus diskut\u0113t, dom\u0101t, sap\u0146ot un dar\u012bt.<\/p>\n"}]},"_links":{"self":[{"href":"https:\/\/the-shake-down.com\/lv\/wp-json\/wp\/v2\/pages\/231","targetHints":{"allow":["GET"]}}],"collection":[{"href":"https:\/\/the-shake-down.com\/lv\/wp-json\/wp\/v2\/pages"}],"about":[{"href":"https:\/\/the-shake-down.com\/lv\/wp-json\/wp\/v2\/types\/page"}],"author":[{"embeddable":true,"href":"https:\/\/the-shake-down.com\/lv\/wp-json\/wp\/v2\/users\/1"}],"replies":[{"embeddable":true,"href":"https:\/\/the-shake-down.com\/lv\/wp-json\/wp\/v2\/comments?post=231"}],"version-history":[{"count":15,"href":"https:\/\/the-shake-down.com\/lv\/wp-json\/wp\/v2\/pages\/231\/revisions"}],"predecessor-version":[{"id":364,"href":"https:\/\/the-shake-down.com\/lv\/wp-json\/wp\/v2\/pages\/231\/revisions\/364"}],"up":[{"embeddable":true,"href":"https:\/\/the-shake-down.com\/lv\/wp-json\/wp\/v2\/pages\/227"}],"wp:attachment":[{"href":"https:\/\/the-shake-down.com\/lv\/wp-json\/wp\/v2\/media?parent=231"}],"curies":[{"name":"wp","href":"https:\/\/api.w.org\/{rel}","templated":true}]}}