{"id":233,"date":"2022-05-26T11:34:57","date_gmt":"2022-05-26T09:34:57","guid":{"rendered":"https:\/\/shakedown.kondrats.dev\/?page_id=233"},"modified":"2022-07-04T21:09:19","modified_gmt":"2022-07-04T19:09:19","slug":"youth","status":"publish","type":"page","link":"https:\/\/the-shake-down.com\/lv\/about\/youth\/","title":{"rendered":"Jaunie\u0161i"},"content":{"rendered":"","protected":false},"excerpt":{"rendered":"","protected":false},"author":1,"featured_media":0,"parent":227,"menu_order":0,"comment_status":"closed","ping_status":"closed","template":"about_child.php","meta":{"inline_featured_image":false,"footnotes":""},"class_list":["post-233","page","type-page","status-publish","hentry"],"acf":{"people":[{"name":"Karu Treij","image":{"ID":256,"id":256,"title":"Karu","filename":"Karu.jpg","filesize":109271,"url":"https:\/\/the-shake-down.com\/wp-content\/uploads\/2022\/05\/Karu.jpg","link":"https:\/\/the-shake-down.com\/lv\/about\/youth\/karu\/","alt":"","author":"1","description":"","caption":"","name":"karu","status":"inherit","uploaded_to":233,"date":"2022-05-26 10:14:09","modified":"2022-05-26 10:14:09","menu_order":0,"mime_type":"image\/jpeg","type":"image","subtype":"jpeg","icon":"https:\/\/the-shake-down.com\/wp-includes\/images\/media\/default.png","width":1101,"height":750,"sizes":{"thumbnail":"https:\/\/the-shake-down.com\/wp-content\/uploads\/2022\/05\/Karu-150x150.jpg","thumbnail-width":150,"thumbnail-height":150,"medium":"https:\/\/the-shake-down.com\/wp-content\/uploads\/2022\/05\/Karu-300x204.jpg","medium-width":300,"medium-height":204,"medium_large":"https:\/\/the-shake-down.com\/wp-content\/uploads\/2022\/05\/Karu.jpg","medium_large-width":768,"medium_large-height":523,"large":"https:\/\/the-shake-down.com\/wp-content\/uploads\/2022\/05\/Karu-1024x698.jpg","large-width":1024,"large-height":698,"1536x1536":"https:\/\/the-shake-down.com\/wp-content\/uploads\/2022\/05\/Karu.jpg","1536x1536-width":1101,"1536x1536-height":750,"2048x2048":"https:\/\/the-shake-down.com\/wp-content\/uploads\/2022\/05\/Karu.jpg","2048x2048-width":1101,"2048x2048-height":750}},"description":"<p><span style=\"font-weight: 400;\">Es \u0161ito rakst\u012b\u0161u k\u0101 mileni\u0101\u013ca Tindera aprakstu.\u00a0<\/span><\/p>\n<p><span style=\"font-weight: 400;\">Kurators. Tambor\u0113t\u0101js. Ka\u0137u m\u012b\u013cot\u0101js. Terapijas apmekl\u0113t\u0101js. Aktieris un re\u017eisors (jaut\u0101jiet Ikaram). Nepublic\u0113tu gr\u0101matu un eseju autors. P\u012bpmanis. V\u0113stures entuziasts. Nedabisku \u0123ime\u0146u atbalst\u012bt\u0101js. Skolnieks. Zivs. Rakstu dienasgr\u0101matu, lietoju antidepresantus un baudu dz\u012bvi. Nemak\u0161\u0137er\u0113ju. Izmantoju vienk\u0101r\u0161runu. P\u0101rzinu Otro pasaules karu. Glab\u0101ju s\u012bknaudu burk\u0101s. <\/span><\/p>\n"},{"name":"SAMUELS OZOLI\u0145\u0160","image":{"ID":255,"id":255,"title":"Samuels_Ozolins_Foto_Kristans_Rozitis","filename":"Samuels_Ozolins_Foto_Kristans_Rozitis.jpg","filesize":109455,"url":"https:\/\/the-shake-down.com\/wp-content\/uploads\/2022\/05\/Samuels_Ozolins_Foto_Kristans_Rozitis.jpg","link":"https:\/\/the-shake-down.com\/lv\/about\/youth\/samuels_ozolins_foto_kristans_rozitis\/","alt":"","author":"1","description":"","caption":"","name":"samuels_ozolins_foto_kristans_rozitis","status":"inherit","uploaded_to":233,"date":"2022-05-26 10:14:09","modified":"2022-05-26 10:14:09","menu_order":0,"mime_type":"image\/jpeg","type":"image","subtype":"jpeg","icon":"https:\/\/the-shake-down.com\/wp-includes\/images\/media\/default.png","width":1280,"height":1280,"sizes":{"thumbnail":"https:\/\/the-shake-down.com\/wp-content\/uploads\/2022\/05\/Samuels_Ozolins_Foto_Kristans_Rozitis-150x150.jpg","thumbnail-width":150,"thumbnail-height":150,"medium":"https:\/\/the-shake-down.com\/wp-content\/uploads\/2022\/05\/Samuels_Ozolins_Foto_Kristans_Rozitis-300x300.jpg","medium-width":300,"medium-height":300,"medium_large":"https:\/\/the-shake-down.com\/wp-content\/uploads\/2022\/05\/Samuels_Ozolins_Foto_Kristans_Rozitis.jpg","medium_large-width":768,"medium_large-height":768,"large":"https:\/\/the-shake-down.com\/wp-content\/uploads\/2022\/05\/Samuels_Ozolins_Foto_Kristans_Rozitis-1024x1024.jpg","large-width":1024,"large-height":1024,"1536x1536":"https:\/\/the-shake-down.com\/wp-content\/uploads\/2022\/05\/Samuels_Ozolins_Foto_Kristans_Rozitis.jpg","1536x1536-width":1280,"1536x1536-height":1280,"2048x2048":"https:\/\/the-shake-down.com\/wp-content\/uploads\/2022\/05\/Samuels_Ozolins_Foto_Kristans_Rozitis.jpg","2048x2048-width":1280,"2048x2048-height":1280}},"description":"<p><span style=\"font-weight: 400;\">Pirmk\u0101rt, jau laikam es esmu 18 gad\u012bgs skol\u0113ns, m\u0101cos R\u012bgas Valsts V\u0101cu \u0123imn\u0101zij\u0101. Bet jau kop\u0161 b\u0113rn\u012bbas mani aizrauj m\u0101ksla. S\u0101kum\u0101 t\u0101 bija vizu\u0101l\u0101 m\u0101ksla, k\u0101du laiku t\u0101 tas ar\u012b palika, tad pavisam nejau\u0161\u012bbas p\u0113c skol\u0101 iepazinos ar te\u0101tri, net\u012b\u0161\u0101m k\u013cuvu ar\u012b par aktieri skolas te\u0101tra studij\u0101, iepazinos ar re\u017eijas pamatiem. Taj\u0101 pa\u0161\u0101 laik\u0101 mana br\u012bni\u0161\u0137\u012bg\u0101 literat\u016bras skolot\u0101ja mani ievilka rakst\u012bt\u0101s valodas br\u012bnumos, kuros uzkav\u0113jos joproj\u0101m, visvair\u0101k rakstot dzeju. Turpinot sekot l\u012bdzi ar\u012b vizu\u0101l\u0101s m\u0101kslas notikumiem, non\u0101cu Latvijas Nacion\u0101l\u0101 m\u0101kslas muzeja Jaunie\u0161u klub\u0101, kur\u0101 pal\u012bdzu soci\u0101lo t\u012bklu un tekstu jaut\u0101jumos. Kop\u0161 2021. gada septembra esmu jaunie\u0161u te\u0101tra studijas \u201cK\u0101pnes\u201d biedrs. K\u0101 br\u012bvpr\u0101t\u012bgais non\u0101cu Latvijas Jaun\u0101 te\u0101tra instit\u016bt\u0101, piedal\u012bjos performances \u201cDz\u012bres\u201d (festiv\u0101ls \u201cHomo Novus\u201d, 2021) veido\u0161an\u0101. Caur LJTI non\u0101cu \u201cApv\u0113rsum\u0101\u201d. Tagad gaidu, ko kop\u0101 saveidosim!<\/span><\/p>\n"},{"name":"Ikars Gra\u017edanovi\u010ds","image":{"ID":254,"id":254,"title":"fbt","filename":"Ikars.jpg","filesize":3126041,"url":"https:\/\/the-shake-down.com\/wp-content\/uploads\/2022\/05\/Ikars.jpg","link":"https:\/\/the-shake-down.com\/lv\/about\/youth\/fbt\/","alt":"","author":"1","description":"","caption":"fbt","name":"fbt","status":"inherit","uploaded_to":233,"date":"2022-05-26 10:14:08","modified":"2022-05-26 10:14:08","menu_order":0,"mime_type":"image\/jpeg","type":"image","subtype":"jpeg","icon":"https:\/\/the-shake-down.com\/wp-includes\/images\/media\/default.png","width":2448,"height":3264,"sizes":{"thumbnail":"https:\/\/the-shake-down.com\/wp-content\/uploads\/2022\/05\/Ikars-150x150.jpg","thumbnail-width":150,"thumbnail-height":150,"medium":"https:\/\/the-shake-down.com\/wp-content\/uploads\/2022\/05\/Ikars-225x300.jpg","medium-width":225,"medium-height":300,"medium_large":"https:\/\/the-shake-down.com\/wp-content\/uploads\/2022\/05\/Ikars.jpg","medium_large-width":768,"medium_large-height":1024,"large":"https:\/\/the-shake-down.com\/wp-content\/uploads\/2022\/05\/Ikars-768x1024.jpg","large-width":768,"large-height":1024,"1536x1536":"https:\/\/the-shake-down.com\/wp-content\/uploads\/2022\/05\/Ikars.jpg","1536x1536-width":1152,"1536x1536-height":1536,"2048x2048":"https:\/\/the-shake-down.com\/wp-content\/uploads\/2022\/05\/Ikars.jpg","2048x2048-width":1536,"2048x2048-height":2048}},"description":"<p><span style=\"font-weight: 400;\">Man ir \u013coti gr\u016bti pa\u0161am sevi aprakst\u012bt, galvenok\u0101rt t\u0101p\u0113c, ka pats v\u0113l nezinu, kas un k\u0101ds es gribu b\u016bt. Es sevi uzskatu par \u013coti daudzpus\u012bgu cilv\u0113ku ar pla\u0161u intere\u0161u loku, it \u012bpa\u0161i m\u0101kslas kontekst\u0101. Pateicoties vec\u0101kiem, pieaugot mana dz\u012bve griez\u0101s ap t\u0113lot\u0101jm\u0101kslu, esmu ar\u012b piedal\u012bjies filmu un anim\u0101ciju veido\u0161an\u0101 un re\u017eij\u0101, ta\u010du te\u0101tris, it \u012bpa\u0161i laikmet\u012bgais te\u0101tris, mani vienm\u0113r ir saist\u012bjis. Iepriek\u0161 esmu piedal\u012bjies t\u0101das &#8220;Homo Novus&#8221; izr\u0101d\u0113s, k\u0101 &#8220;Party animals&#8221; un &#8220;Sex, drugs and criminality&#8221;, un pats veidojis ar\u012b savas amatierizr\u0101des un instal\u0101cijas. <\/span><\/p>\n"},{"name":"ALBERTS ROZE","image":{"ID":252,"id":252,"title":"Alberts_Roze","filename":"Alberts_Roze.jpg","filesize":175512,"url":"https:\/\/the-shake-down.com\/wp-content\/uploads\/2022\/05\/Alberts_Roze.jpg","link":"https:\/\/the-shake-down.com\/lv\/about\/youth\/alberts_roze\/","alt":"","author":"1","description":"","caption":"","name":"alberts_roze","status":"inherit","uploaded_to":233,"date":"2022-05-26 10:14:05","modified":"2022-05-26 10:14:05","menu_order":0,"mime_type":"image\/jpeg","type":"image","subtype":"jpeg","icon":"https:\/\/the-shake-down.com\/wp-includes\/images\/media\/default.png","width":948,"height":1279,"sizes":{"thumbnail":"https:\/\/the-shake-down.com\/wp-content\/uploads\/2022\/05\/Alberts_Roze-150x150.jpg","thumbnail-width":150,"thumbnail-height":150,"medium":"https:\/\/the-shake-down.com\/wp-content\/uploads\/2022\/05\/Alberts_Roze-222x300.jpg","medium-width":222,"medium-height":300,"medium_large":"https:\/\/the-shake-down.com\/wp-content\/uploads\/2022\/05\/Alberts_Roze.jpg","medium_large-width":768,"medium_large-height":1036,"large":"https:\/\/the-shake-down.com\/wp-content\/uploads\/2022\/05\/Alberts_Roze-759x1024.jpg","large-width":759,"large-height":1024,"1536x1536":"https:\/\/the-shake-down.com\/wp-content\/uploads\/2022\/05\/Alberts_Roze.jpg","1536x1536-width":948,"1536x1536-height":1279,"2048x2048":"https:\/\/the-shake-down.com\/wp-content\/uploads\/2022\/05\/Alberts_Roze.jpg","2048x2048-width":948,"2048x2048-height":1279}},"description":"<p><span style=\"font-weight: 400;\">Lai gan liel\u0101ko da\u013cu dienas pavadu, m\u0101coties eksakt\u0101s zin\u0101tnes, savu br\u012bvo laiku veltu da\u017e\u0101d\u0101m m\u0101kslas nodarb\u0113m un akt\u012bvi piedalos kult\u016bras projektos. Ar \u201cHomo Novus\u201d s\u0101ku str\u0101d\u0101t 2021. gad\u0101 izr\u0101d\u0113 \u201cSex, Drugs and Criminality\u201d, bet jau pirms tam esmu str\u0101d\u0101jis da\u017e\u0101du filmu uz\u0146em\u0161anas laukumos un te\u0101tra studij\u0101 \u201cK\u0101pnes\u201d. Mana aizrau\u0161an\u0101s ar literat\u016bru gan no las\u012bt\u0101ja, gan autora puses, k\u0101 ar\u012b do\u0161an\u0101s apmai\u0146as programm\u0101 ir izrais\u012bjusi lielu interesi par sve\u0161valod\u0101m, kuras es nemit\u012bgi apg\u016bstu, \u013caujot piedal\u012bties starptautiskos projektos par valodas t\u0113m\u0101m un p\u0101rst\u0101v\u0113t skolu un valsti deba\u0161u izlas\u0113s. Es ceru savu n\u0101kotni saist\u012bt ar valodu un te\u0101tri, \u012bpa\u0161u siltumu sird\u012b turot pret tulko\u0161anas un atdzejas nozar\u0113m. <\/span><\/p>\n"},{"name":"Margita Ade","image":{"ID":283,"id":283,"title":"Margit Adde","filename":"Margit-Adde.jpg","filesize":149037,"url":"https:\/\/the-shake-down.com\/wp-content\/uploads\/2022\/05\/Margit-Adde.jpg","link":"https:\/\/the-shake-down.com\/lv\/about\/youth\/margit-adde\/","alt":"","author":"2","description":"","caption":"","name":"margit-adde","status":"inherit","uploaded_to":233,"date":"2022-05-30 12:28:27","modified":"2022-05-30 12:28:27","menu_order":0,"mime_type":"image\/jpeg","type":"image","subtype":"jpeg","icon":"https:\/\/the-shake-down.com\/wp-includes\/images\/media\/default.png","width":1009,"height":1126,"sizes":{"thumbnail":"https:\/\/the-shake-down.com\/wp-content\/uploads\/2022\/05\/Margit-Adde-150x150.jpg","thumbnail-width":150,"thumbnail-height":150,"medium":"https:\/\/the-shake-down.com\/wp-content\/uploads\/2022\/05\/Margit-Adde-269x300.jpg","medium-width":269,"medium-height":300,"medium_large":"https:\/\/the-shake-down.com\/wp-content\/uploads\/2022\/05\/Margit-Adde.jpg","medium_large-width":768,"medium_large-height":857,"large":"https:\/\/the-shake-down.com\/wp-content\/uploads\/2022\/05\/Margit-Adde-918x1024.jpg","large-width":918,"large-height":1024,"1536x1536":"https:\/\/the-shake-down.com\/wp-content\/uploads\/2022\/05\/Margit-Adde.jpg","1536x1536-width":1009,"1536x1536-height":1126,"2048x2048":"https:\/\/the-shake-down.com\/wp-content\/uploads\/2022\/05\/Margit-Adde.jpg","2048x2048-width":1009,"2048x2048-height":1126}},"description":"<p><span style=\"font-weight: 400;\">Mani sauc Margita Ade (dzimusi 2003. gad\u0101) un es stud\u0113ju m\u0101kslu Tronheim\u0101. Manas \u0161\u012b br\u012b\u017ea intereses saist\u012btas ar jaunie\u0161u m\u0101kslas kopienu Tronheim\u0101, un es v\u0113los iepaz\u012bt \u0161o pils\u0113tu, uz kuru nesen p\u0101rc\u0113los. Paral\u0113li es nodarbojos ar vair\u0101kiem hobijiem \u2013 glezno\u0161anu, z\u012bm\u0113\u0161anu, dzejas rakst\u012b\u0161anu, fotograf\u0113\u0161anu ar telefonu, tambor\u0113\u0161anu un politiku. Es esmu dar\u012bt\u0101ja, m\u0101ksliniece un jauniete.\u00a0 <\/span><\/p>\n"},{"name":"Heda Osmo Rode","image":{"ID":284,"id":284,"title":"Hedda Rohde","filename":"Hedda-Rohde.jpg","filesize":237194,"url":"https:\/\/the-shake-down.com\/wp-content\/uploads\/2022\/05\/Hedda-Rohde.jpg","link":"https:\/\/the-shake-down.com\/lv\/about\/youth\/hedda-rohde\/","alt":"","author":"2","description":"","caption":"","name":"hedda-rohde","status":"inherit","uploaded_to":233,"date":"2022-05-30 12:29:08","modified":"2022-05-30 12:29:08","menu_order":0,"mime_type":"image\/jpeg","type":"image","subtype":"jpeg","icon":"https:\/\/the-shake-down.com\/wp-includes\/images\/media\/default.png","width":480,"height":640,"sizes":{"thumbnail":"https:\/\/the-shake-down.com\/wp-content\/uploads\/2022\/05\/Hedda-Rohde-150x150.jpg","thumbnail-width":150,"thumbnail-height":150,"medium":"https:\/\/the-shake-down.com\/wp-content\/uploads\/2022\/05\/Hedda-Rohde-225x300.jpg","medium-width":225,"medium-height":300,"medium_large":"https:\/\/the-shake-down.com\/wp-content\/uploads\/2022\/05\/Hedda-Rohde.jpg","medium_large-width":480,"medium_large-height":640,"large":"https:\/\/the-shake-down.com\/wp-content\/uploads\/2022\/05\/Hedda-Rohde.jpg","large-width":480,"large-height":640,"1536x1536":"https:\/\/the-shake-down.com\/wp-content\/uploads\/2022\/05\/Hedda-Rohde.jpg","1536x1536-width":480,"1536x1536-height":640,"2048x2048":"https:\/\/the-shake-down.com\/wp-content\/uploads\/2022\/05\/Hedda-Rohde.jpg","2048x2048-width":480,"2048x2048-height":640}},"description":"<p><span style=\"font-weight: 400;\">Mani sauc Hedda Osmo Rode (dzimusi 2007. gad\u0101). Man pat\u012bk m\u016bzika, sp\u0113l\u0113t m\u016bzikas instrumentus un m\u0101ksla! Es fanoju par telefona un galda sp\u0113l\u0113m. Un v\u0113l man \u013coti pat\u012bk sp\u0113l\u0113t voljebolu!<\/span><\/p>\n"},{"name":"Nikolajs Fursets Ra\u0161felds","image":{"ID":297,"id":297,"title":"Nikolai Rushfeldt","filename":"Nikolai-Rushfeldt.jpg","filesize":2590609,"url":"https:\/\/the-shake-down.com\/wp-content\/uploads\/2022\/05\/Nikolai-Rushfeldt.jpg","link":"https:\/\/the-shake-down.com\/lv\/about\/youth\/nikolai-rushfeldt\/","alt":"","author":"2","description":"","caption":"","name":"nikolai-rushfeldt","status":"inherit","uploaded_to":233,"date":"2022-05-31 10:19:22","modified":"2022-05-31 10:19:22","menu_order":0,"mime_type":"image\/jpeg","type":"image","subtype":"jpeg","icon":"https:\/\/the-shake-down.com\/wp-includes\/images\/media\/default.png","width":3617,"height":4180,"sizes":{"thumbnail":"https:\/\/the-shake-down.com\/wp-content\/uploads\/2022\/05\/Nikolai-Rushfeldt-150x150.jpg","thumbnail-width":150,"thumbnail-height":150,"medium":"https:\/\/the-shake-down.com\/wp-content\/uploads\/2022\/05\/Nikolai-Rushfeldt-260x300.jpg","medium-width":260,"medium-height":300,"medium_large":"https:\/\/the-shake-down.com\/wp-content\/uploads\/2022\/05\/Nikolai-Rushfeldt.jpg","medium_large-width":768,"medium_large-height":888,"large":"https:\/\/the-shake-down.com\/wp-content\/uploads\/2022\/05\/Nikolai-Rushfeldt-886x1024.jpg","large-width":886,"large-height":1024,"1536x1536":"https:\/\/the-shake-down.com\/wp-content\/uploads\/2022\/05\/Nikolai-Rushfeldt.jpg","1536x1536-width":1329,"1536x1536-height":1536,"2048x2048":"https:\/\/the-shake-down.com\/wp-content\/uploads\/2022\/05\/Nikolai-Rushfeldt.jpg","2048x2048-width":1772,"2048x2048-height":2048}},"description":"<p><span style=\"font-weight: 400;\">Mani sauc Nikolajs Fursets Ra\u0161felds (dzimis 2002. gad\u0101). Es t\u016bl\u012bt absolv\u0113\u0161u vidusskolu. Mani interes\u0113 te\u0101tris, dr\u0101ma, vizu\u0101l\u0101 m\u0101ksla, skatuves m\u0101ksla vis\u0101s t\u0101s form\u0101s, kino un filmas, m\u0101j\u0101s skat\u012bties seri\u0101lus, str\u0101d\u0101t, rakst\u012bt pa\u0161am savas lugas un visp\u0101r \u2013 rakst\u012bt, fotograf\u0113t, ierakst\u012bt podk\u0101stus, bet manas intereses vienm\u0113r main\u0101s.<\/span><\/p>\n"},{"name":"Annija Stranda Molstere","image":{"ID":285,"id":285,"title":"Annie Strand M\u00f8lster","filename":"Annie-Strand-Molster.jpg","filesize":178378,"url":"https:\/\/the-shake-down.com\/wp-content\/uploads\/2022\/05\/Annie-Strand-Molster.jpg","link":"https:\/\/the-shake-down.com\/lv\/about\/youth\/annie-strand-molster\/","alt":"","author":"2","description":"","caption":"","name":"annie-strand-molster","status":"inherit","uploaded_to":233,"date":"2022-05-30 12:29:19","modified":"2022-05-30 12:29:19","menu_order":0,"mime_type":"image\/jpeg","type":"image","subtype":"jpeg","icon":"https:\/\/the-shake-down.com\/wp-includes\/images\/media\/default.png","width":910,"height":1700,"sizes":{"thumbnail":"https:\/\/the-shake-down.com\/wp-content\/uploads\/2022\/05\/Annie-Strand-Molster-150x150.jpg","thumbnail-width":150,"thumbnail-height":150,"medium":"https:\/\/the-shake-down.com\/wp-content\/uploads\/2022\/05\/Annie-Strand-Molster-161x300.jpg","medium-width":161,"medium-height":300,"medium_large":"https:\/\/the-shake-down.com\/wp-content\/uploads\/2022\/05\/Annie-Strand-Molster.jpg","medium_large-width":768,"medium_large-height":1435,"large":"https:\/\/the-shake-down.com\/wp-content\/uploads\/2022\/05\/Annie-Strand-Molster-548x1024.jpg","large-width":548,"large-height":1024,"1536x1536":"https:\/\/the-shake-down.com\/wp-content\/uploads\/2022\/05\/Annie-Strand-Molster.jpg","1536x1536-width":822,"1536x1536-height":1536,"2048x2048":"https:\/\/the-shake-down.com\/wp-content\/uploads\/2022\/05\/Annie-Strand-Molster.jpg","2048x2048-width":910,"2048x2048-height":1700}},"description":"<p><span style=\"font-weight: 400;\">Mani sauc Annija Stranda Molstere (dzimusi 2006. gad\u0101). Es t\u016bl\u012bt uzs\u0101k\u0161u m\u0101c\u012bbas Tronheimas vidusskol\u0101. Man pat\u012bk m\u016bzika, ar\u012b rakst\u012bt m\u016bziku, k\u0101 ar\u012b te\u0101tris \u2013 it \u012bpa\u0161i muzik\u0101lais te\u0101tris. Un v\u0113l man \u013coti pat\u012bk astrolo\u0123ija, \u2013 pajaut\u0101jiet man par Veneras z\u012bm\u0113m, es b\u016b\u0161u \u013coti priec\u012bga.<\/span><\/p>\n"},{"name":"Zahida Kardu","image":{"ID":253,"id":253,"title":"Zahida Kardou","filename":"Zahida-Kardou-rotated.jpeg","filesize":89349,"url":"https:\/\/the-shake-down.com\/wp-content\/uploads\/2022\/05\/Zahida-Kardou-rotated.jpeg","link":"https:\/\/the-shake-down.com\/lv\/about\/youth\/zahida-kardou\/","alt":"","author":"1","description":"","caption":"","name":"zahida-kardou","status":"inherit","uploaded_to":233,"date":"2022-05-26 10:14:05","modified":"2022-05-26 10:14:05","menu_order":0,"mime_type":"image\/jpeg","type":"image","subtype":"jpeg","icon":"https:\/\/the-shake-down.com\/wp-includes\/images\/media\/default.png","width":1054,"height":567,"sizes":{"thumbnail":"https:\/\/the-shake-down.com\/wp-content\/uploads\/2022\/05\/Zahida-Kardou-150x150.jpeg","thumbnail-width":150,"thumbnail-height":150,"medium":"https:\/\/the-shake-down.com\/wp-content\/uploads\/2022\/05\/Zahida-Kardou-300x161.jpeg","medium-width":300,"medium-height":161,"medium_large":"https:\/\/the-shake-down.com\/wp-content\/uploads\/2022\/05\/Zahida-Kardou-rotated.jpeg","medium_large-width":768,"medium_large-height":413,"large":"https:\/\/the-shake-down.com\/wp-content\/uploads\/2022\/05\/Zahida-Kardou-1024x551.jpeg","large-width":1024,"large-height":551,"1536x1536":"https:\/\/the-shake-down.com\/wp-content\/uploads\/2022\/05\/Zahida-Kardou-rotated.jpeg","1536x1536-width":1054,"1536x1536-height":567,"2048x2048":"https:\/\/the-shake-down.com\/wp-content\/uploads\/2022\/05\/Zahida-Kardou-rotated.jpeg","2048x2048-width":1054,"2048x2048-height":567}},"description":"<p><span style=\"font-weight: 400;\">Mani sauc Zahida Kardu (dzimusi 2008. gad\u0101). Es esmu skolniece. Mani interes\u0113 iepirk\u0161an\u0101s, te\u0101tris un pavad\u012bt laiku ar draugiem.<\/span><\/p>\n"},{"name":"ESTERE DIMITERE","image":{"ID":268,"id":268,"title":"Estere_Dimitere","filename":"Estere_Dimitere.jpg","filesize":275025,"url":"https:\/\/the-shake-down.com\/wp-content\/uploads\/2022\/05\/Estere_Dimitere.jpg","link":"https:\/\/the-shake-down.com\/lv\/about\/youth\/estere_dimitere\/","alt":"","author":"1","description":"","caption":"","name":"estere_dimitere","status":"inherit","uploaded_to":233,"date":"2022-05-26 15:27:11","modified":"2022-05-26 15:27:11","menu_order":0,"mime_type":"image\/jpeg","type":"image","subtype":"jpeg","icon":"https:\/\/the-shake-down.com\/wp-includes\/images\/media\/default.png","width":1500,"height":1125,"sizes":{"thumbnail":"https:\/\/the-shake-down.com\/wp-content\/uploads\/2022\/05\/Estere_Dimitere-150x150.jpg","thumbnail-width":150,"thumbnail-height":150,"medium":"https:\/\/the-shake-down.com\/wp-content\/uploads\/2022\/05\/Estere_Dimitere-300x225.jpg","medium-width":300,"medium-height":225,"medium_large":"https:\/\/the-shake-down.com\/wp-content\/uploads\/2022\/05\/Estere_Dimitere.jpg","medium_large-width":768,"medium_large-height":576,"large":"https:\/\/the-shake-down.com\/wp-content\/uploads\/2022\/05\/Estere_Dimitere-1024x768.jpg","large-width":1024,"large-height":768,"1536x1536":"https:\/\/the-shake-down.com\/wp-content\/uploads\/2022\/05\/Estere_Dimitere.jpg","1536x1536-width":1500,"1536x1536-height":1125,"2048x2048":"https:\/\/the-shake-down.com\/wp-content\/uploads\/2022\/05\/Estere_Dimitere.jpg","2048x2048-width":1500,"2048x2048-height":1125}},"description":"<p><span style=\"font-weight: 400;\">\u010cau! Mani sauc Estere, es esmu viena no jaunajiem kuratoriem projekt\u0101 &#8220;Apv\u0113rsums&#8221;. Man kuratora darbs \u0161\u0137iet \u013coti daudzpus\u012bgs, tehnisks, ta\u010du ar\u012b rado\u0161s. K\u0101 mani raksturotu draugs: &#8220;Tu esi dzi\u013ci iep\u012bta ar m\u0101kslu \u2013 iep\u012bta k\u0101 tavas b\u0113rn\u012bbas matu bizes, iep\u012bta k\u0101 visi tavi vilnas humpalu d\u017eemperi, iep\u012bta k\u0101 audekls uz kura glezno savus iekav\u0113tos skolas darbus.&#8221; Gleznot, z\u012bm\u0113t, m\u0101kslot, sauciet k\u0101 gribat, to daru kop\u0161 apzinos savu eksistenci. Esmu beigusi C\u0113su m\u0101kslas skolu un devusies pils\u0113tnieces gait\u0101s, pa\u0161laik m\u0101coties grafisko dizainu R\u012bgas Dizaina un m\u0101kslas vidusskol\u0101. Paral\u0113li iepaz\u012bstu R\u012bgu, m\u0101kslu, dz\u012bvi un sevi. <\/span><\/p>\n"}]},"_links":{"self":[{"href":"https:\/\/the-shake-down.com\/lv\/wp-json\/wp\/v2\/pages\/233","targetHints":{"allow":["GET"]}}],"collection":[{"href":"https:\/\/the-shake-down.com\/lv\/wp-json\/wp\/v2\/pages"}],"about":[{"href":"https:\/\/the-shake-down.com\/lv\/wp-json\/wp\/v2\/types\/page"}],"author":[{"embeddable":true,"href":"https:\/\/the-shake-down.com\/lv\/wp-json\/wp\/v2\/users\/1"}],"replies":[{"embeddable":true,"href":"https:\/\/the-shake-down.com\/lv\/wp-json\/wp\/v2\/comments?post=233"}],"version-history":[{"count":13,"href":"https:\/\/the-shake-down.com\/lv\/wp-json\/wp\/v2\/pages\/233\/revisions"}],"predecessor-version":[{"id":392,"href":"https:\/\/the-shake-down.com\/lv\/wp-json\/wp\/v2\/pages\/233\/revisions\/392"}],"up":[{"embeddable":true,"href":"https:\/\/the-shake-down.com\/lv\/wp-json\/wp\/v2\/pages\/227"}],"wp:attachment":[{"href":"https:\/\/the-shake-down.com\/lv\/wp-json\/wp\/v2\/media?parent=233"}],"curies":[{"name":"wp","href":"https:\/\/api.w.org\/{rel}","templated":true}]}}