{"id":291,"date":"2022-05-31T09:21:22","date_gmt":"2022-05-31T07:21:22","guid":{"rendered":"https:\/\/shakedown.kondrats.dev\/?page_id=291"},"modified":"2023-06-14T14:52:57","modified_gmt":"2023-06-14T12:52:57","slug":"project-partners","status":"publish","type":"page","link":"https:\/\/the-shake-down.com\/lv\/about\/project-partners\/","title":{"rendered":"Projekta partneri"},"content":{"rendered":"<p><\/p>\n<h2><strong>LATVIJAS JAUN\u0100 TE\u0100TRA INSTIT\u016aTS<\/strong><\/h2>\n<p><span style=\"font-weight: 400;\">Latvijas Jaun\u0101 te\u0101tra instit\u016bts (LJTI) ir nevalstiska un nekomerci\u0101la projektu organiz\u0101cija, kas str\u0101d\u0101 ar laikmet\u012bgo te\u0101tri, deju un cit\u0101m skatuves m\u0101kslas form\u0101m viet\u0113j\u0101 un starptautisk\u0101 l\u012bmen\u012b. LJTI papla\u0161ina te\u0101tra rad\u012b\u0161anas, izplat\u012b\u0161anas un uztveres robe\u017eas un veicina daudzveid\u012bgas, inovat\u012bvas, atbild\u012bgas un neatkar\u012bgas profesion\u0101l\u0101s skatuves m\u0101kslas att\u012bst\u012bbu Latvij\u0101. LJTI organiz\u0113 vienreiz\u0113jus (viesizr\u0101des, izr\u0101\u017eu produc\u0113\u0161ana) un ilgtermi\u0146a (festiv\u0101li, izgl\u012bt\u012bbas programmas, inform\u0101cijas aprite, starptautisk\u0101 sadarb\u012bba) projektus un pas\u0101kumus, dz\u012bvi rea\u0123\u0113jot uz procesiem un vajadz\u012bb\u0101m Latvijas un Eiropas te\u0101tr\u012b. LJTI ir pie\u0161\u0137irts sabiedrisk\u0101 labuma organiz\u0101cijas statuss.<\/span><\/p>\n<p><a href=\"http:\/\/theatre.lv\/\" rel=\"nofollow noopener\" target=\"_blank\"><img loading=\"lazy\" decoding=\"async\" class=\"alignnone wp-image-237 size-medium\" src=\"https:\/\/the-shake-down.com\/wp-content\/uploads\/2022\/05\/JTI-logo-zi\u0304me-vektoros_2021.svg\" alt=\"\" width=\"300\" height=\"300\" \/><\/a><\/p>\n<h2><strong>ROSENDAL TEATER<\/strong><\/h2>\n<p><span style=\"font-weight: 400;\">Starptautiskais Rosendal te\u0101tris ir dinamisks m\u0101kslas centrs un ma\u0161\u012bntelpa laikmet\u012bg\u0101s skatuves m\u0101kslas kopra\u017eo\u0161anai, izr\u0101d\u012b\u0161anai un populariz\u0113\u0161anai Norv\u0113\u0123ij\u0101 un \u0101rpus t\u0101s. \u0160\u012b telpa str\u0101d\u0101, lai p\u0113c iesp\u0113jas liel\u0101kam cilv\u0113ku skaitam \u2013 gan m\u0101ksliniekiem, gan m\u0101kslas organiz\u0101cij\u0101m, gan apmekl\u0113t\u0101jiem \u2013 b\u016btu iesp\u0113ja no jauna izt\u0113loties, k\u0101da var b\u016bt skatuves m\u0101ksla un apk\u0101rt\u0113j\u0101 pasaule.<\/span><\/p>\n<p><a href=\"https:\/\/rosendalteater.no\/en\/ \" rel=\"nofollow noopener\" target=\"_blank\"><img loading=\"lazy\" decoding=\"async\" class=\"alignnone wp-image-238 size-medium\" src=\"https:\/\/the-shake-down.com\/wp-content\/uploads\/2022\/05\/RT_logo_bw.svg\" alt=\"\" width=\"300\" height=\"300\" \/><\/a><\/p>","protected":false},"excerpt":{"rendered":"<p>LATVIJAS JAUN\u0100 TE\u0100TRA INSTIT\u016aTS Latvijas Jaun\u0101 te\u0101tra instit\u016bts (LJTI) ir nevalstiska un nekomerci\u0101la projektu organiz\u0101cija, kas str\u0101d\u0101 ar laikmet\u012bgo te\u0101tri, deju un cit\u0101m skatuves m\u0101kslas form\u0101m viet\u0113j\u0101 un starptautisk\u0101 l\u012bmen\u012b. LJTI papla\u0161ina te\u0101tra rad\u012b\u0161anas, izplat\u012b\u0161anas un uztveres robe\u017eas un veicina daudzveid\u012bgas, inovat\u012bvas, atbild\u012bgas un neatkar\u012bgas profesion\u0101l\u0101s skatuves m\u0101kslas att\u012bst\u012bbu Latvij\u0101. LJTI organiz\u0113 vienreiz\u0113jus (viesizr\u0101des, izr\u0101\u017eu [&hellip;]<\/p>\n","protected":false},"author":1,"featured_media":0,"parent":227,"menu_order":0,"comment_status":"closed","ping_status":"closed","template":"about_child.php","meta":{"inline_featured_image":false,"footnotes":""},"class_list":["post-291","page","type-page","status-publish","hentry"],"acf":{"featured_image":false,"supporters":false},"_links":{"self":[{"href":"https:\/\/the-shake-down.com\/lv\/wp-json\/wp\/v2\/pages\/291","targetHints":{"allow":["GET"]}}],"collection":[{"href":"https:\/\/the-shake-down.com\/lv\/wp-json\/wp\/v2\/pages"}],"about":[{"href":"https:\/\/the-shake-down.com\/lv\/wp-json\/wp\/v2\/types\/page"}],"author":[{"embeddable":true,"href":"https:\/\/the-shake-down.com\/lv\/wp-json\/wp\/v2\/users\/1"}],"replies":[{"embeddable":true,"href":"https:\/\/the-shake-down.com\/lv\/wp-json\/wp\/v2\/comments?post=291"}],"version-history":[{"count":7,"href":"https:\/\/the-shake-down.com\/lv\/wp-json\/wp\/v2\/pages\/291\/revisions"}],"predecessor-version":[{"id":1055,"href":"https:\/\/the-shake-down.com\/lv\/wp-json\/wp\/v2\/pages\/291\/revisions\/1055"}],"up":[{"embeddable":true,"href":"https:\/\/the-shake-down.com\/lv\/wp-json\/wp\/v2\/pages\/227"}],"wp:attachment":[{"href":"https:\/\/the-shake-down.com\/lv\/wp-json\/wp\/v2\/media?parent=291"}],"curies":[{"name":"wp","href":"https:\/\/api.w.org\/{rel}","templated":true}]}}