{"id":421,"date":"2022-08-19T08:19:49","date_gmt":"2022-08-19T06:19:49","guid":{"rendered":"https:\/\/the-shake-down.com\/?page_id=421"},"modified":"2023-06-29T20:28:58","modified_gmt":"2023-06-29T18:28:58","slug":"homo-novus-shakedown","status":"publish","type":"page","link":"https:\/\/the-shake-down.com\/lv\/about\/homo-novus-shakedown\/","title":{"rendered":"Homo Novus APV\u0112RSUMS"},"content":{"rendered":"","protected":false},"excerpt":{"rendered":"","protected":false},"author":1,"featured_media":0,"parent":227,"menu_order":0,"comment_status":"closed","ping_status":"closed","template":"about.php","meta":{"inline_featured_image":false,"footnotes":""},"class_list":["post-421","page","type-page","status-publish","hentry"],"acf":{"featured_image":{"ID":423,"id":423,"title":"shakedown-4lieneleonovica-2-w940h435","filename":"shakedown-4lieneleonovica-2-w940h435.jpg","filesize":165157,"url":"https:\/\/the-shake-down.com\/wp-content\/uploads\/2022\/08\/shakedown-4lieneleonovica-2-w940h435.jpg","link":"https:\/\/the-shake-down.com\/lv\/about\/homo-novus-shakedown\/shakedown-4lieneleonovica-2-w940h435\/","alt":"","author":"1","description":"","caption":"","name":"shakedown-4lieneleonovica-2-w940h435","status":"inherit","uploaded_to":421,"date":"2022-08-19 06:31:48","modified":"2022-08-19 06:31:48","menu_order":0,"mime_type":"image\/jpeg","type":"image","subtype":"jpeg","icon":"https:\/\/the-shake-down.com\/wp-includes\/images\/media\/default.png","width":940,"height":435,"sizes":{"thumbnail":"https:\/\/the-shake-down.com\/wp-content\/uploads\/2022\/08\/shakedown-4lieneleonovica-2-w940h435-150x150.jpg","thumbnail-width":150,"thumbnail-height":150,"medium":"https:\/\/the-shake-down.com\/wp-content\/uploads\/2022\/08\/shakedown-4lieneleonovica-2-w940h435-300x139.jpg","medium-width":300,"medium-height":139,"medium_large":"https:\/\/the-shake-down.com\/wp-content\/uploads\/2022\/08\/shakedown-4lieneleonovica-2-w940h435.jpg","medium_large-width":768,"medium_large-height":355,"large":"https:\/\/the-shake-down.com\/wp-content\/uploads\/2022\/08\/shakedown-4lieneleonovica-2-w940h435.jpg","large-width":940,"large-height":435,"1536x1536":"https:\/\/the-shake-down.com\/wp-content\/uploads\/2022\/08\/shakedown-4lieneleonovica-2-w940h435.jpg","1536x1536-width":940,"1536x1536-height":435,"2048x2048":"https:\/\/the-shake-down.com\/wp-content\/uploads\/2022\/08\/shakedown-4lieneleonovica-2-w940h435.jpg","2048x2048-width":940,"2048x2048-height":435}},"content":"<p>9. un 10. septembris, Br\u012bv\u012bbas iela 109, R\u012bga (ieeja no Pal\u012bdz\u012bbas ielas), bez maksas.<\/p>\n<p>&#8220;HOMO NOVUS Apv\u0113rsums\u201d ir divu dienu izr\u0101\u017eu un notikumu programma, kuru patst\u0101v\u012bgi veido 10 pusaud\u017ei no Latvijas un Norv\u0113\u0123ijas. 2022. gada s\u0101kum\u0101 Latvijas Jaun\u0101 te\u0101tra instit\u016bts sadarb\u012bb\u0101 ar Norv\u0113\u0123ijas \u201cRosendal Teater\u201d uzs\u0101ka jauno kuratoru apm\u0101c\u012bbu projektu ar m\u0113r\u0137i nodro\u0161in\u0101t redzam\u012bbu un r\u012bc\u012bbsp\u0113ju pusaud\u017eiem, kuriem parasti \u0161\u0101das ties\u012bbas netiek dotas, kaut ar\u012b sabiedr\u012bbas n\u0101kotnei noz\u012bm\u012bgie l\u0113mumi un kult\u016bras att\u012bst\u012bba vistie\u0161\u0101k\u0101 m\u0113r\u0101 ietekm\u0113s vi\u0146u dz\u012bvi.<\/p>\n","content_background_color":"#fae24c","curatorial_statement":"<p>10 jaunie kuratori no Latvijas un Norv\u0113\u0123ijas festiv\u0101l\u0101 &#8220;Homo Novus&#8221; piev\u0113r\u0161as nostal\u0123ijas t\u0113mai. Bet kas visp\u0101r ir jauns? Kas ir vecums? K\u0101p\u0113c uzn\u0101k nostal\u0123ija? Kur beidzas realit\u0101te un s\u0101kas atmi\u0146a? Un ko m\u0113s varam uzzin\u0101t par sevi, mekl\u0113jot atbildes uz \u0161iem jaut\u0101jumiem?<\/p>\n","supporters":false,"programme_lv":{"ID":657,"id":657,"title":"fin_ PROGRAMMAAPVERSUMS_A_page-0001","filename":"fin_-PROGRAMMAAPVERSUMS_A_page-0001-1.jpg","filesize":713524,"url":"https:\/\/the-shake-down.com\/wp-content\/uploads\/2022\/09\/fin_-PROGRAMMAAPVERSUMS_A_page-0001-1.jpg","link":"https:\/\/the-shake-down.com\/lv\/about\/homo-novus-shakedown\/fin_-programmaapversums_a_page-0001-2\/","alt":"","author":"3","description":"","caption":"","name":"fin_-programmaapversums_a_page-0001-2","status":"inherit","uploaded_to":421,"date":"2022-09-09 08:39:50","modified":"2022-09-09 08:39:50","menu_order":0,"mime_type":"image\/jpeg","type":"image","subtype":"jpeg","icon":"https:\/\/the-shake-down.com\/wp-includes\/images\/media\/default.png","width":1378,"height":1892,"sizes":{"thumbnail":"https:\/\/the-shake-down.com\/wp-content\/uploads\/2022\/09\/fin_-PROGRAMMAAPVERSUMS_A_page-0001-1-150x150.jpg","thumbnail-width":150,"thumbnail-height":150,"medium":"https:\/\/the-shake-down.com\/wp-content\/uploads\/2022\/09\/fin_-PROGRAMMAAPVERSUMS_A_page-0001-1-218x300.jpg","medium-width":218,"medium-height":300,"medium_large":"https:\/\/the-shake-down.com\/wp-content\/uploads\/2022\/09\/fin_-PROGRAMMAAPVERSUMS_A_page-0001-1.jpg","medium_large-width":768,"medium_large-height":1054,"large":"https:\/\/the-shake-down.com\/wp-content\/uploads\/2022\/09\/fin_-PROGRAMMAAPVERSUMS_A_page-0001-1-746x1024.jpg","large-width":746,"large-height":1024,"1536x1536":"https:\/\/the-shake-down.com\/wp-content\/uploads\/2022\/09\/fin_-PROGRAMMAAPVERSUMS_A_page-0001-1.jpg","1536x1536-width":1119,"1536x1536-height":1536,"2048x2048":"https:\/\/the-shake-down.com\/wp-content\/uploads\/2022\/09\/fin_-PROGRAMMAAPVERSUMS_A_page-0001-1.jpg","2048x2048-width":1378,"2048x2048-height":1892}},"programme_en":{"ID":658,"id":658,"title":"fin_ENG_PROGRAMMA_page-0001","filename":"fin_ENG_PROGRAMMA_page-0001-1.jpg","filesize":709517,"url":"https:\/\/the-shake-down.com\/wp-content\/uploads\/2022\/09\/fin_ENG_PROGRAMMA_page-0001-1.jpg","link":"https:\/\/the-shake-down.com\/lv\/about\/homo-novus-shakedown\/fin_eng_programma_page-0001-2\/","alt":"","author":"3","description":"","caption":"","name":"fin_eng_programma_page-0001-2","status":"inherit","uploaded_to":421,"date":"2022-09-09 08:40:13","modified":"2022-09-09 08:40:13","menu_order":0,"mime_type":"image\/jpeg","type":"image","subtype":"jpeg","icon":"https:\/\/the-shake-down.com\/wp-includes\/images\/media\/default.png","width":1378,"height":1892,"sizes":{"thumbnail":"https:\/\/the-shake-down.com\/wp-content\/uploads\/2022\/09\/fin_ENG_PROGRAMMA_page-0001-1-150x150.jpg","thumbnail-width":150,"thumbnail-height":150,"medium":"https:\/\/the-shake-down.com\/wp-content\/uploads\/2022\/09\/fin_ENG_PROGRAMMA_page-0001-1-218x300.jpg","medium-width":218,"medium-height":300,"medium_large":"https:\/\/the-shake-down.com\/wp-content\/uploads\/2022\/09\/fin_ENG_PROGRAMMA_page-0001-1.jpg","medium_large-width":768,"medium_large-height":1054,"large":"https:\/\/the-shake-down.com\/wp-content\/uploads\/2022\/09\/fin_ENG_PROGRAMMA_page-0001-1-746x1024.jpg","large-width":746,"large-height":1024,"1536x1536":"https:\/\/the-shake-down.com\/wp-content\/uploads\/2022\/09\/fin_ENG_PROGRAMMA_page-0001-1.jpg","1536x1536-width":1119,"1536x1536-height":1536,"2048x2048":"https:\/\/the-shake-down.com\/wp-content\/uploads\/2022\/09\/fin_ENG_PROGRAMMA_page-0001-1.jpg","2048x2048-width":1378,"2048x2048-height":1892}}},"_links":{"self":[{"href":"https:\/\/the-shake-down.com\/lv\/wp-json\/wp\/v2\/pages\/421","targetHints":{"allow":["GET"]}}],"collection":[{"href":"https:\/\/the-shake-down.com\/lv\/wp-json\/wp\/v2\/pages"}],"about":[{"href":"https:\/\/the-shake-down.com\/lv\/wp-json\/wp\/v2\/types\/page"}],"author":[{"embeddable":true,"href":"https:\/\/the-shake-down.com\/lv\/wp-json\/wp\/v2\/users\/1"}],"replies":[{"embeddable":true,"href":"https:\/\/the-shake-down.com\/lv\/wp-json\/wp\/v2\/comments?post=421"}],"version-history":[{"count":16,"href":"https:\/\/the-shake-down.com\/lv\/wp-json\/wp\/v2\/pages\/421\/revisions"}],"predecessor-version":[{"id":1127,"href":"https:\/\/the-shake-down.com\/lv\/wp-json\/wp\/v2\/pages\/421\/revisions\/1127"}],"up":[{"embeddable":true,"href":"https:\/\/the-shake-down.com\/lv\/wp-json\/wp\/v2\/pages\/227"}],"wp:attachment":[{"href":"https:\/\/the-shake-down.com\/lv\/wp-json\/wp\/v2\/media?parent=421"}],"curies":[{"name":"wp","href":"https:\/\/api.w.org\/{rel}","templated":true}]}}