{"id":430,"date":"2022-08-19T08:50:24","date_gmt":"2022-08-19T06:50:24","guid":{"rendered":"https:\/\/the-shake-down.com\/?page_id=430"},"modified":"2022-09-08T12:06:39","modified_gmt":"2022-09-08T10:06:39","slug":"and-from-one-moon-to-another-i-leap-inspired-by-in-her-absence-i-created-her-image-by-mahmoud-darwish-scenographic-space-installation","status":"publish","type":"page","link":"https:\/\/the-shake-down.com\/lv\/about\/homo-novus-shakedown\/and-from-one-moon-to-another-i-leap-inspired-by-in-her-absence-i-created-her-image-by-mahmoud-darwish-scenographic-space-installation\/","title":{"rendered":"(Un) No viena M\u0113ness uz citu es lecu | Scenogr\u0101fiska telpas instal\u0101cija"},"content":{"rendered":"<p>(nosaukums iedvesmots <span style=\"font-weight: 400;\">Mahmoud Darwish \u201cVi\u0146as promb\u016btn\u0113 es izveidoju vi\u0146as t\u0113lu\u201d<\/span>)<\/p>\n<p><strong>M\u0101kslinieki:<\/strong> Aljo\u0161a Lovri\u0107 Krape\u017e, Carmen Lee, Kirstine Nielsen, Sn\u00e6fr\u00ed\u00f0ur S\u00f3l Gunnarsd\u00f3ttir<br \/>\n<strong>Sap\u0146u un murgu ski\u010du autori: <\/strong>Anna L\u016bcija, Astr\u012bda, Austris, Ei\u017eens, Emma, Ernests, Linda, Simons<br \/>\n<strong>M\u0101kslas terapeite: <\/strong>El\u012bna Akmane<br \/>\n<strong>Kuratori:<\/strong> Nikolai Furseth Rushfeldt, Samuels Ozoli\u0146\u0161<br \/>\n<strong>Mentore:<\/strong> Sodja Zupanc Lotker<\/p>\n<p>&nbsp;<\/p>\n<p><em><span style=\"font-weight: 400;\">Sap\u0146i ir \u013coti nostal\u0123isks fenomens, kur\u0161 visbie\u017e\u0101k asoci\u0113jas ar b\u0113rn\u012bbu. Sap\u0146i un murgi, ar ko esam sask\u0101ru\u0161ies b\u0113rn\u012bb\u0101, daudzk\u0101rt ir atst\u0101ju\u0161i iespaidu uz visu m\u016bsu dz\u012bvi, un da\u017eus atceramies pat pieaugu\u0161\u0101 vecum\u0101. Instal\u0101cija \u201c(Un) No viena M\u0113ness uz citu es lecu\u201d skat\u012bt\u0101jiem dod iesp\u0113ju pieredz\u0113t un savienoties ar sap\u0146iem un murgiem \u2013 gan ar tiem, kurus sap\u0146ojis pats, gan ar tiem, kurus sap\u0146o m\u016bsdienu b\u0113rni.<\/span><\/em><\/p>\n<p><span style=\"font-weight: 400;\">&#8211; Nikolajs un Samuels<\/span><\/p>\n<p>&nbsp;<\/p>\n<p style=\"text-align: right;\"><em><span style=\"font-weight: 400;\">\u010cetri koprades un objektu te\u0101tra re\u017eijas studenti no Pr\u0101gas Te\u0101tra m\u0101kslas akad\u0113mijas veido \u0161o festiv\u0101la telpu, izmantojot materi\u0101lus, kas tapu\u0161i b\u0113rnu sap\u0146u darbn\u012bc\u0101. T\u0101s laik\u0101 asto\u0146i Latvijas b\u0113rni dal\u012bj\u0101s savos iespaidos par sap\u0146os redz\u0113tiem otr\u0101di lidojo\u0161iem papagai\u013ciem, kaku formas mo\u0161\u0137iem, zombijiem un laika ma\u0161\u012bn\u0101m.\u00a0<\/span><\/em><\/p>\n<p style=\"text-align: right;\"><em><span style=\"font-weight: 400;\">Rad\u012bbas, b\u016btnes, augi, v\u0101rdi, domas, da\u017e\u0101d\u0101s b\u0113rnu pieredzes un gar\u0161as ieguvu\u0161as materi\u0101lu formu un novietotas kop\u0101 vien\u0101 telp\u0101, kura k\u013c\u016bst par kop\u012bgu pamatu visiem m\u016bsu sap\u0146iem un to materializ\u0101cij\u0101m.\u00a0<\/span><\/em><\/p>\n<p style=\"text-align: right;\"><em><span style=\"font-weight: 400;\">Lai veidotu kop\u0113ju pieredzi, performat\u012bvi interakt\u012bvaj\u0101 sap\u0146u b\u0101r\u0101-instal\u0101cij\u0101 skat\u012bt\u0101ji ir aicin\u0101ti pievienot savu sap\u0146u un murgu fragmentus, papildinot sap\u0146u ainavu, kura nep\u0101rtraukti papla\u0161in\u0101s. Pie\u0161\u0137ir saviem sap\u0146iem formu! No\u0137er, palaid va\u013c\u0101, apdom\u0101 tos telp\u0101! Kop\u012bgi izsap\u0146o \u012bpatn\u012bbas!<\/span><\/em><\/p>\n<p style=\"text-align: right;\">&#8211; Aljo\u0161a, Carmen, Kirstine, Sn\u00e6fr\u00ed\u00f0ur<\/p>\n<p>&nbsp;<\/p>\n<p style=\"text-align: center;\"><strong>9. un 10. septembris<\/strong><\/p>\n<p style=\"text-align: center;\"><strong>intsl\u0101cija past\u0101v\u012bgi atv\u0113rta<\/strong><\/p>\n<p><\/p>","protected":false},"excerpt":{"rendered":"<p>(nosaukums iedvesmots Mahmoud Darwish \u201cVi\u0146as promb\u016btn\u0113 es izveidoju vi\u0146as t\u0113lu\u201d) M\u0101kslinieki: Aljo\u0161a Lovri\u0107 Krape\u017e, Carmen Lee, Kirstine Nielsen, Sn\u00e6fr\u00ed\u00f0ur S\u00f3l Gunnarsd\u00f3ttir Sap\u0146u un murgu ski\u010du autori: Anna L\u016bcija, Astr\u012bda, Austris, Ei\u017eens, Emma, Ernests, Linda, Simons M\u0101kslas terapeite: El\u012bna Akmane Kuratori: Nikolai Furseth Rushfeldt, Samuels Ozoli\u0146\u0161 Mentore: Sodja Zupanc Lotker &nbsp; Sap\u0146i ir \u013coti nostal\u0123isks fenomens, [&hellip;]<\/p>\n","protected":false},"author":1,"featured_media":0,"parent":421,"menu_order":0,"comment_status":"closed","ping_status":"closed","template":"about_child.php","meta":{"inline_featured_image":false,"footnotes":""},"class_list":["post-430","page","type-page","status-publish","hentry"],"acf":{"featured_image":{"ID":532,"id":532,"title":"dreams visual","filename":"237C5DAC-3BE3-4957-A1A0-8EBF5ECF4131-Recovered_page-0001.jpg","filesize":1072687,"url":"https:\/\/the-shake-down.com\/wp-content\/uploads\/2022\/08\/237C5DAC-3BE3-4957-A1A0-8EBF5ECF4131-Recovered_page-0001.jpg","link":"https:\/\/the-shake-down.com\/lv\/about\/homo-novus-shakedown\/and-from-one-moon-to-another-i-leap-inspired-by-in-her-absence-i-created-her-image-by-mahmoud-darwish-scenographic-space-installation\/237c5dac-3be3-4957-a1a0-8ebf5ecf4131-recovered_page-0001\/","alt":"","author":"3","description":"","caption":"","name":"237c5dac-3be3-4957-a1a0-8ebf5ecf4131-recovered_page-0001","status":"inherit","uploaded_to":430,"date":"2022-08-27 13:05:06","modified":"2022-08-27 13:05:26","menu_order":0,"mime_type":"image\/jpeg","type":"image","subtype":"jpeg","icon":"https:\/\/the-shake-down.com\/wp-includes\/images\/media\/default.png","width":1241,"height":879,"sizes":{"thumbnail":"https:\/\/the-shake-down.com\/wp-content\/uploads\/2022\/08\/237C5DAC-3BE3-4957-A1A0-8EBF5ECF4131-Recovered_page-0001-150x150.jpg","thumbnail-width":150,"thumbnail-height":150,"medium":"https:\/\/the-shake-down.com\/wp-content\/uploads\/2022\/08\/237C5DAC-3BE3-4957-A1A0-8EBF5ECF4131-Recovered_page-0001-300x212.jpg","medium-width":300,"medium-height":212,"medium_large":"https:\/\/the-shake-down.com\/wp-content\/uploads\/2022\/08\/237C5DAC-3BE3-4957-A1A0-8EBF5ECF4131-Recovered_page-0001.jpg","medium_large-width":768,"medium_large-height":544,"large":"https:\/\/the-shake-down.com\/wp-content\/uploads\/2022\/08\/237C5DAC-3BE3-4957-A1A0-8EBF5ECF4131-Recovered_page-0001-1024x725.jpg","large-width":1024,"large-height":725,"1536x1536":"https:\/\/the-shake-down.com\/wp-content\/uploads\/2022\/08\/237C5DAC-3BE3-4957-A1A0-8EBF5ECF4131-Recovered_page-0001.jpg","1536x1536-width":1241,"1536x1536-height":879,"2048x2048":"https:\/\/the-shake-down.com\/wp-content\/uploads\/2022\/08\/237C5DAC-3BE3-4957-A1A0-8EBF5ECF4131-Recovered_page-0001.jpg","2048x2048-width":1241,"2048x2048-height":879}},"supporters":false},"_links":{"self":[{"href":"https:\/\/the-shake-down.com\/lv\/wp-json\/wp\/v2\/pages\/430","targetHints":{"allow":["GET"]}}],"collection":[{"href":"https:\/\/the-shake-down.com\/lv\/wp-json\/wp\/v2\/pages"}],"about":[{"href":"https:\/\/the-shake-down.com\/lv\/wp-json\/wp\/v2\/types\/page"}],"author":[{"embeddable":true,"href":"https:\/\/the-shake-down.com\/lv\/wp-json\/wp\/v2\/users\/1"}],"replies":[{"embeddable":true,"href":"https:\/\/the-shake-down.com\/lv\/wp-json\/wp\/v2\/comments?post=430"}],"version-history":[{"count":19,"href":"https:\/\/the-shake-down.com\/lv\/wp-json\/wp\/v2\/pages\/430\/revisions"}],"predecessor-version":[{"id":652,"href":"https:\/\/the-shake-down.com\/lv\/wp-json\/wp\/v2\/pages\/430\/revisions\/652"}],"up":[{"embeddable":true,"href":"https:\/\/the-shake-down.com\/lv\/wp-json\/wp\/v2\/pages\/421"}],"wp:attachment":[{"href":"https:\/\/the-shake-down.com\/lv\/wp-json\/wp\/v2\/media?parent=430"}],"curies":[{"name":"wp","href":"https:\/\/api.w.org\/{rel}","templated":true}]}}