{"id":434,"date":"2022-08-19T12:43:23","date_gmt":"2022-08-19T10:43:23","guid":{"rendered":"https:\/\/the-shake-down.com\/?page_id=434"},"modified":"2022-09-03T11:14:59","modified_gmt":"2022-09-03T09:14:59","slug":"fridge-installation","status":"publish","type":"page","link":"https:\/\/the-shake-down.com\/lv\/about\/homo-novus-shakedown\/fridge-installation\/","title":{"rendered":"Ledusskapis | Instal\u0101cija"},"content":{"rendered":"<p><strong>M\u0101ksliniece:<\/strong> Cote Ja\u00f1a Zu\u00f1iga<br \/>\n<strong>Kuratori:<\/strong> Annie Strand M\u00f8lster, Estere Dimitere, Zahida Kardou<br \/>\n<strong>Mentore:<\/strong> Bek Berger<\/p>\n<p>&nbsp;<\/p>\n<p><em><span style=\"font-weight: 400;\">Nav nek\u0101 nostal\u0123isk\u0101ka par gremd\u0113\u0161anos sav\u0101s atmi\u0146\u0101s. Bet k\u0101 ir ar sve\u0161u cilv\u0113ku atmi\u0146u piedz\u012bvo\u0161anu? Vai ar\u012b caur t\u0101m m\u0113s varam sajust nosta\u013c\u0123iju? \u201cLedusskapja\u201d projekts dod iesp\u0113ju p\u0113t\u012bt to, kas ir l\u012bdz\u012bgs un at\u0161\u0137ir\u012bgs cilv\u0113ku kop\u012bgaj\u0101s atmi\u0146\u0101s, piedz\u012bvojot cita publikas dal\u012bbnieka pieredzi ar \u0113dienu.<\/span><\/em><\/p>\n<p><span style=\"font-weight: 400;\">&#8211; Annija, Estere un Zahida<\/span><\/p>\n<p>&nbsp;<\/p>\n<p style=\"text-align: center;\"><strong>9. un 10. septembris<\/strong><\/p>\n<p style=\"text-align: center;\"><strong>past\u0101v\u012bgi atv\u0113rts<\/strong><\/p>\n<p><\/p>","protected":false},"excerpt":{"rendered":"<p>M\u0101ksliniece: Cote Ja\u00f1a Zu\u00f1iga Kuratori: Annie Strand M\u00f8lster, Estere Dimitere, Zahida Kardou Mentore: Bek Berger &nbsp; Nav nek\u0101 nostal\u0123isk\u0101ka par gremd\u0113\u0161anos sav\u0101s atmi\u0146\u0101s. Bet k\u0101 ir ar sve\u0161u cilv\u0113ku atmi\u0146u piedz\u012bvo\u0161anu? Vai ar\u012b caur t\u0101m m\u0113s varam sajust nosta\u013c\u0123iju? \u201cLedusskapja\u201d projekts dod iesp\u0113ju p\u0113t\u012bt to, kas ir l\u012bdz\u012bgs un at\u0161\u0137ir\u012bgs cilv\u0113ku kop\u012bgaj\u0101s atmi\u0146\u0101s, piedz\u012bvojot cita [&hellip;]<\/p>\n","protected":false},"author":1,"featured_media":0,"parent":421,"menu_order":0,"comment_status":"closed","ping_status":"closed","template":"about_child.php","meta":{"inline_featured_image":false,"footnotes":""},"class_list":["post-434","page","type-page","status-publish","hentry"],"acf":{"featured_image":false},"_links":{"self":[{"href":"https:\/\/the-shake-down.com\/lv\/wp-json\/wp\/v2\/pages\/434","targetHints":{"allow":["GET"]}}],"collection":[{"href":"https:\/\/the-shake-down.com\/lv\/wp-json\/wp\/v2\/pages"}],"about":[{"href":"https:\/\/the-shake-down.com\/lv\/wp-json\/wp\/v2\/types\/page"}],"author":[{"embeddable":true,"href":"https:\/\/the-shake-down.com\/lv\/wp-json\/wp\/v2\/users\/1"}],"replies":[{"embeddable":true,"href":"https:\/\/the-shake-down.com\/lv\/wp-json\/wp\/v2\/comments?post=434"}],"version-history":[{"count":9,"href":"https:\/\/the-shake-down.com\/lv\/wp-json\/wp\/v2\/pages\/434\/revisions"}],"predecessor-version":[{"id":609,"href":"https:\/\/the-shake-down.com\/lv\/wp-json\/wp\/v2\/pages\/434\/revisions\/609"}],"up":[{"embeddable":true,"href":"https:\/\/the-shake-down.com\/lv\/wp-json\/wp\/v2\/pages\/421"}],"wp:attachment":[{"href":"https:\/\/the-shake-down.com\/lv\/wp-json\/wp\/v2\/media?parent=434"}],"curies":[{"name":"wp","href":"https:\/\/api.w.org\/{rel}","templated":true}]}}