{"id":436,"date":"2022-08-19T12:44:27","date_gmt":"2022-08-19T10:44:27","guid":{"rendered":"https:\/\/the-shake-down.com\/?page_id=436"},"modified":"2022-09-09T10:41:04","modified_gmt":"2022-09-09T08:41:04","slug":"hair-stuck-in-time","status":"publish","type":"page","link":"https:\/\/the-shake-down.com\/lv\/about\/homo-novus-shakedown\/hair-stuck-in-time\/","title":{"rendered":"Mati \u2013 iespr\u016bstot laik\u0101 | Interakt\u012bva performance ar matu zaud\u0113\u0161anu un iem\u016b\u017ein\u0101\u0161anu"},"content":{"rendered":"<p><\/p>\n<p style=\"text-align: left;\"><strong>Matu meistars:<\/strong> Vlads Save\u013cjevs<br \/>\n<strong>Rokdarbu meistare:<\/strong> Linda Ivanova<br \/>\n<strong>Kuratori:<\/strong> Margit Adde, Karu Treij<br \/>\n<strong>Mentore:<\/strong> Marta Keil<\/p>\n<p>&nbsp;<\/p>\n<p><em><span style=\"font-weight: 400;\">Mati sev\u012b nes lielu da\u013cu cilv\u0113ka identit\u0101tes. Mati sev\u012b glab\u0101 m\u016bsu godu, dv\u0113seli, da\u017e\u0101das tekst\u016bras un sensenas smar\u017eas, un, pazaud\u0113jot matus, cilv\u0113ks var pazaud\u0113t da\u013cu sevis. M\u0113s esam aicin\u0101ju\u0161i \u0161aj\u0101 projekt\u0101 piedal\u012bties matu un rokdarbu meistarus, kuri no apmekl\u0113t\u0101ju \u201czaud\u0113tajiem\u201d matiem izgatavos rotu, ko patur\u0113t uz m\u016b\u017eu.<\/span><\/em><\/p>\n<p><span style=\"font-weight: 400;\">&#8211; Margit, Karu<\/span><\/p>\n<p>&nbsp;<\/p>\n<p style=\"text-align: center;\"><em style=\"text-align: center;\">tikai ar pierakstu pie matu meistara<\/em><\/p>\n<p style=\"text-align: center;\"><strong>9. septembr\u012b 18:00-21:00<\/strong><\/p>\n<p style=\"text-align: center;\"><strong><a href=\"https:\/\/form.jotform.com\/222462535151045\" rel=\"nofollow noopener\" target=\"_blank\">pieteik\u0161an\u0101s<\/a><\/strong><\/p>\n<p style=\"text-align: center;\"><strong>10. septembr\u012b 14:00-21:00<\/strong><\/p>\n<p style=\"text-align: center;\"><strong><a href=\"https:\/\/form.jotform.com\/222462924914054\" rel=\"nofollow noopener\" target=\"_blank\">pieteik\u0161an\u0101s<\/a><\/strong><\/p>\n<p><\/p>","protected":false},"excerpt":{"rendered":"<p>Matu meistars: Vlads Save\u013cjevs Rokdarbu meistare: Linda Ivanova Kuratori: Margit Adde, Karu Treij Mentore: Marta Keil &nbsp; Mati sev\u012b nes lielu da\u013cu cilv\u0113ka identit\u0101tes. Mati sev\u012b glab\u0101 m\u016bsu godu, dv\u0113seli, da\u017e\u0101das tekst\u016bras un sensenas smar\u017eas, un, pazaud\u0113jot matus, cilv\u0113ks var pazaud\u0113t da\u013cu sevis. M\u0113s esam aicin\u0101ju\u0161i \u0161aj\u0101 projekt\u0101 piedal\u012bties matu un rokdarbu meistarus, kuri no [&hellip;]<\/p>\n","protected":false},"author":1,"featured_media":0,"parent":421,"menu_order":0,"comment_status":"closed","ping_status":"closed","template":"about_child.php","meta":{"inline_featured_image":false,"footnotes":""},"class_list":["post-436","page","type-page","status-publish","hentry"],"acf":{"featured_image":{"ID":537,"id":537,"title":"hair visual","filename":"11209FE4-ACAA-4649-907B-7E79872F02D3_page-0001.jpg","filesize":5002160,"url":"https:\/\/the-shake-down.com\/wp-content\/uploads\/2022\/08\/11209FE4-ACAA-4649-907B-7E79872F02D3_page-0001.jpg","link":"https:\/\/the-shake-down.com\/lv\/about\/homo-novus-shakedown\/hair-stuck-in-time\/11209fe4-acaa-4649-907b-7e79872f02d3_page-0001\/","alt":"","author":"3","description":"","caption":"","name":"11209fe4-acaa-4649-907b-7e79872f02d3_page-0001","status":"inherit","uploaded_to":436,"date":"2022-08-27 13:17:25","modified":"2022-08-27 13:17:47","menu_order":0,"mime_type":"image\/jpeg","type":"image","subtype":"jpeg","icon":"https:\/\/the-shake-down.com\/wp-includes\/images\/media\/default.png","width":3023,"height":1786,"sizes":{"thumbnail":"https:\/\/the-shake-down.com\/wp-content\/uploads\/2022\/08\/11209FE4-ACAA-4649-907B-7E79872F02D3_page-0001-150x150.jpg","thumbnail-width":150,"thumbnail-height":150,"medium":"https:\/\/the-shake-down.com\/wp-content\/uploads\/2022\/08\/11209FE4-ACAA-4649-907B-7E79872F02D3_page-0001-300x177.jpg","medium-width":300,"medium-height":177,"medium_large":"https:\/\/the-shake-down.com\/wp-content\/uploads\/2022\/08\/11209FE4-ACAA-4649-907B-7E79872F02D3_page-0001.jpg","medium_large-width":768,"medium_large-height":454,"large":"https:\/\/the-shake-down.com\/wp-content\/uploads\/2022\/08\/11209FE4-ACAA-4649-907B-7E79872F02D3_page-0001-1024x605.jpg","large-width":1024,"large-height":605,"1536x1536":"https:\/\/the-shake-down.com\/wp-content\/uploads\/2022\/08\/11209FE4-ACAA-4649-907B-7E79872F02D3_page-0001.jpg","1536x1536-width":1536,"1536x1536-height":907,"2048x2048":"https:\/\/the-shake-down.com\/wp-content\/uploads\/2022\/08\/11209FE4-ACAA-4649-907B-7E79872F02D3_page-0001.jpg","2048x2048-width":2048,"2048x2048-height":1210}},"supporters":false},"_links":{"self":[{"href":"https:\/\/the-shake-down.com\/lv\/wp-json\/wp\/v2\/pages\/436","targetHints":{"allow":["GET"]}}],"collection":[{"href":"https:\/\/the-shake-down.com\/lv\/wp-json\/wp\/v2\/pages"}],"about":[{"href":"https:\/\/the-shake-down.com\/lv\/wp-json\/wp\/v2\/types\/page"}],"author":[{"embeddable":true,"href":"https:\/\/the-shake-down.com\/lv\/wp-json\/wp\/v2\/users\/1"}],"replies":[{"embeddable":true,"href":"https:\/\/the-shake-down.com\/lv\/wp-json\/wp\/v2\/comments?post=436"}],"version-history":[{"count":11,"href":"https:\/\/the-shake-down.com\/lv\/wp-json\/wp\/v2\/pages\/436\/revisions"}],"predecessor-version":[{"id":660,"href":"https:\/\/the-shake-down.com\/lv\/wp-json\/wp\/v2\/pages\/436\/revisions\/660"}],"up":[{"embeddable":true,"href":"https:\/\/the-shake-down.com\/lv\/wp-json\/wp\/v2\/pages\/421"}],"wp:attachment":[{"href":"https:\/\/the-shake-down.com\/lv\/wp-json\/wp\/v2\/media?parent=436"}],"curies":[{"name":"wp","href":"https:\/\/api.w.org\/{rel}","templated":true}]}}