{"id":438,"date":"2022-08-19T12:45:21","date_gmt":"2022-08-19T10:45:21","guid":{"rendered":"https:\/\/the-shake-down.com\/?page_id=438"},"modified":"2022-09-03T18:24:23","modified_gmt":"2022-09-03T16:24:23","slug":"sense-of-nostalgia","status":"publish","type":"page","link":"https:\/\/the-shake-down.com\/lv\/about\/homo-novus-shakedown\/sense-of-nostalgia\/","title":{"rendered":"Nosta\u013c\u0123ijas ma\u0146a"},"content":{"rendered":"<p><strong>Ziepju m\u0101ksliniece:<\/strong>\u00a0Daija L\u012b<br \/>\n<strong>Smar\u017eu meistare:<\/strong> Sigita Birzniece<br \/>\n<strong>Kuratores:<\/strong> Annie Strand M\u00f8lster, Hedda Osmo Rohde<br \/>\n<strong>Mentors:<\/strong> Alexander Roberts<\/p>\n<p>&nbsp;<\/p>\n<p><em><span style=\"font-weight: 400;\">Smar\u017ea sp\u0113j acumirkl\u012b izsaukt p\u0113k\u0161\u0146as un ko\u0161as atmi\u0146as, un t\u0101d\u0113\u013c to m\u0113dz saukt ar\u012b par \u201catmi\u0146as ma\u0146u\u201d.<br \/>\n<\/span><span style=\"font-weight: 400;\">Bet k\u0101 smar\u017eo tava nosta\u013c\u0123ija? Kuratoru komanda, vi\u0146u draugi un radi sadarb\u012bb\u0101 ar ziepju m\u0101kslinieci Daiju L\u012b un smar\u017eu meistari Sigitu Birznieci ir izgatavoju\u0161i tr\u012bs da\u017e\u0101das nosta\u013c\u0123ijas iedvesmotas un da\u017e\u0101d\u0101m paaudz\u0113m tuvas ziepes. Pa\u0146em ziepju gabali\u0146u rok\u0101s un saj\u016bti nosta\u013c\u0123iju ar\u012b sav\u0101s n\u0101s\u012bs!<\/span><\/em><\/p>\n<p><span style=\"font-weight: 400;\">&#8211; Annie un Hedda<\/span><\/p>\n<p>&nbsp;<\/p>\n<p style=\"text-align: center;\"><strong>9. un 10. septembris<\/strong><\/p>\n<p><\/p>","protected":false},"excerpt":{"rendered":"<p>Ziepju m\u0101ksliniece:\u00a0Daija L\u012b Smar\u017eu meistare: Sigita Birzniece Kuratores: Annie Strand M\u00f8lster, Hedda Osmo Rohde Mentors: Alexander Roberts &nbsp; Smar\u017ea sp\u0113j acumirkl\u012b izsaukt p\u0113k\u0161\u0146as un ko\u0161as atmi\u0146as, un t\u0101d\u0113\u013c to m\u0113dz saukt ar\u012b par \u201catmi\u0146as ma\u0146u\u201d. Bet k\u0101 smar\u017eo tava nosta\u013c\u0123ija? Kuratoru komanda, vi\u0146u draugi un radi sadarb\u012bb\u0101 ar ziepju m\u0101kslinieci Daiju L\u012b un smar\u017eu meistari [&hellip;]<\/p>\n","protected":false},"author":1,"featured_media":0,"parent":421,"menu_order":0,"comment_status":"closed","ping_status":"closed","template":"about_child.php","meta":{"inline_featured_image":false,"footnotes":""},"class_list":["post-438","page","type-page","status-publish","hentry"],"acf":{"featured_image":{"ID":600,"id":600,"title":"ziepes hor.","filename":"ziepes-hor..jpg","filesize":294511,"url":"https:\/\/the-shake-down.com\/wp-content\/uploads\/2022\/09\/ziepes-hor..jpg","link":"https:\/\/the-shake-down.com\/lv\/about\/homo-novus-shakedown\/sense-of-nostalgia\/ziepes-hor\/","alt":"","author":"3","description":"","caption":"","name":"ziepes-hor","status":"inherit","uploaded_to":438,"date":"2022-09-01 15:23:36","modified":"2022-09-01 15:23:36","menu_order":0,"mime_type":"image\/jpeg","type":"image","subtype":"jpeg","icon":"https:\/\/the-shake-down.com\/wp-includes\/images\/media\/default.png","width":906,"height":577,"sizes":{"thumbnail":"https:\/\/the-shake-down.com\/wp-content\/uploads\/2022\/09\/ziepes-hor.-150x150.jpg","thumbnail-width":150,"thumbnail-height":150,"medium":"https:\/\/the-shake-down.com\/wp-content\/uploads\/2022\/09\/ziepes-hor.-300x191.jpg","medium-width":300,"medium-height":191,"medium_large":"https:\/\/the-shake-down.com\/wp-content\/uploads\/2022\/09\/ziepes-hor..jpg","medium_large-width":768,"medium_large-height":489,"large":"https:\/\/the-shake-down.com\/wp-content\/uploads\/2022\/09\/ziepes-hor..jpg","large-width":906,"large-height":577,"1536x1536":"https:\/\/the-shake-down.com\/wp-content\/uploads\/2022\/09\/ziepes-hor..jpg","1536x1536-width":906,"1536x1536-height":577,"2048x2048":"https:\/\/the-shake-down.com\/wp-content\/uploads\/2022\/09\/ziepes-hor..jpg","2048x2048-width":906,"2048x2048-height":577}},"supporters":[{"logo":{"ID":622,"id":622,"title":"MADARA-Cosmetics","filename":"MADARA-Cosmetics.png","filesize":50087,"url":"https:\/\/the-shake-down.com\/wp-content\/uploads\/2022\/09\/MADARA-Cosmetics.png","link":"https:\/\/the-shake-down.com\/lv\/about\/homo-novus-shakedown\/sense-of-nostalgia\/madara-cosmetics\/","alt":"","author":"1","description":"","caption":"","name":"madara-cosmetics","status":"inherit","uploaded_to":438,"date":"2022-09-03 16:23:39","modified":"2022-09-03 16:23:39","menu_order":0,"mime_type":"image\/png","type":"image","subtype":"png","icon":"https:\/\/the-shake-down.com\/wp-includes\/images\/media\/default.png","width":1334,"height":389,"sizes":{"thumbnail":"https:\/\/the-shake-down.com\/wp-content\/uploads\/2022\/09\/MADARA-Cosmetics-150x150.png","thumbnail-width":150,"thumbnail-height":150,"medium":"https:\/\/the-shake-down.com\/wp-content\/uploads\/2022\/09\/MADARA-Cosmetics-300x87.png","medium-width":300,"medium-height":87,"medium_large":"https:\/\/the-shake-down.com\/wp-content\/uploads\/2022\/09\/MADARA-Cosmetics.png","medium_large-width":768,"medium_large-height":224,"large":"https:\/\/the-shake-down.com\/wp-content\/uploads\/2022\/09\/MADARA-Cosmetics-1024x299.png","large-width":1024,"large-height":299,"1536x1536":"https:\/\/the-shake-down.com\/wp-content\/uploads\/2022\/09\/MADARA-Cosmetics.png","1536x1536-width":1334,"1536x1536-height":389,"2048x2048":"https:\/\/the-shake-down.com\/wp-content\/uploads\/2022\/09\/MADARA-Cosmetics.png","2048x2048-width":1334,"2048x2048-height":389}},"url":"https:\/\/www.madaracosmetics.com\/"},{"logo":{"ID":621,"id":621,"title":"Silmachy-Wordmark","filename":"Silmachy-Wordmark.png","filesize":62692,"url":"https:\/\/the-shake-down.com\/wp-content\/uploads\/2022\/09\/Silmachy-Wordmark.png","link":"https:\/\/the-shake-down.com\/lv\/about\/homo-novus-shakedown\/sense-of-nostalgia\/silmachy-wordmark\/","alt":"","author":"1","description":"","caption":"","name":"silmachy-wordmark","status":"inherit","uploaded_to":438,"date":"2022-09-03 16:23:39","modified":"2022-09-03 16:23:39","menu_order":0,"mime_type":"image\/png","type":"image","subtype":"png","icon":"https:\/\/the-shake-down.com\/wp-includes\/images\/media\/default.png","width":1334,"height":389,"sizes":{"thumbnail":"https:\/\/the-shake-down.com\/wp-content\/uploads\/2022\/09\/Silmachy-Wordmark-150x150.png","thumbnail-width":150,"thumbnail-height":150,"medium":"https:\/\/the-shake-down.com\/wp-content\/uploads\/2022\/09\/Silmachy-Wordmark-300x87.png","medium-width":300,"medium-height":87,"medium_large":"https:\/\/the-shake-down.com\/wp-content\/uploads\/2022\/09\/Silmachy-Wordmark.png","medium_large-width":768,"medium_large-height":224,"large":"https:\/\/the-shake-down.com\/wp-content\/uploads\/2022\/09\/Silmachy-Wordmark-1024x299.png","large-width":1024,"large-height":299,"1536x1536":"https:\/\/the-shake-down.com\/wp-content\/uploads\/2022\/09\/Silmachy-Wordmark.png","1536x1536-width":1334,"1536x1536-height":389,"2048x2048":"https:\/\/the-shake-down.com\/wp-content\/uploads\/2022\/09\/Silmachy-Wordmark.png","2048x2048-width":1334,"2048x2048-height":389}},"url":"https:\/\/silmachy.lv\/"}]},"_links":{"self":[{"href":"https:\/\/the-shake-down.com\/lv\/wp-json\/wp\/v2\/pages\/438","targetHints":{"allow":["GET"]}}],"collection":[{"href":"https:\/\/the-shake-down.com\/lv\/wp-json\/wp\/v2\/pages"}],"about":[{"href":"https:\/\/the-shake-down.com\/lv\/wp-json\/wp\/v2\/types\/page"}],"author":[{"embeddable":true,"href":"https:\/\/the-shake-down.com\/lv\/wp-json\/wp\/v2\/users\/1"}],"replies":[{"embeddable":true,"href":"https:\/\/the-shake-down.com\/lv\/wp-json\/wp\/v2\/comments?post=438"}],"version-history":[{"count":12,"href":"https:\/\/the-shake-down.com\/lv\/wp-json\/wp\/v2\/pages\/438\/revisions"}],"predecessor-version":[{"id":623,"href":"https:\/\/the-shake-down.com\/lv\/wp-json\/wp\/v2\/pages\/438\/revisions\/623"}],"up":[{"embeddable":true,"href":"https:\/\/the-shake-down.com\/lv\/wp-json\/wp\/v2\/pages\/421"}],"wp:attachment":[{"href":"https:\/\/the-shake-down.com\/lv\/wp-json\/wp\/v2\/media?parent=438"}],"curies":[{"name":"wp","href":"https:\/\/api.w.org\/{rel}","templated":true}]}}