{"id":440,"date":"2022-08-19T12:45:52","date_gmt":"2022-08-19T10:45:52","guid":{"rendered":"https:\/\/the-shake-down.com\/?page_id=440"},"modified":"2022-09-04T14:50:09","modified_gmt":"2022-09-04T12:50:09","slug":"in-between","status":"publish","type":"page","link":"https:\/\/the-shake-down.com\/lv\/about\/homo-novus-shakedown\/in-between\/","title":{"rendered":"Starptelpa | Scenogr\u0101fiska telpas instal\u0101cija"},"content":{"rendered":"<p><strong>M\u0101ksliniece:<\/strong> Krist\u012bne Kutepova<br \/>\nSadarb\u012bb\u0101 ar R\u012bgas soci\u0101l\u0101s apr\u016bpes centra \u201cGai\u013cezers\u201d iem\u012btniekiem, m\u0101kslas terapijas dal\u012bbniekiem Ga\u013cinu, Inu, Tatjanu, Vas\u012bliju<br \/>\n<strong>M\u0101kslas terapeites:<\/strong> Di\u0101na Serga, L\u012bba B\u0113rzi\u0146a<br \/>\n<strong>Kuratori:<\/strong> Karu Treij, Ikars Gra\u017edanovi\u010ds<br \/>\n<strong>Mentore:<\/strong> Santa Remere<\/p>\n<p>&nbsp;<\/p>\n<p style=\"text-align: left;\"><em><span style=\"font-weight: 400;\">Nostal\u0123ijas ideja sav\u0101 pamat\u0101 ir balst\u012bta atmi\u0146\u0101s. Kas gan var\u0113tu b\u016bt v\u0113l nostal\u0123isk\u0101k par dz\u012bvo\u0161anu taj\u0101s? Projekts &#8220;<\/span><span style=\"font-weight: 400;\">Starptelpa&#8221;<\/span><span style=\"font-weight: 400;\">\u00a0ir velt\u012bts tam, k\u0101 cilv\u0113ki ar demenci redz pasauli \u2013 caur izbiju\u0161\u0101m atmi\u0146\u0101m.<\/span><\/em><\/p>\n<p style=\"text-align: left;\"><span style=\"font-weight: 400;\">&#8211; Karu un Ikars<\/span><\/p>\n<p>&nbsp;<\/p>\n<p style=\"text-align: right;\"><em><span style=\"font-weight: 400;\">Ar katru atcer\u0113\u0161an\u0101s reizi m\u0113s notikumu p\u0101rrakst\u0101m, un tas nedaudz izmain\u0101s, deform\u0113j\u0101s. Var pien\u0101kt br\u012bdis, kad atmi\u0146as izz\u016bd tuk\u0161um\u0101. To forma ir k\u013cuvusi nekonkr\u0113ta, iesp\u0113jams, palikusi tikai kr\u0101s\u0101 vai smar\u017e\u0101. Manas pirm\u0101s b\u0113rn\u012bbas atmi\u0146as ir kr\u0101sainas \u2013 atceros sal\u0101tza\u013cus ratus ar da\u017eiem oran\u017eiem ap\u013ciem&#8230; Starp t\u0101m un n\u0101ko\u0161o atmi\u0146u ir t\u012brs baltums, tuk\u0161ums, un n\u0101ko\u0161\u0101 atmi\u0146a ir saules pielieta istaba, spilgta saules gaisma. Protams, atmi\u0146as izce\u013cas ar emocij\u0101m, p\u0101rdz\u012bvojumiem, ir k\u0101di \u012bpa\u0161i mirk\u013ci, kuri spilgti var mosties atkal un atkal. Un tom\u0113r t\u0101s p\u0101rrakst\u0101s, l\u012bdz izz\u016bd.<\/span><\/em><\/p>\n<p style=\"text-align: right;\">&#8211; Krist\u012bne Kutepova<\/p>\n<p>&nbsp;<\/p>\n<p style=\"text-align: left;\"><span style=\"font-weight: 400;\">Instal\u0101cija &#8220;Atmi\u0146u p\u0113rles&#8221;, lielform\u0101ta gleznojums \u2013 instal\u0101cija \u201cIz\u0161\u0137\u012b\u0161ana\u201d, video un \u016bdens instal\u0101cija \u201cBurbu\u013co\u0161ana\u201d<\/span><\/p>\n<p>&nbsp;<\/p>\n<p style=\"text-align: center;\"><strong>9. un 10. septembris<\/strong><\/p>\n<p style=\"text-align: center;\"><strong>past\u0101v\u012bgi atv\u0113rts<\/strong><\/p>\n<p><\/p>","protected":false},"excerpt":{"rendered":"<p>M\u0101ksliniece: Krist\u012bne Kutepova Sadarb\u012bb\u0101 ar R\u012bgas soci\u0101l\u0101s apr\u016bpes centra \u201cGai\u013cezers\u201d iem\u012btniekiem, m\u0101kslas terapijas dal\u012bbniekiem Ga\u013cinu, Inu, Tatjanu, Vas\u012bliju M\u0101kslas terapeites: Di\u0101na Serga, L\u012bba B\u0113rzi\u0146a Kuratori: Karu Treij, Ikars Gra\u017edanovi\u010ds Mentore: Santa Remere &nbsp; Nostal\u0123ijas ideja sav\u0101 pamat\u0101 ir balst\u012bta atmi\u0146\u0101s. Kas gan var\u0113tu b\u016bt v\u0113l nostal\u0123isk\u0101k par dz\u012bvo\u0161anu taj\u0101s? Projekts &#8220;Starptelpa&#8221;\u00a0ir velt\u012bts tam, k\u0101 cilv\u0113ki [&hellip;]<\/p>\n","protected":false},"author":1,"featured_media":0,"parent":421,"menu_order":0,"comment_status":"closed","ping_status":"closed","template":"about_child.php","meta":{"inline_featured_image":false,"footnotes":""},"class_list":["post-440","page","type-page","status-publish","hentry"],"acf":{"featured_image":{"ID":546,"id":546,"title":"demence 2_page-0001","filename":"demence-2_page-0001.jpg","filesize":14265107,"url":"https:\/\/the-shake-down.com\/wp-content\/uploads\/2022\/08\/demence-2_page-0001.jpg","link":"https:\/\/the-shake-down.com\/lv\/about\/homo-novus-shakedown\/in-between\/demence-2_page-0001\/","alt":"","author":"3","description":"","caption":"","name":"demence-2_page-0001","status":"inherit","uploaded_to":440,"date":"2022-08-28 21:00:57","modified":"2022-08-28 21:00:57","menu_order":0,"mime_type":"image\/jpeg","type":"image","subtype":"jpeg","icon":"https:\/\/the-shake-down.com\/wp-includes\/images\/media\/default.png","width":4267,"height":3173,"sizes":{"thumbnail":"https:\/\/the-shake-down.com\/wp-content\/uploads\/2022\/08\/demence-2_page-0001-150x150.jpg","thumbnail-width":150,"thumbnail-height":150,"medium":"https:\/\/the-shake-down.com\/wp-content\/uploads\/2022\/08\/demence-2_page-0001-300x223.jpg","medium-width":300,"medium-height":223,"medium_large":"https:\/\/the-shake-down.com\/wp-content\/uploads\/2022\/08\/demence-2_page-0001.jpg","medium_large-width":768,"medium_large-height":571,"large":"https:\/\/the-shake-down.com\/wp-content\/uploads\/2022\/08\/demence-2_page-0001-1024x761.jpg","large-width":1024,"large-height":761,"1536x1536":"https:\/\/the-shake-down.com\/wp-content\/uploads\/2022\/08\/demence-2_page-0001.jpg","1536x1536-width":1536,"1536x1536-height":1142,"2048x2048":"https:\/\/the-shake-down.com\/wp-content\/uploads\/2022\/08\/demence-2_page-0001.jpg","2048x2048-width":2048,"2048x2048-height":1523}},"supporters":false},"_links":{"self":[{"href":"https:\/\/the-shake-down.com\/lv\/wp-json\/wp\/v2\/pages\/440","targetHints":{"allow":["GET"]}}],"collection":[{"href":"https:\/\/the-shake-down.com\/lv\/wp-json\/wp\/v2\/pages"}],"about":[{"href":"https:\/\/the-shake-down.com\/lv\/wp-json\/wp\/v2\/types\/page"}],"author":[{"embeddable":true,"href":"https:\/\/the-shake-down.com\/lv\/wp-json\/wp\/v2\/users\/1"}],"replies":[{"embeddable":true,"href":"https:\/\/the-shake-down.com\/lv\/wp-json\/wp\/v2\/comments?post=440"}],"version-history":[{"count":16,"href":"https:\/\/the-shake-down.com\/lv\/wp-json\/wp\/v2\/pages\/440\/revisions"}],"predecessor-version":[{"id":636,"href":"https:\/\/the-shake-down.com\/lv\/wp-json\/wp\/v2\/pages\/440\/revisions\/636"}],"up":[{"embeddable":true,"href":"https:\/\/the-shake-down.com\/lv\/wp-json\/wp\/v2\/pages\/421"}],"wp:attachment":[{"href":"https:\/\/the-shake-down.com\/lv\/wp-json\/wp\/v2\/media?parent=440"}],"curies":[{"name":"wp","href":"https:\/\/api.w.org\/{rel}","templated":true}]}}