{"id":442,"date":"2022-08-19T12:46:15","date_gmt":"2022-08-19T10:46:15","guid":{"rendered":"https:\/\/the-shake-down.com\/?page_id=442"},"modified":"2022-08-30T20:26:06","modified_gmt":"2022-08-30T18:26:06","slug":"party","status":"publish","type":"page","link":"https:\/\/the-shake-down.com\/lv\/about\/homo-novus-shakedown\/party\/","title":{"rendered":"Ball\u012bte"},"content":{"rendered":"<p><strong>D\u012bd\u017eeji<\/strong>: <span style=\"font-weight: 400;\">Bush Hartshorn, M\u0101ra Priedkalns, Katr\u012bna V\u0113vere<br \/>\n<strong>Kurators:<\/strong> Alberts Roze<br \/>\n<strong>Mentore:<\/strong> Bek Beger<\/span><\/p>\n<p>&nbsp;<\/p>\n<p><em><span style=\"font-weight: 400;\">Ball\u012bt\u0113m piem\u012bt \u012bpa\u0161a nosta\u013c\u0123ija \u2013 s\u0101kot ar m\u016bziku, ko pied\u0101v\u0101s tr\u012bs \u013coti at\u0161\u0137ir\u012bgi d\u012bd\u017eeji, un beidzot ar kluba tum\u0161o st\u016bru atmosf\u0113ru un sarun\u0101m. Tie\u0161i t\u0101p\u0113c man bija svar\u012bgi rad\u012bt telpu, kur ikkatrs var\u0113s izdz\u012bvot savas skaist\u0101k\u0101s un varb\u016bt pat aizmirst\u0101s ball\u012b\u0161u atmi\u0146as.<\/span><\/em><\/p>\n<p><span style=\"font-weight: 400;\">&#8211; Alberts<\/span><\/p>\n<p>&nbsp;<\/p>\n<p style=\"text-align: center;\"><strong>9. septembr\u012b<\/strong><\/p>\n<p style=\"text-align: center;\"><strong>19:30 Nostal\u0123isks d\u012bd\u017eejsets<\/strong> ar Dj After-<br \/>\nglow jeb M\u0101ra Priedklans (Austr\u0101lija)<\/p>\n<p style=\"text-align: center;\"><strong>21:00 Ball\u012bte <\/strong>ar DJ Bush Hartshorn<br \/>\n(Lielbrit\u0101nija) un DJ KATII jeb Katr\u012bnu<br \/>\nV\u0113veri (Latvija)<\/p>\n<p><\/p>","protected":false},"excerpt":{"rendered":"<p>D\u012bd\u017eeji: Bush Hartshorn, M\u0101ra Priedkalns, Katr\u012bna V\u0113vere Kurators: Alberts Roze Mentore: Bek Beger &nbsp; Ball\u012bt\u0113m piem\u012bt \u012bpa\u0161a nosta\u013c\u0123ija \u2013 s\u0101kot ar m\u016bziku, ko pied\u0101v\u0101s tr\u012bs \u013coti at\u0161\u0137ir\u012bgi d\u012bd\u017eeji, un beidzot ar kluba tum\u0161o st\u016bru atmosf\u0113ru un sarun\u0101m. Tie\u0161i t\u0101p\u0113c man bija svar\u012bgi rad\u012bt telpu, kur ikkatrs var\u0113s izdz\u012bvot savas skaist\u0101k\u0101s un varb\u016bt pat aizmirst\u0101s ball\u012b\u0161u [&hellip;]<\/p>\n","protected":false},"author":1,"featured_media":0,"parent":421,"menu_order":0,"comment_status":"closed","ping_status":"closed","template":"about_child.php","meta":{"inline_featured_image":false,"footnotes":""},"class_list":["post-442","page","type-page","status-publish","hentry"],"acf":{"featured_image":{"ID":529,"id":529,"title":"party visual","filename":"6257C0C2-FC70-48E6-94F3-98B67F23122E_page-0001.jpg","filesize":2068527,"url":"https:\/\/the-shake-down.com\/wp-content\/uploads\/2022\/08\/6257C0C2-FC70-48E6-94F3-98B67F23122E_page-0001.jpg","link":"https:\/\/the-shake-down.com\/lv\/about\/homo-novus-shakedown\/party\/6257c0c2-fc70-48e6-94f3-98b67f23122e_page-0001\/","alt":"","author":"3","description":"","caption":"","name":"6257c0c2-fc70-48e6-94f3-98b67f23122e_page-0001","status":"inherit","uploaded_to":442,"date":"2022-08-27 13:00:37","modified":"2022-08-27 13:01:12","menu_order":0,"mime_type":"image\/jpeg","type":"image","subtype":"jpeg","icon":"https:\/\/the-shake-down.com\/wp-includes\/images\/media\/default.png","width":1756,"height":1170,"sizes":{"thumbnail":"https:\/\/the-shake-down.com\/wp-content\/uploads\/2022\/08\/6257C0C2-FC70-48E6-94F3-98B67F23122E_page-0001-150x150.jpg","thumbnail-width":150,"thumbnail-height":150,"medium":"https:\/\/the-shake-down.com\/wp-content\/uploads\/2022\/08\/6257C0C2-FC70-48E6-94F3-98B67F23122E_page-0001-300x200.jpg","medium-width":300,"medium-height":200,"medium_large":"https:\/\/the-shake-down.com\/wp-content\/uploads\/2022\/08\/6257C0C2-FC70-48E6-94F3-98B67F23122E_page-0001.jpg","medium_large-width":768,"medium_large-height":512,"large":"https:\/\/the-shake-down.com\/wp-content\/uploads\/2022\/08\/6257C0C2-FC70-48E6-94F3-98B67F23122E_page-0001-1024x682.jpg","large-width":1024,"large-height":682,"1536x1536":"https:\/\/the-shake-down.com\/wp-content\/uploads\/2022\/08\/6257C0C2-FC70-48E6-94F3-98B67F23122E_page-0001.jpg","1536x1536-width":1536,"1536x1536-height":1023,"2048x2048":"https:\/\/the-shake-down.com\/wp-content\/uploads\/2022\/08\/6257C0C2-FC70-48E6-94F3-98B67F23122E_page-0001.jpg","2048x2048-width":1756,"2048x2048-height":1170}}},"_links":{"self":[{"href":"https:\/\/the-shake-down.com\/lv\/wp-json\/wp\/v2\/pages\/442","targetHints":{"allow":["GET"]}}],"collection":[{"href":"https:\/\/the-shake-down.com\/lv\/wp-json\/wp\/v2\/pages"}],"about":[{"href":"https:\/\/the-shake-down.com\/lv\/wp-json\/wp\/v2\/types\/page"}],"author":[{"embeddable":true,"href":"https:\/\/the-shake-down.com\/lv\/wp-json\/wp\/v2\/users\/1"}],"replies":[{"embeddable":true,"href":"https:\/\/the-shake-down.com\/lv\/wp-json\/wp\/v2\/comments?post=442"}],"version-history":[{"count":10,"href":"https:\/\/the-shake-down.com\/lv\/wp-json\/wp\/v2\/pages\/442\/revisions"}],"predecessor-version":[{"id":585,"href":"https:\/\/the-shake-down.com\/lv\/wp-json\/wp\/v2\/pages\/442\/revisions\/585"}],"up":[{"embeddable":true,"href":"https:\/\/the-shake-down.com\/lv\/wp-json\/wp\/v2\/pages\/421"}],"wp:attachment":[{"href":"https:\/\/the-shake-down.com\/lv\/wp-json\/wp\/v2\/media?parent=442"}],"curies":[{"name":"wp","href":"https:\/\/api.w.org\/{rel}","templated":true}]}}