{"id":444,"date":"2022-08-19T12:46:43","date_gmt":"2022-08-19T10:46:43","guid":{"rendered":"https:\/\/the-shake-down.com\/?page_id=444"},"modified":"2022-08-30T20:28:40","modified_gmt":"2022-08-30T18:28:40","slug":"me-benjamin-button-a-show-for-adults-by-the-latvian-puppet-theatre","status":"publish","type":"page","link":"https:\/\/the-shake-down.com\/lv\/about\/homo-novus-shakedown\/me-benjamin-button-a-show-for-adults-by-the-latvian-puppet-theatre\/","title":{"rendered":"Es \u2013 Bend\u017eamins Batons | Latvijas Le\u013c\u013cu te\u0101tra izr\u0101de pieaugu\u0161ajiem"},"content":{"rendered":"<p><strong>Re\u017eisors:<\/strong> Edgars Niklasons<br \/>\nP\u0113c F. Skota Ficd\u017eeralda darba mot\u012bviem<br \/>\n<strong>Lom\u0101s:<\/strong> Art\u016brs Putni\u0146\u0161, Sta\u0146islavs Ku\u013cikovs<br \/>\n<strong>Kurators:<\/strong> Alberts Roze<br \/>\n<strong>Mentore:<\/strong> Santa Remere<\/p>\n<p>&nbsp;<\/p>\n<p><em>St\u0101sts par Bend\u017eaminu Batonu, kur\u0161 noveco\u0161anu piedz\u012bvo atpaka\u013cgait\u0101, ir \u013coti neparasts \u2013 un \u0161\u012b izr\u0101de ir tikpat sav\u0101da k\u0101 t\u0101s liter\u0101rais pirmavots. Le\u013c\u013cu izr\u0101de pieaugu\u0161ajiem m\u0113\u0123ina atbild\u0113t uz m\u016b\u017e\u012bgiem jaut\u0101jumiem un iedarb\u012bgi aicina publiku p\u0113t\u012bt ar\u012b savas izj\u016btas par noveco\u0161anu.<\/em><\/p>\n<p>&#8211; Alberts<\/p>\n<p>&nbsp;<\/p>\n<p style=\"text-align: center;\"><strong>10. septembr\u012b 20:00<\/strong><\/p>\n<p style=\"text-align: center;\">Vietu skaits ierobe\u017eots <em>\u2013 <\/em>n\u0101ciet laic\u012bgi.<\/p>\n<p><\/p>","protected":false},"excerpt":{"rendered":"<p>Re\u017eisors: Edgars Niklasons P\u0113c F. Skota Ficd\u017eeralda darba mot\u012bviem Lom\u0101s: Art\u016brs Putni\u0146\u0161, Sta\u0146islavs Ku\u013cikovs Kurators: Alberts Roze Mentore: Santa Remere &nbsp; St\u0101sts par Bend\u017eaminu Batonu, kur\u0161 noveco\u0161anu piedz\u012bvo atpaka\u013cgait\u0101, ir \u013coti neparasts \u2013 un \u0161\u012b izr\u0101de ir tikpat sav\u0101da k\u0101 t\u0101s liter\u0101rais pirmavots. Le\u013c\u013cu izr\u0101de pieaugu\u0161ajiem m\u0113\u0123ina atbild\u0113t uz m\u016b\u017e\u012bgiem jaut\u0101jumiem un iedarb\u012bgi aicina publiku [&hellip;]<\/p>\n","protected":false},"author":1,"featured_media":0,"parent":421,"menu_order":0,"comment_status":"closed","ping_status":"closed","template":"about_child.php","meta":{"inline_featured_image":false,"footnotes":""},"class_list":["post-444","page","type-page","status-publish","hentry"],"acf":{"featured_image":{"ID":548,"id":548,"title":"bendzamins_page-0001","filename":"bendzamins_page-0001.jpg","filesize":1834498,"url":"https:\/\/the-shake-down.com\/wp-content\/uploads\/2022\/08\/bendzamins_page-0001.jpg","link":"https:\/\/the-shake-down.com\/lv\/about\/homo-novus-shakedown\/me-benjamin-button-a-show-for-adults-by-the-latvian-puppet-theatre\/bendzamins_page-0001\/","alt":"","author":"3","description":"","caption":"","name":"bendzamins_page-0001","status":"inherit","uploaded_to":444,"date":"2022-08-28 21:06:50","modified":"2022-08-28 21:06:50","menu_order":0,"mime_type":"image\/jpeg","type":"image","subtype":"jpeg","icon":"https:\/\/the-shake-down.com\/wp-includes\/images\/media\/default.png","width":1866,"height":1244,"sizes":{"thumbnail":"https:\/\/the-shake-down.com\/wp-content\/uploads\/2022\/08\/bendzamins_page-0001-150x150.jpg","thumbnail-width":150,"thumbnail-height":150,"medium":"https:\/\/the-shake-down.com\/wp-content\/uploads\/2022\/08\/bendzamins_page-0001-300x200.jpg","medium-width":300,"medium-height":200,"medium_large":"https:\/\/the-shake-down.com\/wp-content\/uploads\/2022\/08\/bendzamins_page-0001.jpg","medium_large-width":768,"medium_large-height":512,"large":"https:\/\/the-shake-down.com\/wp-content\/uploads\/2022\/08\/bendzamins_page-0001-1024x683.jpg","large-width":1024,"large-height":683,"1536x1536":"https:\/\/the-shake-down.com\/wp-content\/uploads\/2022\/08\/bendzamins_page-0001.jpg","1536x1536-width":1536,"1536x1536-height":1024,"2048x2048":"https:\/\/the-shake-down.com\/wp-content\/uploads\/2022\/08\/bendzamins_page-0001.jpg","2048x2048-width":1866,"2048x2048-height":1244}}},"_links":{"self":[{"href":"https:\/\/the-shake-down.com\/lv\/wp-json\/wp\/v2\/pages\/444","targetHints":{"allow":["GET"]}}],"collection":[{"href":"https:\/\/the-shake-down.com\/lv\/wp-json\/wp\/v2\/pages"}],"about":[{"href":"https:\/\/the-shake-down.com\/lv\/wp-json\/wp\/v2\/types\/page"}],"author":[{"embeddable":true,"href":"https:\/\/the-shake-down.com\/lv\/wp-json\/wp\/v2\/users\/1"}],"replies":[{"embeddable":true,"href":"https:\/\/the-shake-down.com\/lv\/wp-json\/wp\/v2\/comments?post=444"}],"version-history":[{"count":13,"href":"https:\/\/the-shake-down.com\/lv\/wp-json\/wp\/v2\/pages\/444\/revisions"}],"predecessor-version":[{"id":586,"href":"https:\/\/the-shake-down.com\/lv\/wp-json\/wp\/v2\/pages\/444\/revisions\/586"}],"up":[{"embeddable":true,"href":"https:\/\/the-shake-down.com\/lv\/wp-json\/wp\/v2\/pages\/421"}],"wp:attachment":[{"href":"https:\/\/the-shake-down.com\/lv\/wp-json\/wp\/v2\/media?parent=444"}],"curies":[{"name":"wp","href":"https:\/\/api.w.org\/{rel}","templated":true}]}}