{"id":554,"date":"2022-08-29T12:20:14","date_gmt":"2022-08-29T10:20:14","guid":{"rendered":"https:\/\/the-shake-down.com\/?page_id=554"},"modified":"2022-09-03T11:16:22","modified_gmt":"2022-09-03T09:16:22","slug":"notes-to-remember-paintings","status":"publish","type":"page","link":"https:\/\/the-shake-down.com\/lv\/about\/homo-novus-shakedown\/notes-to-remember-paintings\/","title":{"rendered":"Piez\u012bmes lai atcer\u0113tos | Gleznas"},"content":{"rendered":"<p><strong>M\u0101ksliniece:<\/strong> M\u0101ra Br\u012bvere<br \/>\n<strong>Kuratore:<\/strong> Estere Dimitere<br \/>\n<strong>Mentore:<\/strong> Sodja Zupanc Lotker<\/p>\n<p>&nbsp;<\/p>\n<p><em>Painting is memory.<\/em><\/p>\n<p>&#8211; Estere<\/p>\n<p>&nbsp;<\/p>\n<p style=\"text-align: center;\"><strong>9. un 10. septembris<\/strong><\/p>\n<p style=\"text-align: center;\"><strong>past\u0101v\u012bgi atv\u0113rts<\/strong><\/p>\n<p><\/p>","protected":false},"excerpt":{"rendered":"<p>M\u0101ksliniece: M\u0101ra Br\u012bvere Kuratore: Estere Dimitere Mentore: Sodja Zupanc Lotker &nbsp; Painting is memory. &#8211; Estere &nbsp; 9. un 10. septembris past\u0101v\u012bgi atv\u0113rts<\/p>\n","protected":false},"author":1,"featured_media":0,"parent":421,"menu_order":0,"comment_status":"closed","ping_status":"closed","template":"about_child.php","meta":{"inline_featured_image":false,"footnotes":""},"class_list":["post-554","page","type-page","status-publish","hentry"],"acf":{"featured_image":{"ID":557,"id":557,"title":"gleznas1024_1","filename":"gleznas1024_1.jpg","filesize":198603,"url":"https:\/\/the-shake-down.com\/wp-content\/uploads\/2022\/08\/gleznas1024_1.jpg","link":"https:\/\/the-shake-down.com\/lv\/about\/homo-novus-shakedown\/notes-to-remember-paintings\/gleznas1024_1\/","alt":"","author":"3","description":"","caption":"","name":"gleznas1024_1","status":"inherit","uploaded_to":554,"date":"2022-08-29 10:14:55","modified":"2022-08-29 10:14:55","menu_order":0,"mime_type":"image\/jpeg","type":"image","subtype":"jpeg","icon":"https:\/\/the-shake-down.com\/wp-includes\/images\/media\/default.png","width":1024,"height":762,"sizes":{"thumbnail":"https:\/\/the-shake-down.com\/wp-content\/uploads\/2022\/08\/gleznas1024_1-150x150.jpg","thumbnail-width":150,"thumbnail-height":150,"medium":"https:\/\/the-shake-down.com\/wp-content\/uploads\/2022\/08\/gleznas1024_1-300x223.jpg","medium-width":300,"medium-height":223,"medium_large":"https:\/\/the-shake-down.com\/wp-content\/uploads\/2022\/08\/gleznas1024_1.jpg","medium_large-width":768,"medium_large-height":572,"large":"https:\/\/the-shake-down.com\/wp-content\/uploads\/2022\/08\/gleznas1024_1.jpg","large-width":1024,"large-height":762,"1536x1536":"https:\/\/the-shake-down.com\/wp-content\/uploads\/2022\/08\/gleznas1024_1.jpg","1536x1536-width":1024,"1536x1536-height":762,"2048x2048":"https:\/\/the-shake-down.com\/wp-content\/uploads\/2022\/08\/gleznas1024_1.jpg","2048x2048-width":1024,"2048x2048-height":762}}},"_links":{"self":[{"href":"https:\/\/the-shake-down.com\/lv\/wp-json\/wp\/v2\/pages\/554","targetHints":{"allow":["GET"]}}],"collection":[{"href":"https:\/\/the-shake-down.com\/lv\/wp-json\/wp\/v2\/pages"}],"about":[{"href":"https:\/\/the-shake-down.com\/lv\/wp-json\/wp\/v2\/types\/page"}],"author":[{"embeddable":true,"href":"https:\/\/the-shake-down.com\/lv\/wp-json\/wp\/v2\/users\/1"}],"replies":[{"embeddable":true,"href":"https:\/\/the-shake-down.com\/lv\/wp-json\/wp\/v2\/comments?post=554"}],"version-history":[{"count":5,"href":"https:\/\/the-shake-down.com\/lv\/wp-json\/wp\/v2\/pages\/554\/revisions"}],"predecessor-version":[{"id":610,"href":"https:\/\/the-shake-down.com\/lv\/wp-json\/wp\/v2\/pages\/554\/revisions\/610"}],"up":[{"embeddable":true,"href":"https:\/\/the-shake-down.com\/lv\/wp-json\/wp\/v2\/pages\/421"}],"wp:attachment":[{"href":"https:\/\/the-shake-down.com\/lv\/wp-json\/wp\/v2\/media?parent=554"}],"curies":[{"name":"wp","href":"https:\/\/api.w.org\/{rel}","templated":true}]}}