{"id":590,"date":"2022-09-01T17:26:55","date_gmt":"2022-09-01T15:26:55","guid":{"rendered":"https:\/\/the-shake-down.com\/?page_id=590"},"modified":"2022-09-07T23:58:31","modified_gmt":"2022-09-07T21:58:31","slug":"fictive-closing-ceremony","status":"publish","type":"page","link":"https:\/\/the-shake-down.com\/lv\/about\/homo-novus-shakedown\/fictive-closing-ceremony\/","title":{"rendered":"Fikt\u012bva nosl\u0113guma ceremonija &#8220;Tuvie T\u0101lie un M\u0101ja K\u0101ja&#8221;"},"content":{"rendered":"<p><strong>M\u0101kslinieki:<\/strong> <span style=\"font-weight: 400;\">fikt\u012bv\u0101 m\u016bzi\u0137u un st\u0101stnieku apvien\u012bba \u201cTuvie T\u0101lie\u201d (El\u012bza Dombrovska, Kirils \u0112cis, Anna Kli\u0161\u0101ne, Ivars Krasts, Gerds Lapo\u0161ka, Jur\u0123is L\u016bsis, Kristi\u0101na B\u0113rza)<\/span><\/p>\n<p><strong>Kuratori:<\/strong> Alberts Roze, Samuels Ozoli\u0146\u0161<br \/>\n<strong>Mentore:<\/strong> Sandra Lapkovska<\/p>\n<p>&nbsp;<\/p>\n<p><em><span style=\"font-weight: 400;\">Performance, kas rada nostal\u0123iju, pati k\u013c\u016bstot un padarot festiv\u0101lu vairs tikai par atmi\u0146u.<\/span><\/em><\/p>\n<p>&#8211; Samuels<\/p>\n<p>&nbsp;<\/p>\n<p dir=\"ltr\" style=\"text-align: right;\"><em>M\u0113s m\u0101jojam ce\u013c\u0101 un ce\u013cojam m\u0101j\u0101s, m\u0101jojam st\u0101stos un dziesm\u0101s un ar laiku pa\u0161i k\u013c\u016bst par m\u0101jok\u013ciem nokl\u012bdu\u0161iem st\u0101stiem un dziesm\u0101m. M\u0113s nemit\u012bgi turpin\u0101m salikties un izjaukties, sarauties un izplesties, m\u0113s ieskrienamies, pakl\u016bpam, apst\u0101jamies, \u0161aub\u0101mies, aiz\u0161aub\u0101mies un attopamies atkal ieskrienoties.<\/em><\/p>\n<p dir=\"ltr\" style=\"text-align: right;\"><em>M\u0113s esam iekodu\u0161ies sev ast\u0113.\u00a0<\/em><\/p>\n<p style=\"text-align: right;\">&#8211; Tuvie T\u0101lie<\/p>\n<p>&nbsp;<\/p>\n<p style=\"text-align: left;\">Performance \u201cTuvie T\u0101lie un M\u0101ja K\u0101ja\u201d ir se\u0161u draugu, st\u0101stnieku un m\u016bzi\u0137u\u00a0 apvien\u012bbas velt\u012bjums m\u0101jok\u013ciem un mitek\u013ciem, kas iekl\u012bdis Apv\u0113rsuma skat\u012bt\u0101ju centra iek\u0161pagalm\u0101, k\u0101 atg\u0101din\u0101jums, ka \u0161\u0101d\u0101 sast\u0101v\u0101 m\u0113s visdr\u012bz\u0101k nekad vairs nesatiksimies. \u0160\u012bs pasaules v\u0101rti atveras, lai aizv\u0113rtos un to, kas bijis \u0161odien neatcer\u0113sies neviens cits k\u0101 Tu.<\/p>\n<p>&nbsp;<\/p>\n<p style=\"text-align: center;\"><strong>10. septembr\u012b 21:30<\/strong><\/p>\n<p style=\"text-align: center;\"><i style=\"text-align: right;\">Sadarb\u012bb\u0101 ar Valmieras vasaras te\u0101tra festiv\u0101lu<\/i><\/p>\n<p><\/p>","protected":false},"excerpt":{"rendered":"<p>M\u0101kslinieki: fikt\u012bv\u0101 m\u016bzi\u0137u un st\u0101stnieku apvien\u012bba \u201cTuvie T\u0101lie\u201d (El\u012bza Dombrovska, Kirils \u0112cis, Anna Kli\u0161\u0101ne, Ivars Krasts, Gerds Lapo\u0161ka, Jur\u0123is L\u016bsis, Kristi\u0101na B\u0113rza) Kuratori: Alberts Roze, Samuels Ozoli\u0146\u0161 Mentore: Sandra Lapkovska &nbsp; Performance, kas rada nostal\u0123iju, pati k\u013c\u016bstot un padarot festiv\u0101lu vairs tikai par atmi\u0146u. &#8211; Samuels &nbsp; M\u0113s m\u0101jojam ce\u013c\u0101 un ce\u013cojam m\u0101j\u0101s, m\u0101jojam st\u0101stos [&hellip;]<\/p>\n","protected":false},"author":3,"featured_media":0,"parent":421,"menu_order":0,"comment_status":"closed","ping_status":"closed","template":"about_child.php","meta":{"inline_featured_image":false,"footnotes":""},"class_list":["post-590","page","type-page","status-publish","hentry"],"acf":{"featured_image":{"ID":602,"id":602,"title":"tuvie t\u0101lie 2","filename":"tuvie-talie-2.jpg","filesize":1694997,"url":"https:\/\/the-shake-down.com\/wp-content\/uploads\/2022\/09\/tuvie-talie-2.jpg","link":"https:\/\/the-shake-down.com\/lv\/about\/homo-novus-shakedown\/fictive-closing-ceremony\/tuvie-talie-2\/","alt":"","author":"3","description":"","caption":"","name":"tuvie-talie-2","status":"inherit","uploaded_to":590,"date":"2022-09-01 15:26:23","modified":"2022-09-01 15:26:23","menu_order":0,"mime_type":"image\/jpeg","type":"image","subtype":"jpeg","icon":"https:\/\/the-shake-down.com\/wp-includes\/images\/media\/default.png","width":2550,"height":1874,"sizes":{"thumbnail":"https:\/\/the-shake-down.com\/wp-content\/uploads\/2022\/09\/tuvie-talie-2-150x150.jpg","thumbnail-width":150,"thumbnail-height":150,"medium":"https:\/\/the-shake-down.com\/wp-content\/uploads\/2022\/09\/tuvie-talie-2-300x220.jpg","medium-width":300,"medium-height":220,"medium_large":"https:\/\/the-shake-down.com\/wp-content\/uploads\/2022\/09\/tuvie-talie-2.jpg","medium_large-width":768,"medium_large-height":564,"large":"https:\/\/the-shake-down.com\/wp-content\/uploads\/2022\/09\/tuvie-talie-2-1024x753.jpg","large-width":1024,"large-height":753,"1536x1536":"https:\/\/the-shake-down.com\/wp-content\/uploads\/2022\/09\/tuvie-talie-2.jpg","1536x1536-width":1536,"1536x1536-height":1129,"2048x2048":"https:\/\/the-shake-down.com\/wp-content\/uploads\/2022\/09\/tuvie-talie-2.jpg","2048x2048-width":2048,"2048x2048-height":1505}},"supporters":[{"logo":{"ID":640,"id":640,"title":"VVTF-logo-balts fons-1","filename":"VVTF-logo-balts-fons-1.jpg","filesize":39574,"url":"https:\/\/the-shake-down.com\/wp-content\/uploads\/2022\/09\/VVTF-logo-balts-fons-1.jpg","link":"https:\/\/the-shake-down.com\/lv\/about\/homo-novus-shakedown\/fictive-closing-ceremony\/vvtf-logo-balts-fons-1\/","alt":"","author":"3","description":"","caption":"","name":"vvtf-logo-balts-fons-1","status":"inherit","uploaded_to":590,"date":"2022-09-05 13:54:04","modified":"2022-09-05 13:54:04","menu_order":0,"mime_type":"image\/jpeg","type":"image","subtype":"jpeg","icon":"https:\/\/the-shake-down.com\/wp-includes\/images\/media\/default.png","width":834,"height":834,"sizes":{"thumbnail":"https:\/\/the-shake-down.com\/wp-content\/uploads\/2022\/09\/VVTF-logo-balts-fons-1-150x150.jpg","thumbnail-width":150,"thumbnail-height":150,"medium":"https:\/\/the-shake-down.com\/wp-content\/uploads\/2022\/09\/VVTF-logo-balts-fons-1-300x300.jpg","medium-width":300,"medium-height":300,"medium_large":"https:\/\/the-shake-down.com\/wp-content\/uploads\/2022\/09\/VVTF-logo-balts-fons-1.jpg","medium_large-width":768,"medium_large-height":768,"large":"https:\/\/the-shake-down.com\/wp-content\/uploads\/2022\/09\/VVTF-logo-balts-fons-1.jpg","large-width":834,"large-height":834,"1536x1536":"https:\/\/the-shake-down.com\/wp-content\/uploads\/2022\/09\/VVTF-logo-balts-fons-1.jpg","1536x1536-width":834,"1536x1536-height":834,"2048x2048":"https:\/\/the-shake-down.com\/wp-content\/uploads\/2022\/09\/VVTF-logo-balts-fons-1.jpg","2048x2048-width":834,"2048x2048-height":834}},"url":""}]},"_links":{"self":[{"href":"https:\/\/the-shake-down.com\/lv\/wp-json\/wp\/v2\/pages\/590","targetHints":{"allow":["GET"]}}],"collection":[{"href":"https:\/\/the-shake-down.com\/lv\/wp-json\/wp\/v2\/pages"}],"about":[{"href":"https:\/\/the-shake-down.com\/lv\/wp-json\/wp\/v2\/types\/page"}],"author":[{"embeddable":true,"href":"https:\/\/the-shake-down.com\/lv\/wp-json\/wp\/v2\/users\/3"}],"replies":[{"embeddable":true,"href":"https:\/\/the-shake-down.com\/lv\/wp-json\/wp\/v2\/comments?post=590"}],"version-history":[{"count":17,"href":"https:\/\/the-shake-down.com\/lv\/wp-json\/wp\/v2\/pages\/590\/revisions"}],"predecessor-version":[{"id":648,"href":"https:\/\/the-shake-down.com\/lv\/wp-json\/wp\/v2\/pages\/590\/revisions\/648"}],"up":[{"embeddable":true,"href":"https:\/\/the-shake-down.com\/lv\/wp-json\/wp\/v2\/pages\/421"}],"wp:attachment":[{"href":"https:\/\/the-shake-down.com\/lv\/wp-json\/wp\/v2\/media?parent=590"}],"curies":[{"name":"wp","href":"https:\/\/api.w.org\/{rel}","templated":true}]}}