{"id":650,"date":"2022-09-08T00:57:57","date_gmt":"2022-09-07T22:57:57","guid":{"rendered":"https:\/\/the-shake-down.com\/?page_id=650"},"modified":"2022-09-08T00:57:57","modified_gmt":"2022-09-07T22:57:57","slug":"museum-of-curatorial-nostalgia","status":"publish","type":"page","link":"https:\/\/the-shake-down.com\/lv\/about\/homo-novus-shakedown\/museum-of-curatorial-nostalgia\/","title":{"rendered":"Kuratoru nosta\u013c\u0123ijas muzejs"},"content":{"rendered":"<p>Kurators: Ikars Grazdanovi\u010ds<\/p>\n<p>&nbsp;<\/p>\n<p><em><span style=\"font-weight: 400;\">\u0160aj\u0101 nelielaj\u0101 instal\u0101cij\u0101 ir izst\u0101d\u012bti 10 da\u017e\u0101di objekti, kurus ir izv\u0113l\u0113ju\u0161ies un atvedu\u0161i jaunie kuratori. Katrs priek\u0161mets k\u0101dam no jaunie\u0161iem asoci\u0113jas ar nosta\u013c\u0123iju vai raisa nostal\u0123iskas atmi\u0146as. \u0160\u012b instal\u0101cija \u013cauj apmekl\u0113t\u0101jiem tuv\u0101k iepaz\u012bt jaunos kuratorus un vi\u0146u nostal\u0123isk\u0101s izj\u016btas un atmi\u0146as.<\/span><\/em><\/p>\n<p>&#8211; Ikars<\/p>\n<p>&nbsp;<\/p>\n<p style=\"text-align: center;\"><strong>9. un 10. septembris<\/strong><\/p>\n<p style=\"text-align: center;\"><strong>past\u0101v\u012bgi atv\u0113rts\u00a0<\/strong><\/p>\n<p><\/p>","protected":false},"excerpt":{"rendered":"<p>Kurators: Ikars Grazdanovi\u010ds &nbsp; \u0160aj\u0101 nelielaj\u0101 instal\u0101cij\u0101 ir izst\u0101d\u012bti 10 da\u017e\u0101di objekti, kurus ir izv\u0113l\u0113ju\u0161ies un atvedu\u0161i jaunie kuratori. Katrs priek\u0161mets k\u0101dam no jaunie\u0161iem asoci\u0113jas ar nosta\u013c\u0123iju vai raisa nostal\u0123iskas atmi\u0146as. \u0160\u012b instal\u0101cija \u013cauj apmekl\u0113t\u0101jiem tuv\u0101k iepaz\u012bt jaunos kuratorus un vi\u0146u nostal\u0123isk\u0101s izj\u016btas un atmi\u0146as. &#8211; Ikars &nbsp; 9. un 10. septembris past\u0101v\u012bgi atv\u0113rts\u00a0<\/p>\n","protected":false},"author":3,"featured_media":0,"parent":421,"menu_order":0,"comment_status":"closed","ping_status":"closed","template":"about_child.php","meta":{"inline_featured_image":false,"footnotes":""},"class_list":["post-650","page","type-page","status-publish","hentry"],"acf":{"featured_image":false,"supporters":false},"_links":{"self":[{"href":"https:\/\/the-shake-down.com\/lv\/wp-json\/wp\/v2\/pages\/650","targetHints":{"allow":["GET"]}}],"collection":[{"href":"https:\/\/the-shake-down.com\/lv\/wp-json\/wp\/v2\/pages"}],"about":[{"href":"https:\/\/the-shake-down.com\/lv\/wp-json\/wp\/v2\/types\/page"}],"author":[{"embeddable":true,"href":"https:\/\/the-shake-down.com\/lv\/wp-json\/wp\/v2\/users\/3"}],"replies":[{"embeddable":true,"href":"https:\/\/the-shake-down.com\/lv\/wp-json\/wp\/v2\/comments?post=650"}],"version-history":[{"count":1,"href":"https:\/\/the-shake-down.com\/lv\/wp-json\/wp\/v2\/pages\/650\/revisions"}],"predecessor-version":[{"id":651,"href":"https:\/\/the-shake-down.com\/lv\/wp-json\/wp\/v2\/pages\/650\/revisions\/651"}],"up":[{"embeddable":true,"href":"https:\/\/the-shake-down.com\/lv\/wp-json\/wp\/v2\/pages\/421"}],"wp:attachment":[{"href":"https:\/\/the-shake-down.com\/lv\/wp-json\/wp\/v2\/media?parent=650"}],"curies":[{"name":"wp","href":"https:\/\/api.w.org\/{rel}","templated":true}]}}