{"id":911,"date":"2023-04-25T10:06:25","date_gmt":"2023-04-25T08:06:25","guid":{"rendered":"https:\/\/the-shake-down.com\/?page_id=911"},"modified":"2023-05-03T16:25:52","modified_gmt":"2023-05-03T14:25:52","slug":"the-shake-down-at-bastard","status":"publish","type":"page","link":"https:\/\/the-shake-down.com\/lv\/about\/the-shake-down-at-bastard\/","title":{"rendered":"&#8221;Apv\u0113rsums&#8221; festiv\u0101l\u0101 &#8220;Bastard&#8221;"},"content":{"rendered":"<p><strong>No 26. l\u012bdz 29. apr\u012blim aicin\u0101m pievienoties ned\u0113\u013cu garam notikumam \u2013 Starptautiskajam m\u0101kslas festiv\u0101lam &#8220;Bastard&#8221; Tronheim\u0101, Norv\u0113\u0123ij\u0101 \u2013\u00a0 ar izr\u0101d\u0113m, ball\u012bt\u0113m un sarun\u0101m, kas m\u0113\u0123ina no jauna defin\u0113t, k\u0101 te\u0101tris, deja un performances m\u0101ksla var ietekm\u0113t apk\u0101rt\u0113jo pasauli.<\/strong><\/p>\n<p>Performances, ko varat pa\u0146emt l\u012bdzi uz m\u0101j\u0101m, kas p\u0101r\u0146em pils\u0113tas centru un pamestas \u0113kas, kas ilgst visu dienu, kas tevi notur, aizkustina un aicina ieklaus\u012bties, just un uzdr\u012bkst\u0113ties vair\u0101k. Ball\u012btes, kas pulc\u0113 un veido kopienas, kas st\u0101sta st\u0101stus un pace\u013c balsis. Sarunas, kur\u0101m ir noz\u012bme, starp tiem, kuri cit\u0101di nesarun\u0101jas. Sarunas, kas var main\u012bt procesus un rad\u012bt p\u0101rmai\u0146as.<\/p>\n<p>Kas kop\u012bgs desmit pusaud\u017eu grupai, \u010detriem gleznot\u0101jiem, d\u012bvainai s\u0101mu <em>death<\/em> met\u0101la grupai, d\u017eeza kolekt\u012bvam tepat kaimi\u0146os, lauku piekrastes m\u0101kslas un m\u016bzikas festiv\u0101lam, d\u012bvainai dz\u012bv\u0101s m\u016bzikas iniciat\u012bvai un skatuves m\u0101kslas kuratoru birojam? Kop\u0101 \u2014 katrs p\u0113c saviem noteikumiem \u2014 vi\u0146i veido &#8220;Bastard&#8221; 2023. gada programmu. Katrs pied\u0101v\u0101 savu skat\u012bjumu uz to, k\u0101 skatuves m\u0101ksla var b\u016bt transform\u0113jo\u0161a, var tikt izmantota, lai no jauna izt\u0113lotu attiec\u012bbas ar mums pa\u0161iem, vienam ar otru un apk\u0101rt\u0113jo pasauli.<\/p>\n<p>Nododot skatuves, bud\u017eetu un kuratoru izv\u0113les da\u017e\u0101du kopienu p\u0101rst\u0101vjiem, ceram, ka &#8220;Bastard&#8221; k\u013c\u016bs par laikmet\u012bg\u0101s m\u0101kslas festiv\u0101lu, kas pieder daudziem, un re\u0123ion\u0101l\u0101 l\u012bmen\u012b b\u016btisku platformu, lai no jauna defin\u0113tu te\u0101tra, dejas un izr\u0101des iesp\u0113jas.<\/p>\n<p>&#8220;Apv\u0113rsums&#8221; pusaud\u017eu kuratori sav\u0101 programm\u0101 iek\u013c\u0101vu\u0161i \u010detras izr\u0101des \u2013 zem\u0101k uzziniet par t\u0101m vair\u0101k!<\/p>\n<p>Vair\u0101k inform\u0101cijas par festiv\u0101lu: <a class=\"x1i10hfl xjbqb8w x6umtig x1b1mbwd xaqea5y xav7gou x9f619 x1ypdohk xt0psk2 xe8uvvx xdj266r x11i5rnm xat24cr x1mh8g0r xexx8yu x4uap5 x18d9i69 xkhd6sd x16tdsg8 x1hl2dhg xggy1nq x1a2a7pz xt0b8zv x1fey0fg\" tabindex=\"0\" role=\"link\" href=\"https:\/\/rosendalteater.no\/en\/program\/bastard-2023?fbclid=IwAR0x0jjZGU8KQCx9-qZagKSQsBRnwcSIiTXVTuYb6katqOJ_vJXRGJJ05hM\" target=\"_blank\" rel=\"nofollow noopener\">https:\/\/rosendalteater.no\/en\/program\/bastard-2023<\/a><\/p>\n<p>Programma &#8220;Apv\u0113rsums&#8221; Starptautiskaj\u0101 m\u0101kslas festiv\u0101l\u0101 &#8220;Bastard&#8221; tapusi ar Islandes, Lihten\u0161teinas un Norv\u0113\u0123ijas finansi\u0101lu atbalstu caur EEZ Grantiem.<\/p>\n<p>&nbsp;<\/p>\n<h2 style=\"text-align: center;\"><em><strong>27. apr\u012bl\u012b 19.00 vai 29. apr\u012bl\u012b 16.00<\/strong><\/em><\/h2>\n<h2 dir=\"auto\" style=\"text-align: center;\">J\u0101\u0146a Balo\u017ea (Latvija) un Noela Kano (Argent\u012bna) izr\u0101de <strong>&#8220;Brie\u017ea p\u0113d\u0113j\u0101 nakts&#8221;<\/strong>, kas ved skat\u012bt\u0101ju sev l\u012bdzi sniega v\u0113tr\u0101, atmi\u0146\u0101s un prom no antropocentriska pasaules redz\u0113juma.<\/h2>\n<h2 style=\"text-align: center;\"><em><strong>28. apr\u012bl\u012b no 16.00 l\u012bdz pat 1.00<\/strong><\/em><\/h2>\n<h2 dir=\"auto\" style=\"text-align: center;\">Savdab\u012bgas s\u0101mu izcelsmes kv\u012bru &#8220;death metal&#8221; grupas &#8220;Nagir\u010dalmmiid&#8221; notikums ar nosaukumu <strong>&#8220;TRANSpire&#8221;<\/strong>, kur\u0101 iek\u013cauts gan kop\u012bgs saunas apmekl\u0113jums, kop\u012bga malt\u012bte, darbn\u012bcas par \u0137ermeni un seksualit\u0101ti, koncerts un ball\u012bte.<\/h2>\n<h2 style=\"text-align: center;\"><em><strong>29. apr\u012bl\u012b no 11.00, visas dienas garum\u0101<\/strong><\/em><\/h2>\n<h2 dir=\"auto\" style=\"text-align: center;\">&#8220;Jam Public&#8221; instal\u0101cija <strong>&#8220;Piep\u016b\u0161amais muzejs&#8221;<\/strong>, kas velt\u012bta idejai, ka m\u0101kslas pasaul\u0113 ir p\u0101r\u0101k maz humora un p\u0101r\u0101k daudz hierarhijas.<\/h2>\n<h2 style=\"text-align: center;\"><em><strong>29. apr\u012bl\u012b 13.00 un 15.00<\/strong><\/em><\/h2>\n<h2 dir=\"auto\" style=\"text-align: center;\">Lietuvie\u0161u m\u0101kslinieces Linas Lapel\u012btes muzik\u0101lais projekts <strong>&#8220;L\u0113dijas&#8221;<\/strong>, kur\u0101 kankles sp\u0113l\u0113t\u0101jas ar 30 gadu st\u0101\u017eu pied\u0101v\u0101s klaus\u012bt\u0101jiem nevainojami sinhroni izpild\u012btu un monotonu tradicion\u0101l\u0101 instrumenta koncertu.<\/h2>\n<h2 dir=\"auto\" style=\"text-align: center;\"><\/h2>\n<p><\/p>","protected":false},"excerpt":{"rendered":"<p>No 26. l\u012bdz 29. apr\u012blim aicin\u0101m pievienoties ned\u0113\u013cu garam notikumam \u2013 Starptautiskajam m\u0101kslas festiv\u0101lam &#8220;Bastard&#8221; Tronheim\u0101, Norv\u0113\u0123ij\u0101 \u2013\u00a0 ar izr\u0101d\u0113m, ball\u012bt\u0113m un sarun\u0101m, kas m\u0113\u0123ina no jauna defin\u0113t, k\u0101 te\u0101tris, deja un performances m\u0101ksla var ietekm\u0113t apk\u0101rt\u0113jo pasauli. Performances, ko varat pa\u0146emt l\u012bdzi uz m\u0101j\u0101m, kas p\u0101r\u0146em pils\u0113tas centru un pamestas \u0113kas, kas ilgst visu [&hellip;]<\/p>\n","protected":false},"author":2,"featured_media":936,"parent":227,"menu_order":0,"comment_status":"closed","ping_status":"closed","template":"about.php","meta":{"inline_featured_image":false,"footnotes":""},"class_list":["post-911","page","type-page","status-publish","has-post-thumbnail","hentry"],"acf":{"supporters":false,"featured_image":false},"_links":{"self":[{"href":"https:\/\/the-shake-down.com\/lv\/wp-json\/wp\/v2\/pages\/911","targetHints":{"allow":["GET"]}}],"collection":[{"href":"https:\/\/the-shake-down.com\/lv\/wp-json\/wp\/v2\/pages"}],"about":[{"href":"https:\/\/the-shake-down.com\/lv\/wp-json\/wp\/v2\/types\/page"}],"author":[{"embeddable":true,"href":"https:\/\/the-shake-down.com\/lv\/wp-json\/wp\/v2\/users\/2"}],"replies":[{"embeddable":true,"href":"https:\/\/the-shake-down.com\/lv\/wp-json\/wp\/v2\/comments?post=911"}],"version-history":[{"count":19,"href":"https:\/\/the-shake-down.com\/lv\/wp-json\/wp\/v2\/pages\/911\/revisions"}],"predecessor-version":[{"id":975,"href":"https:\/\/the-shake-down.com\/lv\/wp-json\/wp\/v2\/pages\/911\/revisions\/975"}],"up":[{"embeddable":true,"href":"https:\/\/the-shake-down.com\/lv\/wp-json\/wp\/v2\/pages\/227"}],"wp:featuredmedia":[{"embeddable":true,"href":"https:\/\/the-shake-down.com\/lv\/wp-json\/wp\/v2\/media\/936"}],"wp:attachment":[{"href":"https:\/\/the-shake-down.com\/lv\/wp-json\/wp\/v2\/media?parent=911"}],"curies":[{"name":"wp","href":"https:\/\/api.w.org\/{rel}","templated":true}]}}