{"id":941,"date":"2023-04-28T11:36:17","date_gmt":"2023-04-28T09:36:17","guid":{"rendered":"https:\/\/the-shake-down.com\/?page_id=941"},"modified":"2023-05-03T17:17:56","modified_gmt":"2023-05-03T15:17:56","slug":"the-last-night-of-the-deer","status":"publish","type":"page","link":"https:\/\/the-shake-down.com\/lv\/about\/the-shake-down-at-bastard\/the-last-night-of-the-deer\/","title":{"rendered":"Brie\u017ea p\u0113d\u0113j\u0101 nakts"},"content":{"rendered":"<p><a href=\"https:\/\/rosendalteater.no\/en\/program\/the-last-night-of-the-deer\" rel=\"nofollow noopener\" target=\"_blank\">&#8220;BRIE\u017dA P\u0112D\u0112J\u0100 NAKTS&#8221;, J\u0101nis Balodis un Noels Kano (LV\/AR)<\/a><\/p>\n<p>27. apr\u012bl\u012b 19.00 un 29. apr\u012bl\u012b 16.00 @Lademoen Kunstnerverksteder<\/p>\n<p>&#8220;Brie\u017ea p\u0113d\u0113j\u0101 nakts&#8221; ir J\u0101\u0146a Balo\u017ea un Noela Kano izr\u0101de \u2013 st\u0101sts par ce\u013cojumu un sadursmi ar briedi sniega v\u0113tras laik\u0101. Taj\u0101 skan br\u012bni\u0161\u0137\u012bga dz\u012bv\u0101 m\u016bzika, apvienojot te\u0101tra izr\u0101di ar dzejas las\u012bjumu. Tas ir dzejkoncerts ar izteiksm\u012bgu st\u0101stniec\u012bbu, kas noved pie kopistiskas dejas.<\/p>\n<p>Izr\u0101des veidot\u0101ji J\u0101nis Balodis un Noels Kano pirmo reizi satik\u0101s 2021. gada decembr\u012b, kad Noels no Amsterdamas ierad\u0101s Klaip\u0113d\u0101. J\u0101nis vi\u0146am aizbrauca pret\u012b uz Klaip\u0113das ostu, un jau pa tumsu abi ar ma\u0161\u012bnu dev\u0101s t\u0101l\u0101k uz R\u012bgu. Dr\u012bz p\u0113c izbrauk\u0161anas s\u0101k\u0101s sniegputenis, t\u0101p\u0113c J\u0101nis izv\u0113l\u0113j\u0101s braukt pa maz\u0101ku lauku ce\u013cu, kur notika sadursme ar briedi.<\/p>\n<p>&#8220;Izr\u0101des \u201cBrie\u017ea p\u0113d\u0113j\u0101 nakts\u201d pamat\u0101 ir st\u0101sts par k\u0101du decembra vakaru, kur\u0101 apmekl\u0113j\u0101m \u201cLidl\u201d, aizbrauc\u0101m uzpild\u012bt degvielu \u201cViada\u201d benz\u012bntank\u0101, kur satik\u0101m k\u0101du antropologu, notriec\u0101m briedi, iz\u0161\u0137aid\u012bj\u0101m galvaskausu, nota\u0161\u0137\u012bj\u0101mies ar asin\u012bm un f\u0113c\u0113m, b\u0113g\u0101m no su\u0146iem un gandr\u012bz netik\u0101m ielaisti taks\u012b. St\u0101sts par me\u017eiem, kas pilni ar cilv\u0113kiem un v\u0113l cilv\u0113cisk\u0101kiem gariem, kas tajos m\u012bt.&#8221;<\/p>\n<p>Izr\u0101de ir balst\u012bta uz neapmierin\u0101t\u012bbu ar m\u016bsu antropocentrisko pasaules uzskatu (=tic\u012bbu, ka cilv\u0113ks ir galven\u0101 vai vissvar\u012bg\u0101k\u0101 b\u016btne Visum\u0101). Izr\u0101de ved m\u016bs ce\u013cojum\u0101 starptelp\u0101 \u2013 starp cilv\u0113cisko un ne-cilv\u0113cisko. Darbu iedvesmojis antropologs Eduardo Kohns un vi\u0146a darbs \u201cK\u0101 dom\u0101 me\u017ei\u201d. \u0160is teksts cen\u0161as pier\u0101d\u012bt un izprast veidus, k\u0101dos notiek semiotiskais\/dom\u0101\u0161anas process \u0101rpus cilv\u0113ka vides.<\/p>","protected":false},"excerpt":{"rendered":"<p>&#8220;BRIE\u017dA P\u0112D\u0112J\u0100 NAKTS&#8221;, J\u0101nis Balodis un Noels Kano (LV\/AR) 27. apr\u012bl\u012b 19.00 un 29. apr\u012bl\u012b 16.00 @Lademoen Kunstnerverksteder &#8220;Brie\u017ea p\u0113d\u0113j\u0101 nakts&#8221; ir J\u0101\u0146a Balo\u017ea un Noela Kano izr\u0101de \u2013 st\u0101sts par ce\u013cojumu un sadursmi ar briedi sniega v\u0113tras laik\u0101. Taj\u0101 skan br\u012bni\u0161\u0137\u012bga dz\u012bv\u0101 m\u016bzika, apvienojot te\u0101tra izr\u0101di ar dzejas las\u012bjumu. Tas ir dzejkoncerts ar izteiksm\u012bgu [&hellip;]<\/p>\n","protected":false},"author":2,"featured_media":0,"parent":911,"menu_order":0,"comment_status":"closed","ping_status":"closed","template":"about_child.php","meta":{"inline_featured_image":false,"footnotes":""},"class_list":["post-941","page","type-page","status-publish","hentry"],"acf":{"featured_image":{"ID":942,"id":942,"title":"Noform\u0113jums bez nosaukuma (3)","filename":"Noformejums-bez-nosaukuma-3.png","filesize":1394612,"url":"https:\/\/the-shake-down.com\/wp-content\/uploads\/2023\/04\/Noformejums-bez-nosaukuma-3.png","link":"https:\/\/the-shake-down.com\/lv\/about\/the-shake-down-at-bastard\/the-last-night-of-the-deer\/noformejums-bez-nosaukuma-3\/","alt":"","author":"2","description":"","caption":"","name":"noformejums-bez-nosaukuma-3","status":"inherit","uploaded_to":941,"date":"2023-04-28 09:35:50","modified":"2023-04-28 14:33:13","menu_order":0,"mime_type":"image\/png","type":"image","subtype":"png","icon":"https:\/\/the-shake-down.com\/wp-includes\/images\/media\/default.png","width":1503,"height":1000,"sizes":{"thumbnail":"https:\/\/the-shake-down.com\/wp-content\/uploads\/2023\/04\/Noformejums-bez-nosaukuma-3-150x150.png","thumbnail-width":150,"thumbnail-height":150,"medium":"https:\/\/the-shake-down.com\/wp-content\/uploads\/2023\/04\/Noformejums-bez-nosaukuma-3-300x200.png","medium-width":300,"medium-height":200,"medium_large":"https:\/\/the-shake-down.com\/wp-content\/uploads\/2023\/04\/Noformejums-bez-nosaukuma-3.png","medium_large-width":768,"medium_large-height":511,"large":"https:\/\/the-shake-down.com\/wp-content\/uploads\/2023\/04\/Noformejums-bez-nosaukuma-3-1024x681.png","large-width":1024,"large-height":681,"1536x1536":"https:\/\/the-shake-down.com\/wp-content\/uploads\/2023\/04\/Noformejums-bez-nosaukuma-3.png","1536x1536-width":1503,"1536x1536-height":1000,"2048x2048":"https:\/\/the-shake-down.com\/wp-content\/uploads\/2023\/04\/Noformejums-bez-nosaukuma-3.png","2048x2048-width":1503,"2048x2048-height":1000}},"supporters":false},"_links":{"self":[{"href":"https:\/\/the-shake-down.com\/lv\/wp-json\/wp\/v2\/pages\/941","targetHints":{"allow":["GET"]}}],"collection":[{"href":"https:\/\/the-shake-down.com\/lv\/wp-json\/wp\/v2\/pages"}],"about":[{"href":"https:\/\/the-shake-down.com\/lv\/wp-json\/wp\/v2\/types\/page"}],"author":[{"embeddable":true,"href":"https:\/\/the-shake-down.com\/lv\/wp-json\/wp\/v2\/users\/2"}],"replies":[{"embeddable":true,"href":"https:\/\/the-shake-down.com\/lv\/wp-json\/wp\/v2\/comments?post=941"}],"version-history":[{"count":3,"href":"https:\/\/the-shake-down.com\/lv\/wp-json\/wp\/v2\/pages\/941\/revisions"}],"predecessor-version":[{"id":978,"href":"https:\/\/the-shake-down.com\/lv\/wp-json\/wp\/v2\/pages\/941\/revisions\/978"}],"up":[{"embeddable":true,"href":"https:\/\/the-shake-down.com\/lv\/wp-json\/wp\/v2\/pages\/911"}],"wp:attachment":[{"href":"https:\/\/the-shake-down.com\/lv\/wp-json\/wp\/v2\/media?parent=941"}],"curies":[{"name":"wp","href":"https:\/\/api.w.org\/{rel}","templated":true}]}}