{"id":945,"date":"2023-04-28T12:07:56","date_gmt":"2023-04-28T10:07:56","guid":{"rendered":"https:\/\/the-shake-down.com\/?page_id=945"},"modified":"2023-05-03T16:54:54","modified_gmt":"2023-05-03T14:54:54","slug":"the-inflatable-museum","status":"publish","type":"page","link":"https:\/\/the-shake-down.com\/lv\/about\/the-shake-down-at-bastard\/the-inflatable-museum\/","title":{"rendered":"Piep\u016b\u0161amais muzejs"},"content":{"rendered":"<p><a href=\"https:\/\/rosendalteater.no\/en\/program\/the-inflatable-museum\" rel=\"nofollow noopener\" target=\"_blank\">&#8220;PIEP\u016a\u0160AMAIS MUZEJS&#8221;, &#8220;JAM PUBLIC&#8221; (DK\/NO)<\/a><\/p>\n<p>29. apr\u012bl\u012b no 11:00, visas dienas garum\u0101, @Torvet<\/p>\n<div dir=\"auto\">&#8220;Piep\u016b\u0161amais muzejs&#8221; ir vienas dienas m\u0101kslas <em>hepenings <\/em>Tronheimas pils\u0113tas laukum\u0101 Torvet\u0101. Iepaz\u012bsti m\u0101kslas kolekciju un ieg\u0101d\u0101jies to muzeja veikali\u0146\u0101 ar VIPiem! Vienreiz\u0113js pied\u0101v\u0101jums! Pa\u0146em l\u012bdzi to, kas tev nepat\u012bk, pievieno kolekcijai jaunus m\u0101kslas darbus, ko pats var\u0113si izveidot uz vietas. Iegriez laimes ratu,\u00a0 satiec flamingo, izroc skulpt\u016bru, iedzer ar mums kafiju un ap\u0113d gabalu k\u016bkas! Vai tas b\u016bs haotiski? J\u0100! Vai m\u0101ksla sp\u0113j izgl\u0101bt cilv\u0113ci no izmir\u0161anas? Protams. \u0160is ir pagaidu muzejs, bet, lai tas turpin\u0101tos, mums esat nepiecie\u0161ami j\u016bs! Vai tu esi gatavs sadarboties?<\/div>\n<p>\u0160is b\u016bs \u012bsts piep\u016b\u0161amais muzejs, atv\u0113rts jebkuram gar\u0101mg\u0101j\u0113jam. Projekts ies\u0101k\u0101s ar ideju, ka m\u0101kslas pasaul\u0113 ir p\u0101r\u0101k maz humora un p\u0101r\u0101k daudz hierarhijas. L\u012bdz ar to \u2013 vi\u0146i izveidoja pa\u0161i savu muzeju! Pie velna atv\u0113rtos uzsaukumus \u2013 m\u0113s uzsaucam jums no atv\u0113rt\u0101m durv\u012bm! N\u0101c pal\u012bg\u0101, m\u0113s negribam atk\u0101rtot m\u016bsu vec\u0101ku k\u013c\u016bdas. Gribam ar tevi iepaz\u012bties!<\/p>\n<p>Starp citu, &#8220;Piep\u016b\u0161amais muzejs&#8221; ir &#8220;Jam Public&#8221; satel\u012btpas\u0101kums publisk\u0101s telpas piedz\u012bvojumiem Kristiansand\u0101 \u2013 mazpils\u0113t\u0101 Norv\u0113\u0123ijas dienvidu krast\u0101. Piep\u016b\u0161amais muzejs = m\u0101kslinieki, kas atguvu\u0161i kontroli un atrodas ce\u013c\u0101. Vai tas noz\u012bm\u0113, ka kontroles ir maz\u0101k?<\/p>","protected":false},"excerpt":{"rendered":"<p>&#8220;PIEP\u016a\u0160AMAIS MUZEJS&#8221;, &#8220;JAM PUBLIC&#8221; (DK\/NO) 29. apr\u012bl\u012b no 11:00, visas dienas garum\u0101, @Torvet &#8220;Piep\u016b\u0161amais muzejs&#8221; ir vienas dienas m\u0101kslas hepenings Tronheimas pils\u0113tas laukum\u0101 Torvet\u0101. Iepaz\u012bsti m\u0101kslas kolekciju un ieg\u0101d\u0101jies to muzeja veikali\u0146\u0101 ar VIPiem! Vienreiz\u0113js pied\u0101v\u0101jums! Pa\u0146em l\u012bdzi to, kas tev nepat\u012bk, pievieno kolekcijai jaunus m\u0101kslas darbus, ko pats var\u0113si izveidot uz vietas. Iegriez laimes [&hellip;]<\/p>\n","protected":false},"author":2,"featured_media":0,"parent":911,"menu_order":0,"comment_status":"closed","ping_status":"closed","template":"about_child.php","meta":{"inline_featured_image":false,"footnotes":""},"class_list":["post-945","page","type-page","status-publish","hentry"],"acf":{"featured_image":{"ID":947,"id":947,"title":"2","filename":"2.png","filesize":2148983,"url":"https:\/\/the-shake-down.com\/wp-content\/uploads\/2023\/04\/2.png","link":"https:\/\/the-shake-down.com\/lv\/about\/the-shake-down-at-bastard\/the-inflatable-museum\/attachment\/2\/","alt":"","author":"2","description":"","caption":"","name":"2","status":"inherit","uploaded_to":945,"date":"2023-04-28 10:05:46","modified":"2023-04-28 10:05:46","menu_order":0,"mime_type":"image\/png","type":"image","subtype":"png","icon":"https:\/\/the-shake-down.com\/wp-includes\/images\/media\/default.png","width":1503,"height":1000,"sizes":{"thumbnail":"https:\/\/the-shake-down.com\/wp-content\/uploads\/2023\/04\/2-150x150.png","thumbnail-width":150,"thumbnail-height":150,"medium":"https:\/\/the-shake-down.com\/wp-content\/uploads\/2023\/04\/2-300x200.png","medium-width":300,"medium-height":200,"medium_large":"https:\/\/the-shake-down.com\/wp-content\/uploads\/2023\/04\/2.png","medium_large-width":768,"medium_large-height":511,"large":"https:\/\/the-shake-down.com\/wp-content\/uploads\/2023\/04\/2-1024x681.png","large-width":1024,"large-height":681,"1536x1536":"https:\/\/the-shake-down.com\/wp-content\/uploads\/2023\/04\/2.png","1536x1536-width":1503,"1536x1536-height":1000,"2048x2048":"https:\/\/the-shake-down.com\/wp-content\/uploads\/2023\/04\/2.png","2048x2048-width":1503,"2048x2048-height":1000}},"supporters":false},"_links":{"self":[{"href":"https:\/\/the-shake-down.com\/lv\/wp-json\/wp\/v2\/pages\/945","targetHints":{"allow":["GET"]}}],"collection":[{"href":"https:\/\/the-shake-down.com\/lv\/wp-json\/wp\/v2\/pages"}],"about":[{"href":"https:\/\/the-shake-down.com\/lv\/wp-json\/wp\/v2\/types\/page"}],"author":[{"embeddable":true,"href":"https:\/\/the-shake-down.com\/lv\/wp-json\/wp\/v2\/users\/2"}],"replies":[{"embeddable":true,"href":"https:\/\/the-shake-down.com\/lv\/wp-json\/wp\/v2\/comments?post=945"}],"version-history":[{"count":3,"href":"https:\/\/the-shake-down.com\/lv\/wp-json\/wp\/v2\/pages\/945\/revisions"}],"predecessor-version":[{"id":977,"href":"https:\/\/the-shake-down.com\/lv\/wp-json\/wp\/v2\/pages\/945\/revisions\/977"}],"up":[{"embeddable":true,"href":"https:\/\/the-shake-down.com\/lv\/wp-json\/wp\/v2\/pages\/911"}],"wp:attachment":[{"href":"https:\/\/the-shake-down.com\/lv\/wp-json\/wp\/v2\/media?parent=945"}],"curies":[{"name":"wp","href":"https:\/\/api.w.org\/{rel}","templated":true}]}}