{"id":954,"date":"2023-04-28T12:12:09","date_gmt":"2023-04-28T10:12:09","guid":{"rendered":"https:\/\/the-shake-down.com\/?page_id=954"},"modified":"2023-05-03T16:09:52","modified_gmt":"2023-05-03T14:09:52","slug":"ladies","status":"publish","type":"page","link":"https:\/\/the-shake-down.com\/lv\/about\/the-shake-down-at-bastard\/ladies\/","title":{"rendered":"L\u0113dijas"},"content":{"rendered":"<p><a href=\"https:\/\/rosendalteater.no\/en\/program\/ladies\" rel=\"nofollow noopener\" target=\"_blank\">&#8220;L\u0112DIJAS&#8221;, Lina Lapelyt\u0117 (LT\/UK)<\/a><\/p>\n<p>29. apr\u012bl\u012b 13.00 un 15.00 @Kunsthall Trondheim<\/p>\n<p>&#8220;L\u0113dijas&#8221; aicina apbr\u012bnot \u010detru sievie\u0161u prasmes, vecumu, pieredzi un kult\u016bras mantojumu. \u0160aj\u0101 performanc\u0113 vi\u0146as tiek p\u0101rceltas uz skatuves prosc\u0113niju, m\u0101ksliniec\u0113m un skat\u012bt\u0101jiem \u013caujot uz mirkli sapl\u016bst p\u0101rlaic\u012bg\u0101 st\u0101vokl\u012b.<\/p>\n<p>&#8220;L\u0113diju&#8221; sast\u0101v\u0101 ir Violeta, Nijole, Danute un Judita. Vi\u0146as jau vair\u0101k nek\u0101 30 gadus sp\u0113l\u0113 kankles (horizont\u0101lo arfu) Nacion\u0101laj\u0101 Dziesmu un deju ansambl\u012b &#8220;Lietuva&#8221;.<\/p>\n<p>&#8220;Lietuva&#8221; ir valsts finans\u0113ta strukt\u016bra, kas sast\u0101v no dzied\u0101t\u0101jiem, dejot\u0101jiem un tradicion\u0101lo instrumentu or\u0137estra. Apg\u016bt\u0101s skatuves manieres ir b\u016btiski darba vizu\u0101lie aspekti, \u010detr;am sieviet\u0113m ilgsto\u0161i sp\u0113l\u0113jot monotonu ska\u0146u bloku. Sinhroniz\u0113ta roku darb\u012bba un mirgojo\u0161\u0101s gaismas raisa asoci\u0101cijas ar dejas izr\u0101di vai smagu darbu r\u016bpn\u012bc\u0101.<\/p>\n<p>P.S. Performance ir bez teksta, un to var piedz\u012bvot ikviens \u2013 neatkar\u012bgi no valodu zin\u0101\u0161an\u0101m.<\/p>","protected":false},"excerpt":{"rendered":"<p>&#8220;L\u0112DIJAS&#8221;, Lina Lapelyt\u0117 (LT\/UK) 29. apr\u012bl\u012b 13.00 un 15.00 @Kunsthall Trondheim &#8220;L\u0113dijas&#8221; aicina apbr\u012bnot \u010detru sievie\u0161u prasmes, vecumu, pieredzi un kult\u016bras mantojumu. \u0160aj\u0101 performanc\u0113 vi\u0146as tiek p\u0101rceltas uz skatuves prosc\u0113niju, m\u0101ksliniec\u0113m un skat\u012bt\u0101jiem \u013caujot uz mirkli sapl\u016bst p\u0101rlaic\u012bg\u0101 st\u0101vokl\u012b. &#8220;L\u0113diju&#8221; sast\u0101v\u0101 ir Violeta, Nijole, Danute un Judita. Vi\u0146as jau vair\u0101k nek\u0101 30 gadus sp\u0113l\u0113 kankles [&hellip;]<\/p>\n","protected":false},"author":2,"featured_media":0,"parent":911,"menu_order":0,"comment_status":"closed","ping_status":"closed","template":"about_child.php","meta":{"inline_featured_image":false,"footnotes":""},"class_list":["post-954","page","type-page","status-publish","hentry"],"acf":{"featured_image":{"ID":955,"id":955,"title":"4","filename":"4.png","filesize":964485,"url":"https:\/\/the-shake-down.com\/wp-content\/uploads\/2023\/04\/4.png","link":"https:\/\/the-shake-down.com\/lv\/about\/the-shake-down-at-bastard\/ladies\/attachment\/4\/","alt":"","author":"2","description":"","caption":"","name":"4","status":"inherit","uploaded_to":954,"date":"2023-04-28 10:11:30","modified":"2023-04-28 10:11:30","menu_order":0,"mime_type":"image\/png","type":"image","subtype":"png","icon":"https:\/\/the-shake-down.com\/wp-includes\/images\/media\/default.png","width":1503,"height":1000,"sizes":{"thumbnail":"https:\/\/the-shake-down.com\/wp-content\/uploads\/2023\/04\/4-150x150.png","thumbnail-width":150,"thumbnail-height":150,"medium":"https:\/\/the-shake-down.com\/wp-content\/uploads\/2023\/04\/4-300x200.png","medium-width":300,"medium-height":200,"medium_large":"https:\/\/the-shake-down.com\/wp-content\/uploads\/2023\/04\/4.png","medium_large-width":768,"medium_large-height":511,"large":"https:\/\/the-shake-down.com\/wp-content\/uploads\/2023\/04\/4-1024x681.png","large-width":1024,"large-height":681,"1536x1536":"https:\/\/the-shake-down.com\/wp-content\/uploads\/2023\/04\/4.png","1536x1536-width":1503,"1536x1536-height":1000,"2048x2048":"https:\/\/the-shake-down.com\/wp-content\/uploads\/2023\/04\/4.png","2048x2048-width":1503,"2048x2048-height":1000}},"supporters":false},"_links":{"self":[{"href":"https:\/\/the-shake-down.com\/lv\/wp-json\/wp\/v2\/pages\/954","targetHints":{"allow":["GET"]}}],"collection":[{"href":"https:\/\/the-shake-down.com\/lv\/wp-json\/wp\/v2\/pages"}],"about":[{"href":"https:\/\/the-shake-down.com\/lv\/wp-json\/wp\/v2\/types\/page"}],"author":[{"embeddable":true,"href":"https:\/\/the-shake-down.com\/lv\/wp-json\/wp\/v2\/users\/2"}],"replies":[{"embeddable":true,"href":"https:\/\/the-shake-down.com\/lv\/wp-json\/wp\/v2\/comments?post=954"}],"version-history":[{"count":2,"href":"https:\/\/the-shake-down.com\/lv\/wp-json\/wp\/v2\/pages\/954\/revisions"}],"predecessor-version":[{"id":963,"href":"https:\/\/the-shake-down.com\/lv\/wp-json\/wp\/v2\/pages\/954\/revisions\/963"}],"up":[{"embeddable":true,"href":"https:\/\/the-shake-down.com\/lv\/wp-json\/wp\/v2\/pages\/911"}],"wp:attachment":[{"href":"https:\/\/the-shake-down.com\/lv\/wp-json\/wp\/v2\/media?parent=954"}],"curies":[{"name":"wp","href":"https:\/\/api.w.org\/{rel}","templated":true}]}}